{"id":7539,"date":"2013-05-22T05:15:09","date_gmt":"2013-05-22T05:15:09","guid":{"rendered":"http:\/\/www.spsressources.ch\/wordpress\/?page_id=7539"},"modified":"2014-03-04T13:44:56","modified_gmt":"2014-03-04T13:44:56","slug":"les-proprietes-des-quadrilatere","status":"publish","type":"page","link":"https:\/\/www.spsressources.ch\/wordpress\/?page_id=7539","title":{"rendered":"Les propri\u00e9t\u00e9s des quadrilat\u00e8res"},"content":{"rendered":"<p>Les supports ci-dessous ont \u00e9t\u00e9 con\u00e7us pour aider l&rsquo;enfant \u00e0 m\u00e9moriser et \u00e0 se repr\u00e9senter les diff\u00e9rents quadrilat\u00e8res ainsi que leurs propri\u00e9t\u00e9s.<\/p>\n<p>&nbsp;<\/p>\n<p><a href=\"http:\/\/www.spsressources.ch\/wordpress\/wp-content\/uploads\/2013\/05\/Quadrilat%C3%A8re-le-carr%C3%A91.pdf\"><img loading=\"lazy\" decoding=\"async\" class=\"aligncenter\" title=\"Image 14\" src=\"http:\/\/www.spsressources.ch\/wordpress\/wp-content\/uploads\/2013\/05\/Image-141-206x300.png\" alt=\"\" width=\"206\" height=\"300\" \/><\/a><\/p>\n<p style=\"text-align: center;\"><span style=\"text-decoration: underline;\"><span style=\"color: #800080;\"><a href=\"http:\/\/www.spsressources.ch\/wordpress\/wp-content\/uploads\/2013\/05\/Quadrilat\u00e8re-le-carr\u00e91.pdf\"><span style=\"color: #800080; text-decoration: underline;\">le carr\u00e9<\/span><\/a><\/span><\/span><\/p>\n<p style=\"text-align: center;\"><a href=\"http:\/\/www.spsressources.ch\/wordpress\/wp-content\/uploads\/2013\/05\/Quadrilat%C3%A8re-le-rectangle1.pdf\"><img loading=\"lazy\" decoding=\"async\" title=\"Image 12\" src=\"http:\/\/www.spsressources.ch\/wordpress\/wp-content\/uploads\/2013\/05\/Image-122-208x300.png\" alt=\"\" width=\"208\" height=\"300\" \/><\/a><\/p>\n<p style=\"text-align: center;\"><span style=\"text-decoration: underline;\"><span style=\"color: #800080;\"><a href=\"http:\/\/www.spsressources.ch\/wordpress\/wp-content\/uploads\/2013\/05\/Quadrilat\u00e8re-le-rectangle1.pdf\"><span style=\"color: #800080; text-decoration: underline;\">le rectangle<\/span><\/a><\/span><\/span><a href=\"http:\/\/www.spsressources.ch\/wordpress\/wp-content\/uploads\/2013\/05\/Image-9.png\"><br \/>\n<\/a><\/p>\n<p style=\"text-align: center;\"><a href=\"http:\/\/www.spsressources.ch\/wordpress\/wp-content\/uploads\/2013\/05\/le-losange1.pdf\"><img loading=\"lazy\" decoding=\"async\" class=\"alignnone size-medium wp-image-7566\" title=\"Image 8\" src=\"http:\/\/www.spsressources.ch\/wordpress\/wp-content\/uploads\/2013\/05\/Image-81-211x300.png\" alt=\"\" width=\"211\" height=\"300\" srcset=\"https:\/\/www.spsressources.ch\/wordpress\/wp-content\/uploads\/2013\/05\/Image-81-211x300.png 211w, https:\/\/www.spsressources.ch\/wordpress\/wp-content\/uploads\/2013\/05\/Image-81.png 389w\" sizes=\"auto, (max-width: 211px) 100vw, 211px\" \/><\/a><\/p>\n<p style=\"text-align: center;\"><span style=\"text-decoration: underline;\"><span style=\"color: #800080;\"><a href=\"http:\/\/www.spsressources.ch\/wordpress\/wp-content\/uploads\/2013\/05\/le-losange1.pdf\"><span style=\"color: #800080; text-decoration: underline;\">le losange<\/span><\/a><\/span><\/span><a href=\"http:\/\/www.spsressources.ch\/wordpress\/wp-content\/uploads\/2013\/05\/Quadrilat%C3%A8re-le-cerf-volant-et-fer-de-lance2.pdf\"><img loading=\"lazy\" decoding=\"async\" class=\"size-medium wp-image-7563 aligncenter\" title=\"Image 10\" src=\"http:\/\/www.spsressources.ch\/wordpress\/wp-content\/uploads\/2013\/05\/Image-101-209x300.png\" alt=\"\" width=\"209\" height=\"300\" srcset=\"https:\/\/www.spsressources.ch\/wordpress\/wp-content\/uploads\/2013\/05\/Image-101-209x300.png 209w, https:\/\/www.spsressources.ch\/wordpress\/wp-content\/uploads\/2013\/05\/Image-101.png 391w\" sizes=\"auto, (max-width: 209px) 100vw, 209px\" \/><\/a><span style=\"text-decoration: underline;\"><span style=\"color: #800080;\"><a href=\"http:\/\/www.spsressources.ch\/wordpress\/wp-content\/uploads\/2013\/05\/Quadrilat\u00e8re-le-cerf-volant-et-fer-de-lance2.pdf\"><span style=\"color: #800080; text-decoration: underline;\">le cerf volant et fer de lance<\/span><\/a><\/span><\/span><\/p>\n<p>&nbsp;<\/p>\n<p style=\"text-align: center;\"><a href=\"http:\/\/www.spsressources.ch\/wordpress\/wp-content\/uploads\/2013\/05\/Quadrilat%C3%A8re-le-parall%C3%A9logramme1.pdf\"><img loading=\"lazy\" decoding=\"async\" class=\"alignnone size-medium wp-image-7569\" title=\"Image 11\" src=\"http:\/\/www.spsressources.ch\/wordpress\/wp-content\/uploads\/2013\/05\/Image-111-212x300.png\" alt=\"\" width=\"212\" height=\"300\" srcset=\"https:\/\/www.spsressources.ch\/wordpress\/wp-content\/uploads\/2013\/05\/Image-111-212x300.png 212w, https:\/\/www.spsressources.ch\/wordpress\/wp-content\/uploads\/2013\/05\/Image-111.png 395w\" sizes=\"auto, (max-width: 212px) 100vw, 212px\" \/><\/a><\/p>\n<p style=\"text-align: center;\"><span style=\"text-decoration: underline;\"><span style=\"color: #800080;\"><a href=\"http:\/\/www.spsressources.ch\/wordpress\/wp-content\/uploads\/2013\/05\/Quadrilat\u00e8re-le-parall\u00e9logramme1.pdf\"><span style=\"color: #800080; text-decoration: underline;\">le parall\u00e9logramme<\/span><\/a><\/span><\/span><\/p>\n<p>&nbsp;<\/p>\n<p style=\"text-align: center;\"><a href=\"http:\/\/www.spsressources.ch\/wordpress\/wp-content\/uploads\/2013\/05\/Image-122.png\"><br \/>\n<\/a><\/p>\n<p><a href=\"http:\/\/www.spsressources.ch\/wordpress\/wp-content\/uploads\/2013\/05\/Quadrilat%C3%A8re-le-trap%C3%A8ze1.pdf\"><img loading=\"lazy\" decoding=\"async\" class=\"size-medium wp-image-7578 aligncenter\" title=\"Image 15\" src=\"http:\/\/www.spsressources.ch\/wordpress\/wp-content\/uploads\/2013\/05\/Image-151-208x300.png\" alt=\"\" width=\"208\" height=\"300\" srcset=\"https:\/\/www.spsressources.ch\/wordpress\/wp-content\/uploads\/2013\/05\/Image-151-208x300.png 208w, https:\/\/www.spsressources.ch\/wordpress\/wp-content\/uploads\/2013\/05\/Image-151.png 389w\" sizes=\"auto, (max-width: 208px) 100vw, 208px\" \/><\/a><\/p>\n<blockquote>\n<p style=\"text-align: center;\"><span style=\"text-decoration: underline;\"><span style=\"color: #800080;\">\u00a0<a href=\"http:\/\/www.spsressources.ch\/wordpress\/wp-content\/uploads\/2013\/05\/Quadrilat\u00e8re-le-trap\u00e8ze1.pdf\"><span style=\"color: #800080; text-decoration: underline;\">le trap\u00e8ze<\/span><\/a><\/span><\/span><\/p>\n<p><a href=\"http:\/\/www.spsressources.ch\/wordpress\/wp-content\/uploads\/2013\/05\/Quadrilat\u00e8re-le-carr\u00e91.pdf\"><br \/>\n<\/a><\/p><\/blockquote>\n<p>&nbsp;<\/p>\n<p style=\"text-align: center;\"><a href=\"http:\/\/www.spsressources.ch\/wordpress\/wp-content\/uploads\/2013\/05\/Quadrilat%C3%A8re-le-trap%C3%A8ze-iso%C3%A8le1.pdf\"><img loading=\"lazy\" decoding=\"async\" class=\"alignnone size-medium wp-image-7582\" title=\"Image 16\" src=\"http:\/\/www.spsressources.ch\/wordpress\/wp-content\/uploads\/2013\/05\/Image-161-211x300.png\" alt=\"\" width=\"211\" height=\"300\" srcset=\"https:\/\/www.spsressources.ch\/wordpress\/wp-content\/uploads\/2013\/05\/Image-161-211x300.png 211w, https:\/\/www.spsressources.ch\/wordpress\/wp-content\/uploads\/2013\/05\/Image-161.png 389w\" sizes=\"auto, (max-width: 211px) 100vw, 211px\" \/><\/a><\/p>\n<p>&nbsp;<\/p>\n<p>&nbsp;<\/p>\n<p style=\"text-align: center;\"><span style=\"text-decoration: underline;\"><span style=\"color: #800080;\"><a href=\"http:\/\/www.spsressources.ch\/wordpress\/wp-content\/uploads\/2013\/05\/Quadrilat\u00e8re-le-trap\u00e8ze-iso\u00e8le1.pdf\"><span style=\"color: #800080; text-decoration: underline;\">le trap\u00e8ze iso\u00e8le<\/span><\/a><\/span><\/span><\/p>\n<p style=\"text-align: center;\"><a href=\"http:\/\/www.spsressources.ch\/wordpress\/wp-content\/uploads\/2013\/05\/Quadrilat\u00e8re-rectangle2.pdf\">\u00a0<\/a><a href=\"http:\/\/www.spsressources.ch\/wordpress\/wp-content\/uploads\/2013\/05\/Image-172.png\"><img loading=\"lazy\" decoding=\"async\" class=\"size-medium wp-image-7587 aligncenter\" title=\"Image 17\" src=\"http:\/\/www.spsressources.ch\/wordpress\/wp-content\/uploads\/2013\/05\/Image-172-200x300.png\" alt=\"\" width=\"200\" height=\"300\" srcset=\"https:\/\/www.spsressources.ch\/wordpress\/wp-content\/uploads\/2013\/05\/Image-172-200x300.png 200w, https:\/\/www.spsressources.ch\/wordpress\/wp-content\/uploads\/2013\/05\/Image-172.png 373w\" sizes=\"auto, (max-width: 200px) 100vw, 200px\" \/><\/a><span style=\"text-decoration: underline;\"><span style=\"color: #800080;\"><a href=\"http:\/\/www.spsressources.ch\/wordpress\/wp-content\/uploads\/2013\/05\/Quadrilat\u00e8re-rectangle2.pdf\"><span style=\"color: #800080; text-decoration: underline;\">trap\u00e8ze rectangle<\/span><\/a><\/span><\/span><a href=\"http:\/\/www.spsressources.ch\/wordpress\/wp-content\/uploads\/2013\/05\/Image-141.png\"><br \/>\n<\/a><\/p>\n<p>&nbsp;<\/p>\n<p>L&rsquo;enfant peut d\u00e9couper la forme et la plier pour v\u00e9rifier qu&rsquo;en pliant sur l&rsquo;axe de sym\u00e9trie, la forme se replie exactement sur elle-m\u00eame !<\/p>\n<p>&nbsp;<\/p>\n<p>&nbsp;<\/p>\n<p>&nbsp;<\/p>\n<p><img loading=\"lazy\" decoding=\"async\" title=\"Image 10\" src=\"http:\/\/www.spsressources.ch\/wordpress\/wp-content\/uploads\/2013\/05\/Image-102.png\" alt=\"\" width=\"105\" height=\"104\" \/><span class=\"Apple-style-span\" style=\"color: #000000; font-family: Georgia, 'Times New Roman', 'Bitstream Charter', Times, serif; font-size: 12px; line-height: 18px;\"><img loading=\"lazy\" decoding=\"async\" title=\"Image 11\" src=\"http:\/\/www.spsressources.ch\/wordpress\/wp-content\/uploads\/2013\/05\/Image-112.png\" alt=\"\" width=\"97\" height=\"93\" \/><\/span><\/p>\n<p>&nbsp;<\/p>\n<p>Ici on a pli\u00e9 le rectangle par exemple sur l&rsquo;un de ses axes de sym\u00e9trie !<\/p>\n<p><span style=\"font-size: small;\"><span class=\"Apple-style-span\" style=\"line-height: 24px;\"><br \/>\n<\/span><\/span><\/p>\n","protected":false},"excerpt":{"rendered":"<p>Les supports ci-dessous ont \u00e9t\u00e9 con\u00e7us pour aider l&rsquo;enfant \u00e0 m\u00e9moriser et \u00e0 se repr\u00e9senter les diff\u00e9rents quadrilat\u00e8res ainsi que leurs propri\u00e9t\u00e9s. &nbsp; le carr\u00e9 le rectangle le losangele cerf volant et fer de lance &nbsp; le parall\u00e9logramme &nbsp; \u00a0le &hellip; <a href=\"https:\/\/www.spsressources.ch\/wordpress\/?page_id=7539\">Continuer la lecture <span class=\"meta-nav\">&rarr;<\/span><\/a><\/p>\n","protected":false},"author":3472,"featured_media":0,"parent":7646,"menu_order":0,"comment_status":"open","ping_status":"closed","template":"","meta":{"footnotes":""},"class_list":["post-7539","page","type-page","status-publish","hentry"],"_links":{"self":[{"href":"https:\/\/www.spsressources.ch\/wordpress\/index.php?rest_route=\/wp\/v2\/pages\/7539","targetHints":{"allow":["GET"]}}],"collection":[{"href":"https:\/\/www.spsressources.ch\/wordpress\/index.php?rest_route=\/wp\/v2\/pages"}],"about":[{"href":"https:\/\/www.spsressources.ch\/wordpress\/index.php?rest_route=\/wp\/v2\/types\/page"}],"author":[{"embeddable":true,"href":"https:\/\/www.spsressources.ch\/wordpress\/index.php?rest_route=\/wp\/v2\/users\/3472"}],"replies":[{"embeddable":true,"href":"https:\/\/www.spsressources.ch\/wordpress\/index.php?rest_route=%2Fwp%2Fv2%2Fcomments&post=7539"}],"version-history":[{"count":33,"href":"https:\/\/www.spsressources.ch\/wordpress\/index.php?rest_route=\/wp\/v2\/pages\/7539\/revisions"}],"predecessor-version":[{"id":7557,"href":"https:\/\/www.spsressources.ch\/wordpress\/index.php?rest_route=\/wp\/v2\/pages\/7539\/revisions\/7557"}],"up":[{"embeddable":true,"href":"https:\/\/www.spsressources.ch\/wordpress\/index.php?rest_route=\/wp\/v2\/pages\/7646"}],"wp:attachment":[{"href":"https:\/\/www.spsressources.ch\/wordpress\/index.php?rest_route=%2Fwp%2Fv2%2Fmedia&parent=7539"}],"curies":[{"name":"wp","href":"https:\/\/api.w.org\/{rel}","templated":true}]}}