{"id":753,"date":"2011-10-26T19:36:04","date_gmt":"2011-10-26T19:36:04","guid":{"rendered":"http:\/\/www.vallelian.net\/sps\/wordpress\/?page_id=753"},"modified":"2014-03-07T10:18:03","modified_gmt":"2014-03-07T10:18:03","slug":"differents-outils-presentes-par-mme-m-cerisier-pouhet-ergotherapeute","status":"publish","type":"page","link":"https:\/\/www.spsressources.ch\/wordpress\/?page_id=753","title":{"rendered":"\u00ab\u00a0Outils pour faciliter les activit\u00e9s scolaires\u00a0\u00bb"},"content":{"rendered":"<p style=\"text-align: left;\"><span class=\"Apple-style-span\" style=\"color: #000000; font-weight: bold;\"><span style=\"color: #000000;\">Des outils pour faciliter les activit\u00e9s\u00a0scolaires d&rsquo;\u00e9l\u00e8ves pr\u00e9sentant un handicap\u00a0moteur, des difficult\u00e9s d&rsquo;organisation\u00a0gestuelle et\/ou neurovisuelles ont \u00e9t\u00e9 r\u00e9unis dans cette excellente brochure.<\/span><\/span><\/p>\n<p>de Mich\u00e8le Cerisier-Pouhet,\u00a0Ergoth\u00e9rapeute\u00a0D\u00e9cembre 2008<\/p>\n<p style=\"text-align: center;\"><span style=\"text-decoration: underline;\"><span style=\"color: #800080;\"><a href=\"http:\/\/www.coridys.asso.fr\/pages\/Aide_enfants\/outilsfacilitateur.pdf\" target=\"_blank\"><span style=\"color: #800080; text-decoration: underline;\">\u00a0Cliquez\u00a0ici\u00a0pour ouvrir le document<\/span><\/a><\/span><\/span><\/p>\n<p><img loading=\"lazy\" decoding=\"async\" class=\"aligncenter size-full wp-image-823\" title=\"Image 21\" src=\"http:\/\/www.vallelian.net\/sps\/wordpress\/wp-content\/uploads\/2011\/10\/Image-21.png\" alt=\"\" width=\"198\" height=\"268\" srcset=\"https:\/\/www.spsressources.ch\/wordpress\/wp-content\/uploads\/2011\/10\/Image-21.png 433w, https:\/\/www.spsressources.ch\/wordpress\/wp-content\/uploads\/2011\/10\/Image-21-222x300.png 222w\" sizes=\"auto, (max-width: 198px) 100vw, 198px\" \/><\/p>\n<p>&nbsp;<\/p>\n","protected":false},"excerpt":{"rendered":"<p>Des outils pour faciliter les activit\u00e9s\u00a0scolaires d&rsquo;\u00e9l\u00e8ves pr\u00e9sentant un handicap\u00a0moteur, des difficult\u00e9s d&rsquo;organisation\u00a0gestuelle et\/ou neurovisuelles ont \u00e9t\u00e9 r\u00e9unis dans cette excellente brochure. de Mich\u00e8le Cerisier-Pouhet,\u00a0Ergoth\u00e9rapeute\u00a0D\u00e9cembre 2008 \u00a0Cliquez\u00a0ici\u00a0pour ouvrir le document &nbsp;<\/p>\n","protected":false},"author":3472,"featured_media":0,"parent":630,"menu_order":1,"comment_status":"open","ping_status":"closed","template":"","meta":{"footnotes":""},"class_list":["post-753","page","type-page","status-publish","hentry"],"_links":{"self":[{"href":"https:\/\/www.spsressources.ch\/wordpress\/index.php?rest_route=\/wp\/v2\/pages\/753","targetHints":{"allow":["GET"]}}],"collection":[{"href":"https:\/\/www.spsressources.ch\/wordpress\/index.php?rest_route=\/wp\/v2\/pages"}],"about":[{"href":"https:\/\/www.spsressources.ch\/wordpress\/index.php?rest_route=\/wp\/v2\/types\/page"}],"author":[{"embeddable":true,"href":"https:\/\/www.spsressources.ch\/wordpress\/index.php?rest_route=\/wp\/v2\/users\/3472"}],"replies":[{"embeddable":true,"href":"https:\/\/www.spsressources.ch\/wordpress\/index.php?rest_route=%2Fwp%2Fv2%2Fcomments&post=753"}],"version-history":[{"count":17,"href":"https:\/\/www.spsressources.ch\/wordpress\/index.php?rest_route=\/wp\/v2\/pages\/753\/revisions"}],"predecessor-version":[{"id":756,"href":"https:\/\/www.spsressources.ch\/wordpress\/index.php?rest_route=\/wp\/v2\/pages\/753\/revisions\/756"}],"up":[{"embeddable":true,"href":"https:\/\/www.spsressources.ch\/wordpress\/index.php?rest_route=\/wp\/v2\/pages\/630"}],"wp:attachment":[{"href":"https:\/\/www.spsressources.ch\/wordpress\/index.php?rest_route=%2Fwp%2Fv2%2Fmedia&parent=753"}],"curies":[{"name":"wp","href":"https:\/\/api.w.org\/{rel}","templated":true}]}}