{"id":7481,"date":"2013-05-02T08:46:34","date_gmt":"2013-05-02T08:46:34","guid":{"rendered":"http:\/\/www.spsressources.ch\/wordpress\/?page_id=7481"},"modified":"2014-04-04T12:41:42","modified_gmt":"2014-04-04T12:41:42","slug":"les-emotions","status":"publish","type":"page","link":"https:\/\/www.spsressources.ch\/wordpress\/?page_id=7481","title":{"rendered":"Les \u00e9motions"},"content":{"rendered":"<p>Jeu permettant de raconter une situation dans laquelle l&rsquo;enfant a v\u00e9cu une \u00e9motion particuli\u00e8re (peur, joie,&#8230;) ou de mimer une \u00e9motion !<\/p>\n<p><a href=\"http:\/\/www.spsressources.ch\/wordpress\/wp-content\/uploads\/2013\/05\/Image-11.png\"><img loading=\"lazy\" decoding=\"async\" class=\"size-medium wp-image-7491 aligncenter\" title=\"Image 11\" src=\"http:\/\/www.spsressources.ch\/wordpress\/wp-content\/uploads\/2013\/05\/Image-11-300x195.png\" alt=\"\" width=\"300\" height=\"195\" srcset=\"https:\/\/www.spsressources.ch\/wordpress\/wp-content\/uploads\/2013\/05\/Image-11-300x195.png 300w, https:\/\/www.spsressources.ch\/wordpress\/wp-content\/uploads\/2013\/05\/Image-11-1024x667.png 1024w, https:\/\/www.spsressources.ch\/wordpress\/wp-content\/uploads\/2013\/05\/Image-11.png 1118w\" sizes=\"auto, (max-width: 300px) 100vw, 300px\" \/><\/a><\/p>\n<p><a href=\"http:\/\/www.spsressources.ch\/wordpress\/wp-content\/uploads\/2013\/05\/Image-10.png\"><img loading=\"lazy\" decoding=\"async\" class=\"size-medium wp-image-7488 aligncenter\" title=\"Image 10\" src=\"http:\/\/www.spsressources.ch\/wordpress\/wp-content\/uploads\/2013\/05\/Image-10-300x88.png\" alt=\"\" width=\"300\" height=\"88\" srcset=\"https:\/\/www.spsressources.ch\/wordpress\/wp-content\/uploads\/2013\/05\/Image-10-300x88.png 300w, https:\/\/www.spsressources.ch\/wordpress\/wp-content\/uploads\/2013\/05\/Image-10-1024x301.png 1024w, https:\/\/www.spsressources.ch\/wordpress\/wp-content\/uploads\/2013\/05\/Image-10.png 1133w\" sizes=\"auto, (max-width: 300px) 100vw, 300px\" \/><\/a><\/p>\n<p><a href=\"http:\/\/www.spsressources.ch\/wordpress\/wp-content\/uploads\/2013\/05\/Image-12.png\"><img loading=\"lazy\" decoding=\"async\" class=\"size-medium wp-image-7493 aligncenter\" title=\"Image 12\" src=\"http:\/\/www.spsressources.ch\/wordpress\/wp-content\/uploads\/2013\/05\/Image-12-300x235.png\" alt=\"\" width=\"300\" height=\"235\" srcset=\"https:\/\/www.spsressources.ch\/wordpress\/wp-content\/uploads\/2013\/05\/Image-12-300x235.png 300w, https:\/\/www.spsressources.ch\/wordpress\/wp-content\/uploads\/2013\/05\/Image-12.png 838w\" sizes=\"auto, (max-width: 300px) 100vw, 300px\" \/><\/a><\/p>\n","protected":false},"excerpt":{"rendered":"<p>Jeu permettant de raconter une situation dans laquelle l&rsquo;enfant a v\u00e9cu une \u00e9motion particuli\u00e8re (peur, joie,&#8230;) ou de mimer une \u00e9motion !<\/p>\n","protected":false},"author":3472,"featured_media":0,"parent":11253,"menu_order":0,"comment_status":"open","ping_status":"closed","template":"","meta":{"footnotes":""},"class_list":["post-7481","page","type-page","status-publish","hentry"],"_links":{"self":[{"href":"https:\/\/www.spsressources.ch\/wordpress\/index.php?rest_route=\/wp\/v2\/pages\/7481","targetHints":{"allow":["GET"]}}],"collection":[{"href":"https:\/\/www.spsressources.ch\/wordpress\/index.php?rest_route=\/wp\/v2\/pages"}],"about":[{"href":"https:\/\/www.spsressources.ch\/wordpress\/index.php?rest_route=\/wp\/v2\/types\/page"}],"author":[{"embeddable":true,"href":"https:\/\/www.spsressources.ch\/wordpress\/index.php?rest_route=\/wp\/v2\/users\/3472"}],"replies":[{"embeddable":true,"href":"https:\/\/www.spsressources.ch\/wordpress\/index.php?rest_route=%2Fwp%2Fv2%2Fcomments&post=7481"}],"version-history":[{"count":6,"href":"https:\/\/www.spsressources.ch\/wordpress\/index.php?rest_route=\/wp\/v2\/pages\/7481\/revisions"}],"predecessor-version":[{"id":7492,"href":"https:\/\/www.spsressources.ch\/wordpress\/index.php?rest_route=\/wp\/v2\/pages\/7481\/revisions\/7492"}],"up":[{"embeddable":true,"href":"https:\/\/www.spsressources.ch\/wordpress\/index.php?rest_route=\/wp\/v2\/pages\/11253"}],"wp:attachment":[{"href":"https:\/\/www.spsressources.ch\/wordpress\/index.php?rest_route=%2Fwp%2Fv2%2Fmedia&parent=7481"}],"curies":[{"name":"wp","href":"https:\/\/api.w.org\/{rel}","templated":true}]}}