{"id":7219,"date":"2013-03-04T14:03:31","date_gmt":"2013-03-04T14:03:31","guid":{"rendered":"http:\/\/www.spsressources.ch\/wordpress\/?page_id=7219"},"modified":"2013-03-04T14:04:36","modified_gmt":"2013-03-04T14:04:36","slug":"7219-2","status":"publish","type":"page","link":"https:\/\/www.spsressources.ch\/wordpress\/?page_id=7219","title":{"rendered":""},"content":{"rendered":"<p><a href=\"http:\/\/www.spsressources.ch\/wordpress\/wp-content\/uploads\/2013\/03\/Image-75.png\"><img loading=\"lazy\" decoding=\"async\" class=\"alignnone size-full wp-image-7221\" title=\"Image 75\" src=\"http:\/\/www.spsressources.ch\/wordpress\/wp-content\/uploads\/2013\/03\/Image-75.png\" alt=\"\" width=\"140\" height=\"137\" \/><\/a><\/p>\n<p>&nbsp;<\/p>\n<p>&nbsp;<\/p>\n<div>\n<div>\n<h6><a name=\"4649569\"><\/a>L&rsquo;autisme, une maladie aux multiples visages<\/h6>\n<\/div>\n<\/div>\n<p>&nbsp;<\/p>\n<div>\n<div>\n<div>\n<div><a href=\"http:\/\/www.rts.ch\/la-1ere\/programmes\/cqfd\/4649570-cqfd-du-24-02-2013.html\" target=\"_self\"><img loading=\"lazy\" decoding=\"async\" title=\"L'autisme isole les patients. [Lassedesignen - DR]\" src=\"http:\/\/www.rts.ch\/2012\/12\/12\/23\/58\/4504439.image?w=200&amp;h=150\" alt=\"L'autisme isole les patients. [Lassedesignen - DR]\" width=\"200\" height=\"150\" \/><\/a><\/p>\n<div>\n<p>L&rsquo;autisme isole les patients. [Lassedesignen &#8211; DR]<\/p>\n<\/div>\n<\/div>\n<div>Comment se pr\u00e9sente le monde vue par les yeux d&rsquo;une personne autiste? Souvent ce sont des autistes Asperger, une forme l\u00e9g\u00e8re d\u2019autisme qui s&rsquo;expriment sur cette maladie. Cela permet de d\u00e9couvrir l&rsquo;autisme, une maladie pr\u00e9coce du d\u00e9veloppement c\u00e9r\u00e9bral encore mal connue du grand public.Pour en savoir plus, C\u00e9cile Gu\u00e9rin a rencontr\u00e9 Josef Schovanec qui vient de publier son t\u00e9moignage intitul\u00e9 \u00ab\u00a0Je suis \u00e0 l&rsquo;Est\u00a0\u00bb et qui raconte avec beaucoup de recul et d\u2019humour son quotidien ainsi que Brigitte Chamak, sociologue et neurobiologiste invit\u00e9e lors d\u2019un colloque<\/div>\n<\/div>\n<\/div>\n<\/div>\n<p><a href=\"http:\/\/www.rts.ch\/la-1ere\/programmes\/cqfd\/4649564-cqfd-24-02-2013.html?f=player\/popup\">Cliquez ici pour entendre l&rsquo;\u00e9mission<\/a><\/p>\n","protected":false},"excerpt":{"rendered":"<p>&nbsp; &nbsp; L&rsquo;autisme, une maladie aux multiples visages &nbsp; L&rsquo;autisme isole les patients. [Lassedesignen &#8211; DR] Comment se pr\u00e9sente le monde vue par les yeux d&rsquo;une personne autiste? Souvent ce sont des autistes Asperger, une forme l\u00e9g\u00e8re d\u2019autisme qui s&rsquo;expriment &hellip; <a href=\"https:\/\/www.spsressources.ch\/wordpress\/?page_id=7219\">Continuer la lecture <span class=\"meta-nav\">&rarr;<\/span><\/a><\/p>\n","protected":false},"author":3472,"featured_media":0,"parent":4042,"menu_order":0,"comment_status":"open","ping_status":"closed","template":"","meta":{"footnotes":""},"class_list":["post-7219","page","type-page","status-publish","hentry"],"_links":{"self":[{"href":"https:\/\/www.spsressources.ch\/wordpress\/index.php?rest_route=\/wp\/v2\/pages\/7219","targetHints":{"allow":["GET"]}}],"collection":[{"href":"https:\/\/www.spsressources.ch\/wordpress\/index.php?rest_route=\/wp\/v2\/pages"}],"about":[{"href":"https:\/\/www.spsressources.ch\/wordpress\/index.php?rest_route=\/wp\/v2\/types\/page"}],"author":[{"embeddable":true,"href":"https:\/\/www.spsressources.ch\/wordpress\/index.php?rest_route=\/wp\/v2\/users\/3472"}],"replies":[{"embeddable":true,"href":"https:\/\/www.spsressources.ch\/wordpress\/index.php?rest_route=%2Fwp%2Fv2%2Fcomments&post=7219"}],"version-history":[{"count":5,"href":"https:\/\/www.spsressources.ch\/wordpress\/index.php?rest_route=\/wp\/v2\/pages\/7219\/revisions"}],"predecessor-version":[{"id":7224,"href":"https:\/\/www.spsressources.ch\/wordpress\/index.php?rest_route=\/wp\/v2\/pages\/7219\/revisions\/7224"}],"up":[{"embeddable":true,"href":"https:\/\/www.spsressources.ch\/wordpress\/index.php?rest_route=\/wp\/v2\/pages\/4042"}],"wp:attachment":[{"href":"https:\/\/www.spsressources.ch\/wordpress\/index.php?rest_route=%2Fwp%2Fv2%2Fmedia&parent=7219"}],"curies":[{"name":"wp","href":"https:\/\/api.w.org\/{rel}","templated":true}]}}