{"id":7092,"date":"2013-02-11T13:30:20","date_gmt":"2013-02-11T13:30:20","guid":{"rendered":"http:\/\/www.spsressources.ch\/wordpress\/?page_id=7092"},"modified":"2013-11-01T05:30:53","modified_gmt":"2013-11-01T05:30:53","slug":"france-5-planete-autisme","status":"publish","type":"page","link":"https:\/\/www.spsressources.ch\/wordpress\/?page_id=7092","title":{"rendered":"Plan\u00e8te autisme, France 5, 18.12.12"},"content":{"rendered":"<p style=\"text-align: center;\"><a href=\"http:\/\/www.spsressources.ch\/wordpress\/wp-content\/uploads\/2013\/02\/Image-36.png\"><img loading=\"lazy\" decoding=\"async\" class=\"alignnone size-full wp-image-7102\" title=\"Image 36\" src=\"http:\/\/www.spsressources.ch\/wordpress\/wp-content\/uploads\/2013\/02\/Image-36.png\" alt=\"\" width=\"138\" height=\"47\" \/><\/a><a href=\"http:\/\/www.spsressources.ch\/wordpress\/wp-content\/uploads\/2013\/02\/Image-34.png\"><img loading=\"lazy\" decoding=\"async\" class=\"size-thumbnail wp-image-7093 aligncenter\" title=\"Image 34\" src=\"http:\/\/www.spsressources.ch\/wordpress\/wp-content\/uploads\/2013\/02\/Image-34-150x150.png\" alt=\"\" width=\"150\" height=\"150\" \/><\/a><span style=\"text-decoration: underline;\"><span style=\"color: #800080;\">\u00a0<a href=\"http:\/\/www.youtube.com\/watch?v=WL8YmIU73I4\"><span style=\"color: #800080; text-decoration: underline;\">Cliquez ici pour visionner la vid\u00e9o<\/span><\/a><\/span><\/span><\/p>\n<p>Documentaire sur l&rsquo;autisme diffus\u00e9 par France 5 le mardi 18 d\u00e9cembre 2012 \u00e0 20h40.<\/p>\n<p>&nbsp;<\/p>\n<p>&nbsp;<\/p>\n","protected":false},"excerpt":{"rendered":"<p>\u00a0Cliquez ici pour visionner la vid\u00e9o Documentaire sur l&rsquo;autisme diffus\u00e9 par France 5 le mardi 18 d\u00e9cembre 2012 \u00e0 20h40. &nbsp; &nbsp;<\/p>\n","protected":false},"author":3472,"featured_media":0,"parent":4042,"menu_order":5,"comment_status":"open","ping_status":"closed","template":"","meta":{"footnotes":""},"class_list":["post-7092","page","type-page","status-publish","hentry"],"_links":{"self":[{"href":"https:\/\/www.spsressources.ch\/wordpress\/index.php?rest_route=\/wp\/v2\/pages\/7092","targetHints":{"allow":["GET"]}}],"collection":[{"href":"https:\/\/www.spsressources.ch\/wordpress\/index.php?rest_route=\/wp\/v2\/pages"}],"about":[{"href":"https:\/\/www.spsressources.ch\/wordpress\/index.php?rest_route=\/wp\/v2\/types\/page"}],"author":[{"embeddable":true,"href":"https:\/\/www.spsressources.ch\/wordpress\/index.php?rest_route=\/wp\/v2\/users\/3472"}],"replies":[{"embeddable":true,"href":"https:\/\/www.spsressources.ch\/wordpress\/index.php?rest_route=%2Fwp%2Fv2%2Fcomments&post=7092"}],"version-history":[{"count":8,"href":"https:\/\/www.spsressources.ch\/wordpress\/index.php?rest_route=\/wp\/v2\/pages\/7092\/revisions"}],"predecessor-version":[{"id":7096,"href":"https:\/\/www.spsressources.ch\/wordpress\/index.php?rest_route=\/wp\/v2\/pages\/7092\/revisions\/7096"}],"up":[{"embeddable":true,"href":"https:\/\/www.spsressources.ch\/wordpress\/index.php?rest_route=\/wp\/v2\/pages\/4042"}],"wp:attachment":[{"href":"https:\/\/www.spsressources.ch\/wordpress\/index.php?rest_route=%2Fwp%2Fv2%2Fmedia&parent=7092"}],"curies":[{"name":"wp","href":"https:\/\/api.w.org\/{rel}","templated":true}]}}