{"id":6947,"date":"2013-01-21T14:20:59","date_gmt":"2013-01-21T14:20:59","guid":{"rendered":"http:\/\/www.spsressources.ch\/wordpress\/?page_id=6947"},"modified":"2014-04-04T12:27:24","modified_gmt":"2014-04-04T12:27:24","slug":"a-toi-de-deviner","status":"publish","type":"page","link":"https:\/\/www.spsressources.ch\/wordpress\/?page_id=6947","title":{"rendered":"A toi de deviner"},"content":{"rendered":"<p>A toi de deviner !<\/p>\n<p>A emprunter dans l&rsquo;armoire SPS !<\/p>\n<div><a href=\"http:\/\/images.eveiletjeux.net\/photo\/PDF\/145164.pdf\" target=\"_blank\">T\u00e9l\u00e9chargez la r\u00e8gle du jeu<\/a><\/div>\n<div>Nombre de joueurs minimum :\u00a02<\/div>\n<div>Dur\u00e9e de la partie :\u00a020 minutes<\/div>\n<p><span class=\"Apple-style-span\" style=\"color: #000000; font-family: Georgia, 'Times New Roman', 'Bitstream Charter', Times, serif; font-size: 12px; line-height: 18px;\"><img loading=\"lazy\" decoding=\"async\" class=\"alignnone size-thumbnail wp-image-6950\" title=\"Image 19\" src=\"http:\/\/www.spsressources.ch\/wordpress\/wp-content\/uploads\/2013\/01\/Image-19-150x150.png\" alt=\"\" width=\"150\" height=\"150\" \/><span class=\"Apple-style-span\" style=\"font-size: 16px; color: #444444; font-family: Georgia, 'Bitstream Charter', serif; line-height: 24px;\"><a href=\"http:\/\/www.spsressources.ch\/wordpress\/wp-content\/uploads\/2013\/01\/Image-18.png\"><img loading=\"lazy\" decoding=\"async\" class=\"alignnone size-thumbnail wp-image-6951\" title=\"Image 18\" src=\"http:\/\/www.spsressources.ch\/wordpress\/wp-content\/uploads\/2013\/01\/Image-18-150x150.png\" alt=\"\" width=\"150\" height=\"150\" \/><\/a>\u00a0<a href=\"http:\/\/www.spsressources.ch\/wordpress\/wp-content\/uploads\/2013\/01\/Image-20.png\"><img loading=\"lazy\" decoding=\"async\" class=\"alignnone size-full wp-image-6949\" title=\"Image 20\" src=\"http:\/\/www.spsressources.ch\/wordpress\/wp-content\/uploads\/2013\/01\/Image-20.png\" alt=\"\" width=\"3\" height=\"1\" \/><\/a><\/span><\/span><span class=\"Apple-style-span\" style=\"color: #000000; font-family: Georgia, 'Times New Roman', 'Bitstream Charter', Times, serif; font-size: 12px; line-height: 18px;\"><img loading=\"lazy\" decoding=\"async\" class=\"alignnone size-thumbnail wp-image-6953\" title=\"Image 17\" src=\"http:\/\/www.spsressources.ch\/wordpress\/wp-content\/uploads\/2013\/01\/Image-17-150x150.png\" alt=\"\" width=\"150\" height=\"150\" \/><\/span><\/p>\n","protected":false},"excerpt":{"rendered":"<p>A toi de deviner ! A emprunter dans l&rsquo;armoire SPS ! T\u00e9l\u00e9chargez la r\u00e8gle du jeu Nombre de joueurs minimum :\u00a02 Dur\u00e9e de la partie :\u00a020 minutes \u00a0<\/p>\n","protected":false},"author":3472,"featured_media":0,"parent":11199,"menu_order":0,"comment_status":"open","ping_status":"closed","template":"","meta":{"footnotes":""},"class_list":["post-6947","page","type-page","status-publish","hentry"],"_links":{"self":[{"href":"https:\/\/www.spsressources.ch\/wordpress\/index.php?rest_route=\/wp\/v2\/pages\/6947","targetHints":{"allow":["GET"]}}],"collection":[{"href":"https:\/\/www.spsressources.ch\/wordpress\/index.php?rest_route=\/wp\/v2\/pages"}],"about":[{"href":"https:\/\/www.spsressources.ch\/wordpress\/index.php?rest_route=\/wp\/v2\/types\/page"}],"author":[{"embeddable":true,"href":"https:\/\/www.spsressources.ch\/wordpress\/index.php?rest_route=\/wp\/v2\/users\/3472"}],"replies":[{"embeddable":true,"href":"https:\/\/www.spsressources.ch\/wordpress\/index.php?rest_route=%2Fwp%2Fv2%2Fcomments&post=6947"}],"version-history":[{"count":6,"href":"https:\/\/www.spsressources.ch\/wordpress\/index.php?rest_route=\/wp\/v2\/pages\/6947\/revisions"}],"predecessor-version":[{"id":6958,"href":"https:\/\/www.spsressources.ch\/wordpress\/index.php?rest_route=\/wp\/v2\/pages\/6947\/revisions\/6958"}],"up":[{"embeddable":true,"href":"https:\/\/www.spsressources.ch\/wordpress\/index.php?rest_route=\/wp\/v2\/pages\/11199"}],"wp:attachment":[{"href":"https:\/\/www.spsressources.ch\/wordpress\/index.php?rest_route=%2Fwp%2Fv2%2Fmedia&parent=6947"}],"curies":[{"name":"wp","href":"https:\/\/api.w.org\/{rel}","templated":true}]}}