{"id":6866,"date":"2012-12-14T05:54:20","date_gmt":"2012-12-14T05:54:20","guid":{"rendered":"http:\/\/www.spsressources.ch\/wordpress\/?page_id=6866"},"modified":"2014-01-09T14:36:58","modified_gmt":"2014-01-09T14:36:58","slug":"stephen-wiltshire","status":"publish","type":"page","link":"https:\/\/www.spsressources.ch\/wordpress\/?page_id=6866","title":{"rendered":"La m\u00e9moire absolue et ses myst\u00e8res,Stephen Wiltshire, Myst\u00e8re TV"},"content":{"rendered":"<p><strong>Reportage : La m\u00e9moire absolue et ses myst\u00e8res, documentaire sur Myst\u00e8re TV :<\/strong><\/p>\n<p>En Angleterre vit un homme qui poss\u00e8de une m\u00e9moire extraordinaire, il s\u2019appelle Stephen Wiltshire et a \u00e9t\u00e9 consid\u00e9r\u00e9 autiste d\u00e8s son plus jeune \u00e2ge. Il ne commence \u00e0 parler qu\u2019\u00e0 l\u2019\u00e2ge de dix ans et trouve dans le dessin une fa\u00e7on de s\u2019exprimer.<\/p>\n<p><a href=\"http:\/\/www.mystere-tv.com\/la-memoire-absolue-et-ses-mysteres-v2045.html\"><span style=\"text-decoration: underline;\"><span style=\"color: #800080; text-decoration: underline;\"><span style=\"color: #800080; text-decoration: underline;\">Cliquez ici<\/span>\u00a0<\/span><\/span>pour visionner la vid\u00e9o<\/a><\/p>\n<p><a href=\"http:\/\/www.mystere-tv.com\/la-memoire-absolue-et-ses-mysteres-v2045.html\"><img loading=\"lazy\" decoding=\"async\" class=\"alignnone size-medium wp-image-6867\" title=\"Image 6\" src=\"http:\/\/www.spsressources.ch\/wordpress\/wp-content\/uploads\/2012\/12\/Image-62-300x189.png\" alt=\"\" width=\"300\" height=\"189\" srcset=\"https:\/\/www.spsressources.ch\/wordpress\/wp-content\/uploads\/2012\/12\/Image-62-300x189.png 300w, https:\/\/www.spsressources.ch\/wordpress\/wp-content\/uploads\/2012\/12\/Image-62.png 433w\" sizes=\"auto, (max-width: 300px) 100vw, 300px\" \/><\/a><\/p>\n<p><span style=\"text-decoration: underline;\"><span style=\"color: #800080;\"><a href=\"http:\/\/www.stephenwiltshire.co.uk\/contact.aspx\"><span style=\"color: #800080; text-decoration: underline;\">Cliquez ici pour aller sur son site (en anglais)\u00a0<\/span><\/a><\/span><\/span><\/p>\n","protected":false},"excerpt":{"rendered":"<p>Reportage : La m\u00e9moire absolue et ses myst\u00e8res, documentaire sur Myst\u00e8re TV : En Angleterre vit un homme qui poss\u00e8de une m\u00e9moire extraordinaire, il s\u2019appelle Stephen Wiltshire et a \u00e9t\u00e9 consid\u00e9r\u00e9 autiste d\u00e8s son plus jeune \u00e2ge. Il ne commence &hellip; <a href=\"https:\/\/www.spsressources.ch\/wordpress\/?page_id=6866\">Continuer la lecture <span class=\"meta-nav\">&rarr;<\/span><\/a><\/p>\n","protected":false},"author":3472,"featured_media":0,"parent":4042,"menu_order":10,"comment_status":"open","ping_status":"closed","template":"","meta":{"footnotes":""},"class_list":["post-6866","page","type-page","status-publish","hentry"],"_links":{"self":[{"href":"https:\/\/www.spsressources.ch\/wordpress\/index.php?rest_route=\/wp\/v2\/pages\/6866","targetHints":{"allow":["GET"]}}],"collection":[{"href":"https:\/\/www.spsressources.ch\/wordpress\/index.php?rest_route=\/wp\/v2\/pages"}],"about":[{"href":"https:\/\/www.spsressources.ch\/wordpress\/index.php?rest_route=\/wp\/v2\/types\/page"}],"author":[{"embeddable":true,"href":"https:\/\/www.spsressources.ch\/wordpress\/index.php?rest_route=\/wp\/v2\/users\/3472"}],"replies":[{"embeddable":true,"href":"https:\/\/www.spsressources.ch\/wordpress\/index.php?rest_route=%2Fwp%2Fv2%2Fcomments&post=6866"}],"version-history":[{"count":11,"href":"https:\/\/www.spsressources.ch\/wordpress\/index.php?rest_route=\/wp\/v2\/pages\/6866\/revisions"}],"predecessor-version":[{"id":6870,"href":"https:\/\/www.spsressources.ch\/wordpress\/index.php?rest_route=\/wp\/v2\/pages\/6866\/revisions\/6870"}],"up":[{"embeddable":true,"href":"https:\/\/www.spsressources.ch\/wordpress\/index.php?rest_route=\/wp\/v2\/pages\/4042"}],"wp:attachment":[{"href":"https:\/\/www.spsressources.ch\/wordpress\/index.php?rest_route=%2Fwp%2Fv2%2Fmedia&parent=6866"}],"curies":[{"name":"wp","href":"https:\/\/api.w.org\/{rel}","templated":true}]}}