{"id":6531,"date":"2012-11-28T11:14:11","date_gmt":"2012-11-28T11:14:11","guid":{"rendered":"http:\/\/www.spsressources.ch\/wordpress\/?page_id=6531"},"modified":"2014-04-04T12:50:55","modified_gmt":"2014-04-04T12:50:55","slug":"temps-temps","status":"publish","type":"page","link":"https:\/\/www.spsressources.ch\/wordpress\/?page_id=6531","title":{"rendered":"Temps Temps"},"content":{"rendered":"<p><a href=\"http:\/\/www.spsressources.ch\/wordpress\/wp-content\/uploads\/2012\/11\/Image-173.png\"><img loading=\"lazy\" decoding=\"async\" class=\"alignnone size-medium wp-image-6540\" title=\"Image 17\" src=\"http:\/\/www.spsressources.ch\/wordpress\/wp-content\/uploads\/2012\/11\/Image-173-272x300.png\" alt=\"\" width=\"272\" height=\"300\" srcset=\"https:\/\/www.spsressources.ch\/wordpress\/wp-content\/uploads\/2012\/11\/Image-173-272x300.png 272w, https:\/\/www.spsressources.ch\/wordpress\/wp-content\/uploads\/2012\/11\/Image-173.png 326w\" sizes=\"auto, (max-width: 272px) 100vw, 272px\" \/><\/a><a href=\"http:\/\/www.spsressources.ch\/wordpress\/wp-content\/uploads\/2012\/11\/Image-181.png\"><img loading=\"lazy\" decoding=\"async\" class=\"alignnone size-medium wp-image-6538\" title=\"Image 18\" src=\"http:\/\/www.spsressources.ch\/wordpress\/wp-content\/uploads\/2012\/11\/Image-181-232x300.png\" alt=\"\" width=\"232\" height=\"300\" srcset=\"https:\/\/www.spsressources.ch\/wordpress\/wp-content\/uploads\/2012\/11\/Image-181-232x300.png 232w, https:\/\/www.spsressources.ch\/wordpress\/wp-content\/uploads\/2012\/11\/Image-181.png 283w\" sizes=\"auto, (max-width: 232px) 100vw, 232px\" \/><\/a><\/p>\n<p>Pour consolider l&rsquo;identification et l&rsquo;accord des temps des verbes r\u00e9guliers tant \u00e0 l&rsquo;oral qu&rsquo;\u00e0 l&rsquo;\u00e9crit, au pass\u00e9, au pr\u00e9sent et au futur.<\/p>\n<p>L\u2019ensemble comprend diff\u00e9rents paquets de cartes illustr\u00e9es portant sur six verbes r\u00e9guliers et permet de jouer \u00e0 la bataille, la m\u00e9moire, les familles,&#8230;<\/p>\n<p><span style=\"color: #222222; font-family: 'Courier 10 Pitch', Courier, monospace;\"><span class=\"Apple-style-span\" style=\"font-size: 15px; line-height: 21px; white-space: pre;\"><br \/>\n<\/span><\/span><\/p>\n<p><span style=\"color: #222222; font-family: 'Courier 10 Pitch', Courier, monospace;\"><span class=\"Apple-style-span\" style=\"font-size: 15px; line-height: 21px; white-space: pre;\"><br \/>\n<\/span><\/span><\/p>\n<p>&nbsp;<\/p>\n","protected":false},"excerpt":{"rendered":"<p>Pour consolider l&rsquo;identification et l&rsquo;accord des temps des verbes r\u00e9guliers tant \u00e0 l&rsquo;oral qu&rsquo;\u00e0 l&rsquo;\u00e9crit, au pass\u00e9, au pr\u00e9sent et au futur. L\u2019ensemble comprend diff\u00e9rents paquets de cartes illustr\u00e9es portant sur six verbes r\u00e9guliers et permet de jouer \u00e0 la &hellip; <a href=\"https:\/\/www.spsressources.ch\/wordpress\/?page_id=6531\">Continuer la lecture <span class=\"meta-nav\">&rarr;<\/span><\/a><\/p>\n","protected":false},"author":3472,"featured_media":0,"parent":11194,"menu_order":0,"comment_status":"open","ping_status":"closed","template":"","meta":{"footnotes":""},"class_list":["post-6531","page","type-page","status-publish","hentry"],"_links":{"self":[{"href":"https:\/\/www.spsressources.ch\/wordpress\/index.php?rest_route=\/wp\/v2\/pages\/6531","targetHints":{"allow":["GET"]}}],"collection":[{"href":"https:\/\/www.spsressources.ch\/wordpress\/index.php?rest_route=\/wp\/v2\/pages"}],"about":[{"href":"https:\/\/www.spsressources.ch\/wordpress\/index.php?rest_route=\/wp\/v2\/types\/page"}],"author":[{"embeddable":true,"href":"https:\/\/www.spsressources.ch\/wordpress\/index.php?rest_route=\/wp\/v2\/users\/3472"}],"replies":[{"embeddable":true,"href":"https:\/\/www.spsressources.ch\/wordpress\/index.php?rest_route=%2Fwp%2Fv2%2Fcomments&post=6531"}],"version-history":[{"count":15,"href":"https:\/\/www.spsressources.ch\/wordpress\/index.php?rest_route=\/wp\/v2\/pages\/6531\/revisions"}],"predecessor-version":[{"id":6536,"href":"https:\/\/www.spsressources.ch\/wordpress\/index.php?rest_route=\/wp\/v2\/pages\/6531\/revisions\/6536"}],"up":[{"embeddable":true,"href":"https:\/\/www.spsressources.ch\/wordpress\/index.php?rest_route=\/wp\/v2\/pages\/11194"}],"wp:attachment":[{"href":"https:\/\/www.spsressources.ch\/wordpress\/index.php?rest_route=%2Fwp%2Fv2%2Fmedia&parent=6531"}],"curies":[{"name":"wp","href":"https:\/\/api.w.org\/{rel}","templated":true}]}}