{"id":6032,"date":"2012-10-23T19:41:49","date_gmt":"2012-10-23T19:41:49","guid":{"rendered":"http:\/\/www.spsressources.ch\/wordpress\/?page_id=6032"},"modified":"2014-04-04T13:10:56","modified_gmt":"2014-04-04T13:10:56","slug":"calculer-avec-schubi-abaco-20","status":"publish","type":"page","link":"https:\/\/www.spsressources.ch\/wordpress\/?page_id=6032","title":{"rendered":"Calculer avec Schubi, abaco 20"},"content":{"rendered":"<p>A emprunter aupr\u00e8s de Sandra<\/p>\n<p>Boulier et 40 fiches d\u2019activit\u00e9s pour compter, \u00e9changer, additionner, soustraire de 1 \u00e0 20. (3<sup>e<\/sup> -4<sup>e<\/sup>)<\/p>\n<p align=\"left\">Les \u00e9l\u00e8ves d\u00e9butants arrivent vite \u00e0 faire et \u00e0 comprendre leurs premi\u00e8res op\u00e9rations. Avec un petit geste de la main, on change les h\u00e9misph\u00e8res gris presque invisibles, en des h\u00e9misph\u00e8res bleus ou rouges. En comptant, additionnant, soustrayant, divisant, compl\u00e9tant, les \u00e9l\u00e8ves deviennent des petits magiciens. N&rsquo;apparaissent que les boules dont on a besoin, toutes les autres disparaissent.<\/p>\n<p>&nbsp;<\/p>\n<p align=\"left\">2 fois 5 boules rouges et 5 boules bleues<a href=\"http:\/\/www.spsressources.ch\/wordpress\/wp-content\/uploads\/2012\/10\/Image-51.png\"><img loading=\"lazy\" decoding=\"async\" class=\"aligncenter size-full wp-image-6101\" title=\"Image 51\" src=\"http:\/\/www.spsressources.ch\/wordpress\/wp-content\/uploads\/2012\/10\/Image-51.png\" alt=\"\" width=\"315\" height=\"138\" srcset=\"https:\/\/www.spsressources.ch\/wordpress\/wp-content\/uploads\/2012\/10\/Image-51.png 315w, https:\/\/www.spsressources.ch\/wordpress\/wp-content\/uploads\/2012\/10\/Image-51-300x131.png 300w\" sizes=\"auto, (max-width: 315px) 100vw, 315px\" \/><\/a><\/p>\n<p><a href=\"http:\/\/www.spsressources.ch\/wordpress\/wp-content\/uploads\/2012\/10\/Image-30.png\"><img loading=\"lazy\" decoding=\"async\" class=\"aligncenter size-full wp-image-6033\" title=\"Image 30\" src=\"http:\/\/www.spsressources.ch\/wordpress\/wp-content\/uploads\/2012\/10\/Image-30.png\" alt=\"\" width=\"935\" height=\"712\" srcset=\"https:\/\/www.spsressources.ch\/wordpress\/wp-content\/uploads\/2012\/10\/Image-30.png 935w, https:\/\/www.spsressources.ch\/wordpress\/wp-content\/uploads\/2012\/10\/Image-30-300x228.png 300w\" sizes=\"auto, (max-width: 935px) 100vw, 935px\" \/><\/a><\/p>\n","protected":false},"excerpt":{"rendered":"<p>A emprunter aupr\u00e8s de Sandra Boulier et 40 fiches d\u2019activit\u00e9s pour compter, \u00e9changer, additionner, soustraire de 1 \u00e0 20. (3e -4e) Les \u00e9l\u00e8ves d\u00e9butants arrivent vite \u00e0 faire et \u00e0 comprendre leurs premi\u00e8res op\u00e9rations. Avec un petit geste de la &hellip; <a href=\"https:\/\/www.spsressources.ch\/wordpress\/?page_id=6032\">Continuer la lecture <span class=\"meta-nav\">&rarr;<\/span><\/a><\/p>\n","protected":false},"author":3472,"featured_media":0,"parent":11295,"menu_order":0,"comment_status":"open","ping_status":"closed","template":"","meta":{"footnotes":""},"class_list":["post-6032","page","type-page","status-publish","hentry"],"_links":{"self":[{"href":"https:\/\/www.spsressources.ch\/wordpress\/index.php?rest_route=\/wp\/v2\/pages\/6032","targetHints":{"allow":["GET"]}}],"collection":[{"href":"https:\/\/www.spsressources.ch\/wordpress\/index.php?rest_route=\/wp\/v2\/pages"}],"about":[{"href":"https:\/\/www.spsressources.ch\/wordpress\/index.php?rest_route=\/wp\/v2\/types\/page"}],"author":[{"embeddable":true,"href":"https:\/\/www.spsressources.ch\/wordpress\/index.php?rest_route=\/wp\/v2\/users\/3472"}],"replies":[{"embeddable":true,"href":"https:\/\/www.spsressources.ch\/wordpress\/index.php?rest_route=%2Fwp%2Fv2%2Fcomments&post=6032"}],"version-history":[{"count":8,"href":"https:\/\/www.spsressources.ch\/wordpress\/index.php?rest_route=\/wp\/v2\/pages\/6032\/revisions"}],"predecessor-version":[{"id":6035,"href":"https:\/\/www.spsressources.ch\/wordpress\/index.php?rest_route=\/wp\/v2\/pages\/6032\/revisions\/6035"}],"up":[{"embeddable":true,"href":"https:\/\/www.spsressources.ch\/wordpress\/index.php?rest_route=\/wp\/v2\/pages\/11295"}],"wp:attachment":[{"href":"https:\/\/www.spsressources.ch\/wordpress\/index.php?rest_route=%2Fwp%2Fv2%2Fmedia&parent=6032"}],"curies":[{"name":"wp","href":"https:\/\/api.w.org\/{rel}","templated":true}]}}