{"id":6012,"date":"2012-10-23T19:34:05","date_gmt":"2012-10-23T19:34:05","guid":{"rendered":"http:\/\/www.spsressources.ch\/wordpress\/?page_id=6012"},"modified":"2014-04-04T13:21:37","modified_gmt":"2014-04-04T13:21:37","slug":"rush-hour","status":"publish","type":"page","link":"https:\/\/www.spsressources.ch\/wordpress\/?page_id=6012","title":{"rendered":"Rush Hour"},"content":{"rendered":"<p style=\"text-align: center;\">A emprunter aupr\u00e8s de Sandra :\u00a0 D\u00e9placements de voitures pour lib\u00e9rer un chemin. <a href=\"http:\/\/www.spsressources.ch\/wordpress\/wp-content\/uploads\/2012\/10\/Image-401.png\"><img loading=\"lazy\" decoding=\"async\" class=\"aligncenter size-full wp-image-6082\" title=\"Image 40\" src=\"http:\/\/www.spsressources.ch\/wordpress\/wp-content\/uploads\/2012\/10\/Image-401.png\" alt=\"\" width=\"298\" height=\"296\" srcset=\"https:\/\/www.spsressources.ch\/wordpress\/wp-content\/uploads\/2012\/10\/Image-401.png 496w, https:\/\/www.spsressources.ch\/wordpress\/wp-content\/uploads\/2012\/10\/Image-401-150x150.png 150w, https:\/\/www.spsressources.ch\/wordpress\/wp-content\/uploads\/2012\/10\/Image-401-300x298.png 300w\" sizes=\"auto, (max-width: 298px) 100vw, 298px\" \/><\/a><\/p>\n<div><strong>Un casse-t\u00eate &#8230;<\/strong><\/div>\n<div>Glissez les v\u00e9hicules de haut en bas, de droite \u00e0 gauche pour d\u00e9gager votre voiture et vous \u00e9chapper de l&#8217;embouteillage !<\/div>\n<p style=\"text-align: center;\"><a href=\"http:\/\/www.spsressources.ch\/wordpress\/wp-content\/uploads\/2012\/10\/Image-25.png\"><br \/>\n<\/a><a href=\"http:\/\/www.spsressources.ch\/wordpress\/wp-content\/uploads\/2012\/10\/Image-26.png\"><img loading=\"lazy\" decoding=\"async\" title=\"Image 26\" src=\"http:\/\/www.spsressources.ch\/wordpress\/wp-content\/uploads\/2012\/10\/Image-26.png\" alt=\"\" width=\"451\" height=\"338\" \/><\/a><a href=\"http:\/\/www.spsressources.ch\/wordpress\/wp-content\/uploads\/2012\/10\/Image-26.png\"><br \/>\n<\/a><\/p>\n","protected":false},"excerpt":{"rendered":"<p>A emprunter aupr\u00e8s de Sandra :\u00a0 D\u00e9placements de voitures pour lib\u00e9rer un chemin. Un casse-t\u00eate &#8230; Glissez les v\u00e9hicules de haut en bas, de droite \u00e0 gauche pour d\u00e9gager votre voiture et vous \u00e9chapper de l&#8217;embouteillage !<\/p>\n","protected":false},"author":3472,"featured_media":0,"parent":11306,"menu_order":0,"comment_status":"open","ping_status":"closed","template":"","meta":{"footnotes":""},"class_list":["post-6012","page","type-page","status-publish","hentry"],"_links":{"self":[{"href":"https:\/\/www.spsressources.ch\/wordpress\/index.php?rest_route=\/wp\/v2\/pages\/6012","targetHints":{"allow":["GET"]}}],"collection":[{"href":"https:\/\/www.spsressources.ch\/wordpress\/index.php?rest_route=\/wp\/v2\/pages"}],"about":[{"href":"https:\/\/www.spsressources.ch\/wordpress\/index.php?rest_route=\/wp\/v2\/types\/page"}],"author":[{"embeddable":true,"href":"https:\/\/www.spsressources.ch\/wordpress\/index.php?rest_route=\/wp\/v2\/users\/3472"}],"replies":[{"embeddable":true,"href":"https:\/\/www.spsressources.ch\/wordpress\/index.php?rest_route=%2Fwp%2Fv2%2Fcomments&post=6012"}],"version-history":[{"count":10,"href":"https:\/\/www.spsressources.ch\/wordpress\/index.php?rest_route=\/wp\/v2\/pages\/6012\/revisions"}],"predecessor-version":[{"id":6016,"href":"https:\/\/www.spsressources.ch\/wordpress\/index.php?rest_route=\/wp\/v2\/pages\/6012\/revisions\/6016"}],"up":[{"embeddable":true,"href":"https:\/\/www.spsressources.ch\/wordpress\/index.php?rest_route=\/wp\/v2\/pages\/11306"}],"wp:attachment":[{"href":"https:\/\/www.spsressources.ch\/wordpress\/index.php?rest_route=%2Fwp%2Fv2%2Fmedia&parent=6012"}],"curies":[{"name":"wp","href":"https:\/\/api.w.org\/{rel}","templated":true}]}}