{"id":5996,"date":"2012-10-23T19:28:34","date_gmt":"2012-10-23T19:28:34","guid":{"rendered":"http:\/\/www.spsressources.ch\/wordpress\/?page_id=5996"},"modified":"2014-04-04T13:14:04","modified_gmt":"2014-04-04T13:14:04","slug":"le-deuxieme-album-a-calculer","status":"publish","type":"page","link":"https:\/\/www.spsressources.ch\/wordpress\/?page_id=5996","title":{"rendered":"L&rsquo;album \u00e0 calculer et le  deuxi\u00e8me album \u00e0 calculer"},"content":{"rendered":"<p style=\"text-align: center;\"><a href=\"http:\/\/www.spsressources.ch\/wordpress\/wp-content\/uploads\/2012\/10\/Image-22.png\"><img loading=\"lazy\" decoding=\"async\" class=\"alignleft\" title=\"Image 22\" src=\"http:\/\/www.spsressources.ch\/wordpress\/wp-content\/uploads\/2012\/10\/Image-22.png\" alt=\"\" width=\"261\" height=\"353\" \/><\/a><a href=\"http:\/\/www.spsressources.ch\/wordpress\/wp-content\/uploads\/2012\/10\/Image-21.png\"><img loading=\"lazy\" decoding=\"async\" title=\"Image 21\" src=\"http:\/\/www.spsressources.ch\/wordpress\/wp-content\/uploads\/2012\/10\/Image-21.png\" alt=\"\" width=\"259\" height=\"350\" \/><\/a><\/p>\n<p style=\"text-align: left;\">D\u00e9couverte de la d\u00e9composition des nombres de 1 \u00e0 7. R\u00e9mi Brissiaud (1<sup>\u00e8re<\/sup> et 2<sup>e<\/sup>)<\/p>\n<p style=\"text-align: left;\"><a href=\"http:\/\/www.spsressources.ch\/wordpress\/wp-content\/uploads\/2012\/10\/Image-21.png\"><br \/>\n<\/a><\/p>\n","protected":false},"excerpt":{"rendered":"<p>D\u00e9couverte de la d\u00e9composition des nombres de 1 \u00e0 7. R\u00e9mi Brissiaud (1\u00e8re et 2e)<\/p>\n","protected":false},"author":3472,"featured_media":0,"parent":11295,"menu_order":0,"comment_status":"open","ping_status":"closed","template":"","meta":{"footnotes":""},"class_list":["post-5996","page","type-page","status-publish","hentry"],"_links":{"self":[{"href":"https:\/\/www.spsressources.ch\/wordpress\/index.php?rest_route=\/wp\/v2\/pages\/5996","targetHints":{"allow":["GET"]}}],"collection":[{"href":"https:\/\/www.spsressources.ch\/wordpress\/index.php?rest_route=\/wp\/v2\/pages"}],"about":[{"href":"https:\/\/www.spsressources.ch\/wordpress\/index.php?rest_route=\/wp\/v2\/types\/page"}],"author":[{"embeddable":true,"href":"https:\/\/www.spsressources.ch\/wordpress\/index.php?rest_route=\/wp\/v2\/users\/3472"}],"replies":[{"embeddable":true,"href":"https:\/\/www.spsressources.ch\/wordpress\/index.php?rest_route=%2Fwp%2Fv2%2Fcomments&post=5996"}],"version-history":[{"count":10,"href":"https:\/\/www.spsressources.ch\/wordpress\/index.php?rest_route=\/wp\/v2\/pages\/5996\/revisions"}],"predecessor-version":[{"id":6000,"href":"https:\/\/www.spsressources.ch\/wordpress\/index.php?rest_route=\/wp\/v2\/pages\/5996\/revisions\/6000"}],"up":[{"embeddable":true,"href":"https:\/\/www.spsressources.ch\/wordpress\/index.php?rest_route=\/wp\/v2\/pages\/11295"}],"wp:attachment":[{"href":"https:\/\/www.spsressources.ch\/wordpress\/index.php?rest_route=%2Fwp%2Fv2%2Fmedia&parent=5996"}],"curies":[{"name":"wp","href":"https:\/\/api.w.org\/{rel}","templated":true}]}}