{"id":5951,"date":"2012-10-23T19:13:35","date_gmt":"2012-10-23T19:13:35","guid":{"rendered":"http:\/\/www.spsressources.ch\/wordpress\/?page_id=5951"},"modified":"2014-04-04T13:23:43","modified_gmt":"2014-04-04T13:23:43","slug":"schubitrix","status":"publish","type":"page","link":"https:\/\/www.spsressources.ch\/wordpress\/?page_id=5951","title":{"rendered":"Schubitrix"},"content":{"rendered":"<p style=\"text-align: left;\"><a href=\"http:\/\/www.spsressources.ch\/wordpress\/wp-content\/uploads\/2012\/10\/Image-81.png\"><img loading=\"lazy\" decoding=\"async\" class=\"alignleft\" title=\"Image 8\" src=\"http:\/\/www.spsressources.ch\/wordpress\/wp-content\/uploads\/2012\/10\/Image-81.png\" alt=\"\" width=\"438\" height=\"257\" \/><\/a><img loading=\"lazy\" decoding=\"async\" title=\"Image 20\" src=\"http:\/\/www.spsressources.ch\/wordpress\/wp-content\/uploads\/2012\/10\/Image-20.png\" alt=\"\" width=\"328\" height=\"222\" \/><\/p>\n<p style=\"text-align: left;\">Reconna\u00eetre des quantit\u00e9s de 1 \u00e0 10. (2<sup>e<\/sup>-3<sup>e<\/sup>)<\/p>\n<p style=\"text-align: left;\">Schubitrix se joue comme des dominos. Respectivement, les 24 cartes du jeu color\u00e9es sont mises bout \u00e0 bout de fa\u00e7on \u00e0 ce que les probl\u00e8mes et leurs solutions co\u00efncident sur les trois c\u00f4t\u00e9s. A la fin, on voit un dessin qui permet l&rsquo;autocontr\u00f4le rapide. Contenu: Chaque bo\u00eete contient 2 jeux aux difficult\u00e9s diff\u00e9rentes.<\/p>\n<div style=\"text-align: left;\"><span class=\"Apple-style-span\" style=\"font-size: 16px; line-height: 24px;\"><br \/>\n<\/span><\/div>\n","protected":false},"excerpt":{"rendered":"<p>Reconna\u00eetre des quantit\u00e9s de 1 \u00e0 10. (2e-3e) Schubitrix se joue comme des dominos. Respectivement, les 24 cartes du jeu color\u00e9es sont mises bout \u00e0 bout de fa\u00e7on \u00e0 ce que les probl\u00e8mes et leurs solutions co\u00efncident sur les trois &hellip; <a href=\"https:\/\/www.spsressources.ch\/wordpress\/?page_id=5951\">Continuer la lecture <span class=\"meta-nav\">&rarr;<\/span><\/a><\/p>\n","protected":false},"author":3472,"featured_media":0,"parent":11295,"menu_order":0,"comment_status":"open","ping_status":"closed","template":"","meta":{"footnotes":""},"class_list":["post-5951","page","type-page","status-publish","hentry"],"_links":{"self":[{"href":"https:\/\/www.spsressources.ch\/wordpress\/index.php?rest_route=\/wp\/v2\/pages\/5951","targetHints":{"allow":["GET"]}}],"collection":[{"href":"https:\/\/www.spsressources.ch\/wordpress\/index.php?rest_route=\/wp\/v2\/pages"}],"about":[{"href":"https:\/\/www.spsressources.ch\/wordpress\/index.php?rest_route=\/wp\/v2\/types\/page"}],"author":[{"embeddable":true,"href":"https:\/\/www.spsressources.ch\/wordpress\/index.php?rest_route=\/wp\/v2\/users\/3472"}],"replies":[{"embeddable":true,"href":"https:\/\/www.spsressources.ch\/wordpress\/index.php?rest_route=%2Fwp%2Fv2%2Fcomments&post=5951"}],"version-history":[{"count":10,"href":"https:\/\/www.spsressources.ch\/wordpress\/index.php?rest_route=\/wp\/v2\/pages\/5951\/revisions"}],"predecessor-version":[{"id":5955,"href":"https:\/\/www.spsressources.ch\/wordpress\/index.php?rest_route=\/wp\/v2\/pages\/5951\/revisions\/5955"}],"up":[{"embeddable":true,"href":"https:\/\/www.spsressources.ch\/wordpress\/index.php?rest_route=\/wp\/v2\/pages\/11295"}],"wp:attachment":[{"href":"https:\/\/www.spsressources.ch\/wordpress\/index.php?rest_route=%2Fwp%2Fv2%2Fmedia&parent=5951"}],"curies":[{"name":"wp","href":"https:\/\/api.w.org\/{rel}","templated":true}]}}