{"id":5933,"date":"2012-10-23T19:02:07","date_gmt":"2012-10-23T19:02:07","guid":{"rendered":"http:\/\/www.spsressources.ch\/wordpress\/?page_id=5933"},"modified":"2014-04-04T13:12:12","modified_gmt":"2014-04-04T13:12:12","slug":"orientation-spatiale","status":"publish","type":"page","link":"https:\/\/www.spsressources.ch\/wordpress\/?page_id=5933","title":{"rendered":"Colour code"},"content":{"rendered":"<p>Ce jeu appartient \u00e0 Sandra : Jeu dans lequel on doit reproduire des dessins en combinant diff\u00e9rentes plaques. (1<sup>\u00e8re<\/sup>&#8211; 7<sup>e<\/sup>)<\/p>\n<p style=\"text-align: center;\"><a href=\"http:\/\/www.youtube.com\/watch?v=0LteMuMt3hw\">cliquez ici pour visionner une vid\u00e9o<\/a><\/p>\n<p style=\"text-align: center;\"><a href=\"http:\/\/www.spsressources.ch\/wordpress\/wp-content\/uploads\/2012\/10\/Image-2.png\"><img loading=\"lazy\" decoding=\"async\" class=\"aligncenter size-full wp-image-5934\" title=\"Image 2\" src=\"http:\/\/www.spsressources.ch\/wordpress\/wp-content\/uploads\/2012\/10\/Image-2.png\" alt=\"\" width=\"262\" height=\"258\" srcset=\"https:\/\/www.spsressources.ch\/wordpress\/wp-content\/uploads\/2012\/10\/Image-2.png 437w, https:\/\/www.spsressources.ch\/wordpress\/wp-content\/uploads\/2012\/10\/Image-2-300x295.png 300w\" sizes=\"auto, (max-width: 262px) 100vw, 262px\" \/><\/a><\/p>\n<div>\n<div>\n<div><a href=\"http:\/\/www.spsressources.ch\/wordpress\/wp-content\/uploads\/2012\/10\/Image-31.png\"><img loading=\"lazy\" decoding=\"async\" class=\"aligncenter\" title=\"Image 3\" src=\"http:\/\/www.spsressources.ch\/wordpress\/wp-content\/uploads\/2012\/10\/Image-31.png\" alt=\"\" width=\"344\" height=\"217\" \/><\/a>Une belle palette de couleurs pour de nombreuses combinaisons!<\/div>\n<\/div>\n<\/div>\n<p>&nbsp;<\/p>\n<div>\n<div>\n<div>\n<p>Un d\u00e9fi est \u00e0 choisir parmi les 100 propos\u00e9s. Appara\u00eet une figure \u00e0 reconstituer \u00e0 partir des 18 plaquettes transparentes \u00e0 superposer. Gr\u00e2ce aux couleurs visibles sur la figure, le joueur peut s\u00e9lectionner les plaquettes \u00e0 utiliser, sachant qu&rsquo;elle sont toutes monochromes et que seules 2 d&rsquo;entre elles contiennent la m\u00eame couleur.<\/p>\n<p>Mais une fois les plaquettes de couleur identifi\u00e9es, il faudra encore trouver dans quel sens positionner chaque forme et dans quel ordre placer ces diff\u00e9rentes images pour reproduire la figure demand\u00e9e.<\/p>\n<p>4 niveaux de difficult\u00e9 \u00e9volutifs sont propos\u00e9s, avec un nombre croissant de plaquettes n\u00e9cessaires : 2 images au niveau Starter, puis 1 suppl\u00e9mentaire par niveau, pour atteindre 5 en Master. Le nombre de combinaisons possibles ne fait donc qu&rsquo;augmenter, pour pimenter le jeu et satisfaire tous les \u00e2ges.<\/p>\n<p><span style=\"text-decoration: underline;\"><strong>But du jeu<\/strong><\/span>\u00a0: Reconstituer la figure demand\u00e9e<\/p>\n<p><span style=\"text-decoration: underline;\"><strong>Niveau\u00a0<\/strong><\/span>:\u00a0100 d\u00e9fis, 4 niveaux de difficult\u00e9, \u00e0 partir de 5 ans<\/p>\n<p><span style=\"text-decoration: underline;\"><strong>Contenu\u00a0<\/strong><\/span>: 1 support de jeu,\u00a018 plaquettes transparentes de 9 couleurs,\u00a01 livret de\u00a0100 d\u00e9fis et toutes leurs solutions<\/p>\n<\/div>\n<\/div>\n<\/div>\n<p style=\"text-align: center;\"><a href=\"http:\/\/www.spsressources.ch\/wordpress\/wp-content\/uploads\/2012\/10\/Image-31.png\"><br \/>\n<\/a><\/p>\n","protected":false},"excerpt":{"rendered":"<p>Ce jeu appartient \u00e0 Sandra : Jeu dans lequel on doit reproduire des dessins en combinant diff\u00e9rentes plaques. (1\u00e8re&#8211; 7e) cliquez ici pour visionner une vid\u00e9o Une belle palette de couleurs pour de nombreuses combinaisons! &nbsp; Un d\u00e9fi est \u00e0 &hellip; <a href=\"https:\/\/www.spsressources.ch\/wordpress\/?page_id=5933\">Continuer la lecture <span class=\"meta-nav\">&rarr;<\/span><\/a><\/p>\n","protected":false},"author":3472,"featured_media":0,"parent":11306,"menu_order":0,"comment_status":"open","ping_status":"closed","template":"","meta":{"footnotes":""},"class_list":["post-5933","page","type-page","status-publish","hentry"],"_links":{"self":[{"href":"https:\/\/www.spsressources.ch\/wordpress\/index.php?rest_route=\/wp\/v2\/pages\/5933","targetHints":{"allow":["GET"]}}],"collection":[{"href":"https:\/\/www.spsressources.ch\/wordpress\/index.php?rest_route=\/wp\/v2\/pages"}],"about":[{"href":"https:\/\/www.spsressources.ch\/wordpress\/index.php?rest_route=\/wp\/v2\/types\/page"}],"author":[{"embeddable":true,"href":"https:\/\/www.spsressources.ch\/wordpress\/index.php?rest_route=\/wp\/v2\/users\/3472"}],"replies":[{"embeddable":true,"href":"https:\/\/www.spsressources.ch\/wordpress\/index.php?rest_route=%2Fwp%2Fv2%2Fcomments&post=5933"}],"version-history":[{"count":7,"href":"https:\/\/www.spsressources.ch\/wordpress\/index.php?rest_route=\/wp\/v2\/pages\/5933\/revisions"}],"predecessor-version":[{"id":5938,"href":"https:\/\/www.spsressources.ch\/wordpress\/index.php?rest_route=\/wp\/v2\/pages\/5933\/revisions\/5938"}],"up":[{"embeddable":true,"href":"https:\/\/www.spsressources.ch\/wordpress\/index.php?rest_route=\/wp\/v2\/pages\/11306"}],"wp:attachment":[{"href":"https:\/\/www.spsressources.ch\/wordpress\/index.php?rest_route=%2Fwp%2Fv2%2Fmedia&parent=5933"}],"curies":[{"name":"wp","href":"https:\/\/api.w.org\/{rel}","templated":true}]}}