{"id":560,"date":"2011-10-25T19:51:59","date_gmt":"2011-10-25T19:51:59","guid":{"rendered":"http:\/\/www.vallelian.net\/sps\/wordpress\/?page_id=560"},"modified":"2015-09-19T15:26:37","modified_gmt":"2015-09-19T15:26:37","slug":"carnet-de-references-en-francais","status":"publish","type":"page","link":"https:\/\/www.spsressources.ch\/wordpress\/?page_id=560","title":{"rendered":"Classeur de r\u00e9f\u00e9rences"},"content":{"rendered":"<p style=\"text-align: justify;\"><strong>Le classeur de r\u00e9r\u00e9rences<\/strong><a href=\"http:\/\/www.vallelian.net\/sps\/wordpress\/wp-content\/uploads\/2011\/10\/Image-6.png\"><br \/>\n<\/a>Dans ce classeur de format A5 se trouvent diff\u00e9rents documents de r\u00e9f\u00e9rences que l&rsquo;enfant conserve tout au long de sa scolarit\u00e9. \u00a0On y ajoute des pages selon les besoins de l&rsquo;enfant et les notions abord\u00e9es en classe. Les documents ont un graphisme simple qui permet \u00e0 l&rsquo;enfant en difficult\u00e9 scolaire de retrouver plus facilement les informations dont il a besoin<\/p>\n<p><a href=\"http:\/\/www.vallelian.net\/sps\/wordpress\/wp-content\/uploads\/2011\/10\/Capture-d\u2019\u00e9cran-2011-10-26-\u00e0-06.35.07.png\"><br \/>\n<\/a><a href=\"http:\/\/www.vallelian.net\/sps\/wordpress\/wp-content\/uploads\/2011\/10\/Image-6.png\"><br \/>\n<\/a><a href=\"http:\/\/www.spsressources.ch\/wordpress\/wp-content\/uploads\/2011\/10\/Image-212.png\"><img loading=\"lazy\" decoding=\"async\" class=\"alignnone size-full wp-image-12892\" title=\"Image 21\" src=\"http:\/\/www.spsressources.ch\/wordpress\/wp-content\/uploads\/2011\/10\/Image-212.png\" alt=\"\" width=\"590\" height=\"475\" srcset=\"https:\/\/www.spsressources.ch\/wordpress\/wp-content\/uploads\/2011\/10\/Image-212.png 984w, https:\/\/www.spsressources.ch\/wordpress\/wp-content\/uploads\/2011\/10\/Image-212-300x241.png 300w\" sizes=\"auto, (max-width: 590px) 100vw, 590px\" \/><\/a><a href=\"http:\/\/www.vallelian.net\/sps\/wordpress\/wp-content\/uploads\/2011\/10\/Image-9.png\"><br \/>\n<\/a><span style=\"text-decoration: underline;\"><span style=\"color: #800080; text-decoration: underline;\"><a href=\"http:\/\/www.spsressources.ch\/wordpress\/?page_id=39\"><span style=\"color: #800080; text-decoration: underline;\">Cliquez\u00a0ici\u00a0pour aller sur la page qui contient <strong>les cartes de conjugaison<\/strong><\/span><\/a><\/span><\/span><\/p>\n<p style=\"text-align: center;\"><span style=\"text-decoration: underline;\"><span style=\"color: #800080; text-decoration: underline;\"><a href=\"http:\/\/www.spsressources.ch\/wordpress\/?page_id=4426\"><span style=\"color: #800080; text-decoration: underline;\">Cliquez\u00a0ici\u00a0pour aller sur la page qui contient<strong> les cartes de grammaire<\/strong><\/span><\/a><\/span><\/span><\/p>\n","protected":false},"excerpt":{"rendered":"<p>Le classeur de r\u00e9r\u00e9rences Dans ce classeur de format A5 se trouvent diff\u00e9rents documents de r\u00e9f\u00e9rences que l&rsquo;enfant conserve tout au long de sa scolarit\u00e9. \u00a0On y ajoute des pages selon les besoins de l&rsquo;enfant et les notions abord\u00e9es en &hellip; <a href=\"https:\/\/www.spsressources.ch\/wordpress\/?page_id=560\">Continuer la lecture <span class=\"meta-nav\">&rarr;<\/span><\/a><\/p>\n","protected":false},"author":3472,"featured_media":0,"parent":586,"menu_order":2,"comment_status":"open","ping_status":"closed","template":"","meta":{"footnotes":""},"class_list":["post-560","page","type-page","status-publish","hentry"],"_links":{"self":[{"href":"https:\/\/www.spsressources.ch\/wordpress\/index.php?rest_route=\/wp\/v2\/pages\/560","targetHints":{"allow":["GET"]}}],"collection":[{"href":"https:\/\/www.spsressources.ch\/wordpress\/index.php?rest_route=\/wp\/v2\/pages"}],"about":[{"href":"https:\/\/www.spsressources.ch\/wordpress\/index.php?rest_route=\/wp\/v2\/types\/page"}],"author":[{"embeddable":true,"href":"https:\/\/www.spsressources.ch\/wordpress\/index.php?rest_route=\/wp\/v2\/users\/3472"}],"replies":[{"embeddable":true,"href":"https:\/\/www.spsressources.ch\/wordpress\/index.php?rest_route=%2Fwp%2Fv2%2Fcomments&post=560"}],"version-history":[{"count":43,"href":"https:\/\/www.spsressources.ch\/wordpress\/index.php?rest_route=\/wp\/v2\/pages\/560\/revisions"}],"predecessor-version":[{"id":562,"href":"https:\/\/www.spsressources.ch\/wordpress\/index.php?rest_route=\/wp\/v2\/pages\/560\/revisions\/562"}],"up":[{"embeddable":true,"href":"https:\/\/www.spsressources.ch\/wordpress\/index.php?rest_route=\/wp\/v2\/pages\/586"}],"wp:attachment":[{"href":"https:\/\/www.spsressources.ch\/wordpress\/index.php?rest_route=%2Fwp%2Fv2%2Fmedia&parent=560"}],"curies":[{"name":"wp","href":"https:\/\/api.w.org\/{rel}","templated":true}]}}