{"id":5140,"date":"2012-09-05T13:32:19","date_gmt":"2012-09-05T13:32:19","guid":{"rendered":"http:\/\/www.spsressources.ch\/wordpress\/?page_id=5140"},"modified":"2015-10-08T07:04:16","modified_gmt":"2015-10-08T07:04:16","slug":"calculs-daires-perimetres-et-volumes","status":"publish","type":"page","link":"https:\/\/www.spsressources.ch\/wordpress\/?page_id=5140","title":{"rendered":"Aires, P\u00e9rim\u00e8tres et Volumes"},"content":{"rendered":"<p style=\"text-align: left;\">Les cartes supports pour r\u00e9aliser <strong>des calculs de p\u00e9rim\u00e8tres, d&rsquo;aires et de volumes.<\/strong><\/p>\n<p style=\"text-align: left;\">Ces cartes-supports de format A5 \u00a0accompagnent l\u2019enfant dans la\u00a0<strong>r\u00e9alisation de diff\u00e9rents probl\u00e8mes li\u00e9s aux calculs de p\u00e9rim\u00e8tres, d&rsquo;aires et de volumes<\/strong>. Leur repr\u00e9sentation visuelle apporte \u00a0une meilleure compr\u00e9hension. Elles ont \u00e9t\u00e9 cr\u00e9es pour accompagner un enfant souffrant de dyscalculie.\u00a0L&rsquo;enfant est guid\u00e9 dans la d\u00e9marche. Il \u00a0inscrit \u00a0les diff\u00e9rentes mesures et r\u00e9alise les calculs plus facilement.<\/p>\n<p>Ces cartes sont plastifi\u00e9es et permettent \u00e0 l\u2019enfant de s\u2019exercer en utilisant un stylo effa\u00e7able.<\/p>\n<p style=\"text-align: center;\"><a href=\"http:\/\/www.spsressources.ch\/wordpress\/wp-content\/uploads\/2012\/09\/Image-171.png\"><br \/>\n<\/a><br \/>\n<img loading=\"lazy\" decoding=\"async\" class=\"aligncenter\" title=\"Capture d\u2019\u00e9cran 2012-09-05 \u00e0 15.28.13\" src=\"http:\/\/www.spsressources.ch\/wordpress\/wp-content\/uploads\/2012\/09\/Capture-d\u2019\u00e9cran-2012-09-05-\u00e0-15.28.131.png\" alt=\"\" width=\"276\" height=\"224\" \/><span style=\"text-decoration: underline;\"><span style=\"color: #800080; text-decoration: underline;\"><a href=\"http:\/\/www.spsressources.ch\/wordpress\/?page_id=5280 \"><span style=\"color: #800080; text-decoration: underline;\">Cliquez ici pour aller sur la page: calculs des volumes<\/span><\/a><\/span><\/span><\/p>\n<p style=\"text-align: center;\"><span style=\"text-decoration: underline;\"><span style=\"color: #800080; text-decoration: underline;\"><a href=\" http:\/\/www.spsressources.ch\/wordpress\/?page_id=5287 \"><span style=\"color: #800080; text-decoration: underline;\">Cliquez ici pour aller sur la page calculs des aires<\/span><\/a><\/span><\/span><\/p>\n<p style=\"text-align: center;\"><span style=\"text-decoration: underline;\"><span style=\"color: #800080; text-decoration: underline;\"><a href=\"http:\/\/www.spsressources.ch\/wordpress\/?page_id=5296\"><span style=\"color: #800080; text-decoration: underline;\">Cliquez ici pour aller sur la page calcul des p\u00e9rim\u00e8tres<\/span><\/a><\/span><\/span><\/p>\n<p style=\"text-align: center;\"><span style=\"text-decoration: underline;\"><span style=\"color: #800080; text-decoration: underline;\"><a href=\"http:\/\/www.spsressources.ch\/wordpress\/?page_id=6299\"><span style=\"color: #800080; text-decoration: underline;\">Cliquez ici pour aller sur la page : le cercle<\/span><\/a><\/span><\/span><\/p>\n<p style=\"text-align: center;\"><span style=\"text-decoration: underline;\"><span style=\"color: #800080;\"><a href=\"http:\/\/pointecole.free.fr\/polices.html\"><span style=\"color: #800080; text-decoration: underline;\">Cliquez ici pour t\u00e9l\u00e9charger les polices de carat\u00e8res Monsieur-Madame<\/span><\/a><\/span><\/span><a href=\"http:\/\/www.spsressources.ch\/wordpress\/wp-content\/uploads\/2012\/09\/Image-271.png\"><img loading=\"lazy\" decoding=\"async\" class=\"aligncenter size-full wp-image-5433\" title=\"Image 27\" src=\"http:\/\/www.spsressources.ch\/wordpress\/wp-content\/uploads\/2012\/09\/Image-271.png\" alt=\"\" width=\"528\" height=\"168\" srcset=\"https:\/\/www.spsressources.ch\/wordpress\/wp-content\/uploads\/2012\/09\/Image-271.png 528w, https:\/\/www.spsressources.ch\/wordpress\/wp-content\/uploads\/2012\/09\/Image-271-300x95.png 300w\" sizes=\"auto, (max-width: 528px) 100vw, 528px\" \/><\/a><\/p>\n","protected":false},"excerpt":{"rendered":"<p>Les cartes supports pour r\u00e9aliser des calculs de p\u00e9rim\u00e8tres, d&rsquo;aires et de volumes. Ces cartes-supports de format A5 \u00a0accompagnent l\u2019enfant dans la\u00a0r\u00e9alisation de diff\u00e9rents probl\u00e8mes li\u00e9s aux calculs de p\u00e9rim\u00e8tres, d&rsquo;aires et de volumes. Leur repr\u00e9sentation visuelle apporte \u00a0une meilleure &hellip; <a href=\"https:\/\/www.spsressources.ch\/wordpress\/?page_id=5140\">Continuer la lecture <span class=\"meta-nav\">&rarr;<\/span><\/a><\/p>\n","protected":false},"author":3472,"featured_media":0,"parent":581,"menu_order":0,"comment_status":"open","ping_status":"closed","template":"","meta":{"footnotes":""},"class_list":["post-5140","page","type-page","status-publish","hentry"],"_links":{"self":[{"href":"https:\/\/www.spsressources.ch\/wordpress\/index.php?rest_route=\/wp\/v2\/pages\/5140","targetHints":{"allow":["GET"]}}],"collection":[{"href":"https:\/\/www.spsressources.ch\/wordpress\/index.php?rest_route=\/wp\/v2\/pages"}],"about":[{"href":"https:\/\/www.spsressources.ch\/wordpress\/index.php?rest_route=\/wp\/v2\/types\/page"}],"author":[{"embeddable":true,"href":"https:\/\/www.spsressources.ch\/wordpress\/index.php?rest_route=\/wp\/v2\/users\/3472"}],"replies":[{"embeddable":true,"href":"https:\/\/www.spsressources.ch\/wordpress\/index.php?rest_route=%2Fwp%2Fv2%2Fcomments&post=5140"}],"version-history":[{"count":95,"href":"https:\/\/www.spsressources.ch\/wordpress\/index.php?rest_route=\/wp\/v2\/pages\/5140\/revisions"}],"predecessor-version":[{"id":5156,"href":"https:\/\/www.spsressources.ch\/wordpress\/index.php?rest_route=\/wp\/v2\/pages\/5140\/revisions\/5156"}],"up":[{"embeddable":true,"href":"https:\/\/www.spsressources.ch\/wordpress\/index.php?rest_route=\/wp\/v2\/pages\/581"}],"wp:attachment":[{"href":"https:\/\/www.spsressources.ch\/wordpress\/index.php?rest_route=%2Fwp%2Fv2%2Fmedia&parent=5140"}],"curies":[{"name":"wp","href":"https:\/\/api.w.org\/{rel}","templated":true}]}}