{"id":467,"date":"2011-10-25T05:01:24","date_gmt":"2011-10-25T05:01:24","guid":{"rendered":"http:\/\/www.vallelian.net\/sps\/wordpress\/?page_id=467"},"modified":"2016-04-16T07:15:26","modified_gmt":"2016-04-16T07:15:26","slug":"le-handicap","status":"publish","type":"page","link":"https:\/\/www.spsressources.ch\/wordpress\/?page_id=467","title":{"rendered":"Le handicap"},"content":{"rendered":"<p>Le(s) handicap(s)<\/p>\n<p><em><strong><br \/>\n<\/strong><\/em><\/p>\n<ul>\n<li>\u00a0\u00a0<strong>Le handicap<\/strong>, Milan jeunesse, Mes p&rsquo;tits Docs. D\u00e8s l&rsquo;\u00e9cole enfantine &#8211; sur les handicaps en g\u00e9n\u00e9ral avec illustrations.\u00a0<a href=\"http:\/\/www.vallelian.net\/sps\/wordpress\/wp-content\/uploads\/2011\/10\/Image-33.png\"><br \/>\n<\/a><\/li>\n<li>\u00a0\u00a0\u00a0<strong>C\u0153ur d&rsquo;Alice<\/strong>, \u00e9dition Rue du Monde, d\u00e8s l&rsquo;\u00e9cole enfantine, beau livre, belles illustrations, un peu sp\u00e9cial, comme la petite Alice en chaise roulante&#8230;pour tous ceux qui la regardent \u00e9trangement !<a href=\"http:\/\/www.vallelian.net\/sps\/wordpress\/wp-content\/uploads\/2011\/10\/Image-32.png\"><br \/>\n<\/a><\/li>\n<\/ul>\n<p><em><strong><img loading=\"lazy\" decoding=\"async\" class=\"size-full wp-image-13610 aligncenter\" title=\"Capture d\u2019\u00e9cran 2015-11-21 \u00e0 07.11.18\" src=\"http:\/\/www.spsressources.ch\/wordpress\/wp-content\/uploads\/2011\/10\/Capture-d\u2019\u00e9cran-2015-11-21-\u00e0-07.11.18.png\" alt=\"\" width=\"190\" height=\"117\" \/><br \/>\n<\/strong><\/em><\/p>\n<ul>\n<li><strong>La petite casserole d\u2019Anatole<\/strong>,(2009), Isabelle Carrier, Bilboquet-Valbert. D\u00e8s l\u2019\u00e9cole enfantine.<a href=\"http:\/\/www.vallelian.net\/sps\/wordpress\/wp-content\/uploads\/2011\/10\/Image-35.png\"><br \/>\n<\/a><a href=\"http:\/\/www.vallelian.net\/sps\/wordpress\/wp-content\/uploads\/2011\/10\/Image-341.png\"><br \/>\n<\/a><\/li>\n<\/ul>\n<p><em><strong><img loading=\"lazy\" decoding=\"async\" class=\"size-full wp-image-13609 aligncenter\" title=\"Capture d\u2019\u00e9cran 2015-11-21 \u00e0 07.09.13\" src=\"http:\/\/www.spsressources.ch\/wordpress\/wp-content\/uploads\/2011\/10\/Capture-d\u2019\u00e9cran-2015-11-21-\u00e0-07.09.13.png\" alt=\"\" width=\"189\" height=\"131\" \/><a href=\" http:\/\/www.lesfilmsdupreau.com\/pdfs\/guides\/pca_0.pdf\">Dossier p\u00e9dagogique<\/a>\u00a0et <a href=\"https:\/\/www.youtube.com\/watch?v=nQ6Barowf_c\">vid\u00e9o<\/a><\/strong><\/em><\/p>\n<ul>\n<li style=\"text-align: center;\">\u00a0\u00a0\u00a0<strong>Handicap, m\u00eame pas peur<\/strong>, (2007), Sylvie Boutaudou, Milan Jeunesse. Pour les plus grands (d\u00e8s 10-12 ans).\u00a0<a href=\"http:\/\/www.vallelian.net\/sps\/wordpress\/wp-content\/uploads\/2011\/10\/Image-36.png\"><br \/>\n<\/a><\/li>\n<\/ul>\n<p><a href=\"http:\/\/www.spsressources.ch\/wordpress\/wp-content\/uploads\/2011\/10\/Capture-d\u2019\u00e9cran-2015-11-21-\u00e0-07.12.35.png\"><img loading=\"lazy\" decoding=\"async\" class=\"size-full wp-image-13612 aligncenter\" title=\"Capture d\u2019\u00e9cran 2015-11-21 \u00e0 07.12.35\" src=\"http:\/\/www.spsressources.ch\/wordpress\/wp-content\/uploads\/2011\/10\/Capture-d\u2019\u00e9cran-2015-11-21-\u00e0-07.12.35.png\" alt=\"\" width=\"122\" height=\"171\" srcset=\"https:\/\/www.spsressources.ch\/wordpress\/wp-content\/uploads\/2011\/10\/Capture-d\u2019\u00e9cran-2015-11-21-\u00e0-07.12.35.png 339w, https:\/\/www.spsressources.ch\/wordpress\/wp-content\/uploads\/2011\/10\/Capture-d\u2019\u00e9cran-2015-11-21-\u00e0-07.12.35-214x300.png 214w\" sizes=\"auto, (max-width: 122px) 100vw, 122px\" \/><\/a><\/p>\n<ul>\n<li>\u00a0<strong>Vivre avec un handicap<\/strong>, (2008), Catherine Dolto, Gallimard Jeunesse, Giboul\u00e9es. EE et 1P\u00a0<a href=\"http:\/\/www.spsressources.ch\/wordpress\/wp-content\/uploads\/2011\/10\/Capture-d\u2019e\u0301cran-2015-12-01-a\u0300-16.14.39.png\"><img loading=\"lazy\" decoding=\"async\" class=\"alignnone size-full wp-image-13650\" title=\"Capture d\u2019e\u0301cran 2015-12-01 a\u0300 16.14.39\" src=\"http:\/\/www.spsressources.ch\/wordpress\/wp-content\/uploads\/2011\/10\/Capture-d\u2019e\u0301cran-2015-12-01-a\u0300-16.14.39.png\" alt=\"\" width=\"256\" height=\"265\" srcset=\"https:\/\/www.spsressources.ch\/wordpress\/wp-content\/uploads\/2011\/10\/Capture-d\u2019e\u0301cran-2015-12-01-a\u0300-16.14.39.png 427w, https:\/\/www.spsressources.ch\/wordpress\/wp-content\/uploads\/2011\/10\/Capture-d\u2019e\u0301cran-2015-12-01-a\u0300-16.14.39-290x300.png 290w\" sizes=\"auto, (max-width: 256px) 100vw, 256px\" \/><\/a><a href=\"http:\/\/www.vallelian.net\/sps\/wordpress\/wp-content\/uploads\/2011\/10\/Image-37.png\"><br \/>\n<\/a><\/li>\n<\/ul>\n<p><em><br \/>\n<\/em><\/p>\n<ul>\n<li><strong>\u00a0La l\u00e9gende de Kiski,\u00a0<\/strong>Andr\u00e9a N\u00e8ve et Mario Ramos, d\u00e9couvrons les diff\u00e9rences, Frimousse, \u00e9ditions Artoria, tr\u00e8s jolie histoire avec dossier \u00e0 la fin suscitant un questionnement par rapport aux diff\u00e9rences. D\u00e8s 4 ans<a href=\"http:\/\/www.spsressources.ch\/wordpress\/wp-content\/uploads\/2011\/10\/Capture-d\u2019e\u0301cran-2015-12-01-a\u0300-16.16.54.png\"><img loading=\"lazy\" decoding=\"async\" class=\"alignnone size-full wp-image-13651\" title=\"Capture d\u2019e\u0301cran 2015-12-01 a\u0300 16.16.54\" src=\"http:\/\/www.spsressources.ch\/wordpress\/wp-content\/uploads\/2011\/10\/Capture-d\u2019e\u0301cran-2015-12-01-a\u0300-16.16.54.png\" alt=\"\" width=\"258\" height=\"248\" \/><\/a><a href=\"http:\/\/www.vallelian.net\/sps\/wordpress\/wp-content\/uploads\/2011\/10\/Image-311.png\"><br \/>\n<\/a><a href=\"http:\/\/www.vallelian.net\/sps\/wordpress\/wp-content\/uploads\/2011\/10\/Image-30.png\"><br \/>\n<\/a><strong><\/strong><\/li>\n<\/ul>\n","protected":false},"excerpt":{"rendered":"<p>Le(s) handicap(s) \u00a0\u00a0Le handicap, Milan jeunesse, Mes p&rsquo;tits Docs. D\u00e8s l&rsquo;\u00e9cole enfantine &#8211; sur les handicaps en g\u00e9n\u00e9ral avec illustrations.\u00a0 \u00a0\u00a0\u00a0C\u0153ur d&rsquo;Alice, \u00e9dition Rue du Monde, d\u00e8s l&rsquo;\u00e9cole enfantine, beau livre, belles illustrations, un peu sp\u00e9cial, comme la petite Alice &hellip; <a href=\"https:\/\/www.spsressources.ch\/wordpress\/?page_id=467\">Continuer la lecture <span class=\"meta-nav\">&rarr;<\/span><\/a><\/p>\n","protected":false},"author":3472,"featured_media":0,"parent":344,"menu_order":0,"comment_status":"open","ping_status":"closed","template":"","meta":{"footnotes":""},"class_list":["post-467","page","type-page","status-publish","hentry"],"_links":{"self":[{"href":"https:\/\/www.spsressources.ch\/wordpress\/index.php?rest_route=\/wp\/v2\/pages\/467","targetHints":{"allow":["GET"]}}],"collection":[{"href":"https:\/\/www.spsressources.ch\/wordpress\/index.php?rest_route=\/wp\/v2\/pages"}],"about":[{"href":"https:\/\/www.spsressources.ch\/wordpress\/index.php?rest_route=\/wp\/v2\/types\/page"}],"author":[{"embeddable":true,"href":"https:\/\/www.spsressources.ch\/wordpress\/index.php?rest_route=\/wp\/v2\/users\/3472"}],"replies":[{"embeddable":true,"href":"https:\/\/www.spsressources.ch\/wordpress\/index.php?rest_route=%2Fwp%2Fv2%2Fcomments&post=467"}],"version-history":[{"count":16,"href":"https:\/\/www.spsressources.ch\/wordpress\/index.php?rest_route=\/wp\/v2\/pages\/467\/revisions"}],"predecessor-version":[{"id":469,"href":"https:\/\/www.spsressources.ch\/wordpress\/index.php?rest_route=\/wp\/v2\/pages\/467\/revisions\/469"}],"up":[{"embeddable":true,"href":"https:\/\/www.spsressources.ch\/wordpress\/index.php?rest_route=\/wp\/v2\/pages\/344"}],"wp:attachment":[{"href":"https:\/\/www.spsressources.ch\/wordpress\/index.php?rest_route=%2Fwp%2Fv2%2Fmedia&parent=467"}],"curies":[{"name":"wp","href":"https:\/\/api.w.org\/{rel}","templated":true}]}}