{"id":4577,"date":"2012-08-31T06:33:26","date_gmt":"2012-08-31T06:33:26","guid":{"rendered":"http:\/\/www.spsressources.ch\/wordpress\/?page_id=4577"},"modified":"2015-01-09T14:02:25","modified_gmt":"2015-01-09T14:02:25","slug":"er-e-2","status":"publish","type":"page","link":"https:\/\/www.spsressources.ch\/wordpress\/?page_id=4577","title":{"rendered":"est, es, et ?"},"content":{"rendered":"<p style=\"text-align: left;\"><a href=\"http:\/\/www.spsressources.ch\/wordpress\/wp-content\/uploads\/2012\/08\/Image-19.png\"><br \/>\n<\/a>Cette petite \u00ab\u00a0machine\u00a0\u00bb aide l&rsquo;enfant \u00e0 choisir la bonne orthographe gr\u00e2ce \u00e0 la manipulation de la bande amovible.<\/p>\n<p><img loading=\"lazy\" decoding=\"async\" class=\"aligncenter size-full wp-image-4580\" title=\"Image 43\" src=\"http:\/\/www.spsressources.ch\/wordpress\/wp-content\/uploads\/2012\/08\/Image-43.png\" alt=\"\" width=\"386\" height=\"265\" srcset=\"https:\/\/www.spsressources.ch\/wordpress\/wp-content\/uploads\/2012\/08\/Image-43.png 1072w, https:\/\/www.spsressources.ch\/wordpress\/wp-content\/uploads\/2012\/08\/Image-43-300x206.png 300w, https:\/\/www.spsressources.ch\/wordpress\/wp-content\/uploads\/2012\/08\/Image-43-1024x704.png 1024w\" sizes=\"auto, (max-width: 386px) 100vw, 386px\" \/><\/p>\n<p style=\"text-align: center;\"><em><br \/>\n<\/em><\/p>\n<ul>\n<li><strong>la carte de base :<\/strong><\/li>\n<\/ul>\n<p><span class=\"Apple-style-span\" style=\"font-size: 16px; color: #444444; font-family: Georgia, 'Bitstream Charter', serif; line-height: 24px;\">Il s&rsquo;agit d&rsquo;imprimer la carte de base et de la plastifier. Ensuite y r\u00e9aliser deux fentes \u00e0 l&rsquo;endroit pr\u00e9vu de mani\u00e8re \u00e0 pouvoir y ins\u00e9rer la bande :<\/span><\/p>\n<p style=\"text-align: center;\"><a href=\"http:\/\/www.spsressources.ch\/wordpress\/wp-content\/uploads\/2012\/08\/homophone-et1.pdf\">Cliquez \u00a0ici\u00a0pour t\u00e9l\u00e9charger cette carte<\/a><\/p>\n<p style=\"text-align: center;\"><a href=\"http:\/\/www.spsressources.ch\/wordpress\/wp-content\/uploads\/2012\/08\/homophone-et1.pdf\"><img loading=\"lazy\" decoding=\"async\" title=\"Image 19\" src=\"http:\/\/www.spsressources.ch\/wordpress\/wp-content\/uploads\/2012\/08\/Image-19.png\" alt=\"\" width=\"371\" height=\"265\" \/><\/a><a href=\"http:\/\/www.spsressources.ch\/wordpress\/wp-content\/uploads\/2012\/08\/Image-49.png\"><br \/>\n<\/a><\/p>\n<ol>\n<li>la bande amovible<\/li>\n<\/ol>\n<p style=\"text-align: center;\"><span class=\"Apple-style-span\" style=\"font-size: 16px; color: #444444; font-family: Georgia, 'Bitstream Charter', serif; line-height: 24px;\"><a href=\"http:\/\/www.spsressources.ch\/wordpress\/wp-content\/uploads\/2012\/08\/homophone-et-bande.pdf\"><img loading=\"lazy\" decoding=\"async\" class=\"aligncenter size-full wp-image-4652\" title=\"Image 20\" src=\"http:\/\/www.spsressources.ch\/wordpress\/wp-content\/uploads\/2012\/08\/Image-201.png\" alt=\"\" width=\"83\" height=\"210\" \/><\/a><\/span><a href=\"http:\/\/www.spsressources.ch\/wordpress\/wp-content\/uploads\/2012\/08\/homophone-et-bande.pdf\">Cliquez \u00a0ici\u00a0pour t\u00e9l\u00e9charger cette bande<\/a><\/p>\n<p style=\"text-align: center;\"><img loading=\"lazy\" decoding=\"async\" title=\"Image 44\" src=\"http:\/\/www.spsressources.ch\/wordpress\/wp-content\/uploads\/2012\/08\/Image-44.png\" alt=\"\" width=\"283\" height=\"228\" \/><\/p>\n<p style=\"text-align: left;\">Il suffit d&rsquo;enfiler la bande apr\u00e8s avoir r\u00e9alis\u00e9 deux fentes \u00e0 l&rsquo;endroit pr\u00e9vu !<br \/>\n<a href=\"http:\/\/www.spsressources.ch\/wordpress\/wp-content\/uploads\/2012\/08\/homophone-et-bande.pdf\"><img loading=\"lazy\" decoding=\"async\" class=\"aligncenter size-full wp-image-4582\" title=\"Image 45\" src=\"http:\/\/www.spsressources.ch\/wordpress\/wp-content\/uploads\/2012\/08\/Image-45.png\" alt=\"\" width=\"178\" height=\"202\" srcset=\"https:\/\/www.spsressources.ch\/wordpress\/wp-content\/uploads\/2012\/08\/Image-45.png 296w, https:\/\/www.spsressources.ch\/wordpress\/wp-content\/uploads\/2012\/08\/Image-45-264x300.png 264w\" sizes=\"auto, (max-width: 178px) 100vw, 178px\" \/><\/a>Ensuite, il suffit d&rsquo;inscrire au stylo effa\u00e7able une partie de la phrase et de tirer la petite<\/p>\n<p style=\"text-align: left;\"><span class=\"Apple-style-span\" style=\"color: #000000; font-family: Georgia, 'Times New Roman', 'Bitstream Charter', Times, serif; font-size: 12px; line-height: 18px;\"><img loading=\"lazy\" decoding=\"async\" title=\"Image 47\" src=\"http:\/\/www.spsressources.ch\/wordpress\/wp-content\/uploads\/2012\/08\/Image-47.png\" alt=\"\" width=\"239\" height=\"133\" \/><\/span><span class=\"Apple-style-span\" style=\"color: #000000; font-family: Georgia, 'Times New Roman', 'Bitstream Charter', Times, serif; font-size: 12px; line-height: 18px;\"><img loading=\"lazy\" decoding=\"async\" title=\"Image 48\" src=\"http:\/\/www.spsressources.ch\/wordpress\/wp-content\/uploads\/2012\/08\/Image-481.png\" alt=\"\" width=\"270\" height=\"146\" \/><\/span><\/p>\n<p style=\"text-align: left;\">afin de choisir la bonne orthographe !<\/p>\n<p><span class=\"Apple-style-span\" style=\"color: #000000; font-family: Georgia, 'Times New Roman', 'Bitstream Charter', Times, serif; font-size: 12px; line-height: 18px;\"><img loading=\"lazy\" decoding=\"async\" class=\"size-full wp-image-4629\" title=\"Image 16\" src=\"http:\/\/www.spsressources.ch\/wordpress\/wp-content\/uploads\/2012\/08\/Image-16.png\" alt=\"\" width=\"236\" height=\"140\" srcset=\"https:\/\/www.spsressources.ch\/wordpress\/wp-content\/uploads\/2012\/08\/Image-16.png 1093w, https:\/\/www.spsressources.ch\/wordpress\/wp-content\/uploads\/2012\/08\/Image-16-300x177.png 300w, https:\/\/www.spsressources.ch\/wordpress\/wp-content\/uploads\/2012\/08\/Image-16-1024x606.png 1024w\" sizes=\"auto, (max-width: 236px) 100vw, 236px\" \/><img loading=\"lazy\" decoding=\"async\" title=\"Image 49\" src=\"http:\/\/www.spsressources.ch\/wordpress\/wp-content\/uploads\/2012\/08\/Image-49.png\" alt=\"\" width=\"233\" height=\"140\" \/><\/span><\/p>\n<p style=\"text-align: center;\"><a href=\"http:\/\/www.spsressources.ch\/wordpress\/wp-content\/uploads\/2012\/08\/Image-43.png\"><br \/>\n<\/a><\/p>\n","protected":false},"excerpt":{"rendered":"<p>Cette petite \u00ab\u00a0machine\u00a0\u00bb aide l&rsquo;enfant \u00e0 choisir la bonne orthographe gr\u00e2ce \u00e0 la manipulation de la bande amovible. la carte de base : Il s&rsquo;agit d&rsquo;imprimer la carte de base et de la plastifier. Ensuite y r\u00e9aliser deux fentes \u00e0 &hellip; <a href=\"https:\/\/www.spsressources.ch\/wordpress\/?page_id=4577\">Continuer la lecture <span class=\"meta-nav\">&rarr;<\/span><\/a><\/p>\n","protected":false},"author":3472,"featured_media":0,"parent":3789,"menu_order":0,"comment_status":"open","ping_status":"closed","template":"","meta":{"footnotes":""},"class_list":["post-4577","page","type-page","status-publish","hentry"],"_links":{"self":[{"href":"https:\/\/www.spsressources.ch\/wordpress\/index.php?rest_route=\/wp\/v2\/pages\/4577","targetHints":{"allow":["GET"]}}],"collection":[{"href":"https:\/\/www.spsressources.ch\/wordpress\/index.php?rest_route=\/wp\/v2\/pages"}],"about":[{"href":"https:\/\/www.spsressources.ch\/wordpress\/index.php?rest_route=\/wp\/v2\/types\/page"}],"author":[{"embeddable":true,"href":"https:\/\/www.spsressources.ch\/wordpress\/index.php?rest_route=\/wp\/v2\/users\/3472"}],"replies":[{"embeddable":true,"href":"https:\/\/www.spsressources.ch\/wordpress\/index.php?rest_route=%2Fwp%2Fv2%2Fcomments&post=4577"}],"version-history":[{"count":30,"href":"https:\/\/www.spsressources.ch\/wordpress\/index.php?rest_route=\/wp\/v2\/pages\/4577\/revisions"}],"predecessor-version":[{"id":4587,"href":"https:\/\/www.spsressources.ch\/wordpress\/index.php?rest_route=\/wp\/v2\/pages\/4577\/revisions\/4587"}],"up":[{"embeddable":true,"href":"https:\/\/www.spsressources.ch\/wordpress\/index.php?rest_route=\/wp\/v2\/pages\/3789"}],"wp:attachment":[{"href":"https:\/\/www.spsressources.ch\/wordpress\/index.php?rest_route=%2Fwp%2Fv2%2Fmedia&parent=4577"}],"curies":[{"name":"wp","href":"https:\/\/api.w.org\/{rel}","templated":true}]}}