{"id":4131,"date":"2012-08-24T16:15:55","date_gmt":"2012-08-24T16:15:55","guid":{"rendered":"http:\/\/www.spsressources.ch\/wordpress\/?page_id=4131"},"modified":"2016-11-19T05:18:29","modified_gmt":"2016-11-19T05:18:29","slug":"coffret-pour-la-numeration","status":"publish","type":"page","link":"https:\/\/www.spsressources.ch\/wordpress\/?page_id=4131","title":{"rendered":"Coffret pour la num\u00e9ration"},"content":{"rendered":"<p style=\"text-align: center;\"><a href=\"http:\/\/www.spsressources.ch\/wordpress\/wp-content\/uploads\/2012\/08\/DSC_0436.jpg\"><br \/>\n<\/a>Le coffret pour la num\u00e9ration\u00a0<a href=\"http:\/\/www.spsressources.ch\/wordpress\/wp-content\/uploads\/2012\/08\/Capture-d\u2019\u00e9cran-2012-08-29-\u00e0-11.16.13.png\"><img loading=\"lazy\" decoding=\"async\" class=\"aligncenter size-full wp-image-4280\" title=\"Capture d\u2019\u00e9cran 2012-08-29 \u00e0 11.16.13\" src=\"http:\/\/www.spsressources.ch\/wordpress\/wp-content\/uploads\/2012\/08\/Capture-d\u2019\u00e9cran-2012-08-29-\u00e0-11.16.13.png\" alt=\"\" width=\"303\" height=\"175\" srcset=\"https:\/\/www.spsressources.ch\/wordpress\/wp-content\/uploads\/2012\/08\/Capture-d\u2019\u00e9cran-2012-08-29-\u00e0-11.16.13.png 505w, https:\/\/www.spsressources.ch\/wordpress\/wp-content\/uploads\/2012\/08\/Capture-d\u2019\u00e9cran-2012-08-29-\u00e0-11.16.13-300x173.png 300w\" sizes=\"auto, (max-width: 303px) 100vw, 303px\" \/><\/a><\/p>\n<p style=\"text-align: center;\">Il contient des r\u00e9glettes<a href=\"http:\/\/www.spsressources.ch\/wordpress\/wp-content\/uploads\/2012\/08\/Image-311.png\"><img loading=\"lazy\" decoding=\"async\" class=\"aligncenter size-full wp-image-4216\" title=\"Image 31\" src=\"http:\/\/www.spsressources.ch\/wordpress\/wp-content\/uploads\/2012\/08\/Image-311.png\" alt=\"\" width=\"299\" height=\"199\" \/><\/a><a href=\"http:\/\/www.spsressources.ch\/wordpress\/wp-content\/uploads\/2012\/08\/Image-32.png\"><br \/>\n<\/a><a href=\"http:\/\/www.spsressources.ch\/wordpress\/wp-content\/uploads\/2012\/08\/Image-321.png\"><img loading=\"lazy\" decoding=\"async\" class=\"aligncenter size-medium wp-image-4215\" title=\"Image 32\" src=\"http:\/\/www.spsressources.ch\/wordpress\/wp-content\/uploads\/2012\/08\/Image-321-300x192.png\" alt=\"\" width=\"300\" height=\"192\" srcset=\"https:\/\/www.spsressources.ch\/wordpress\/wp-content\/uploads\/2012\/08\/Image-321-300x192.png 300w, https:\/\/www.spsressources.ch\/wordpress\/wp-content\/uploads\/2012\/08\/Image-321.png 305w\" sizes=\"auto, (max-width: 300px) 100vw, 300px\" \/><\/a><br \/>\nDes supports en bois permettent de repr\u00e9senter les nombres de 1 \u00e0 100 !<br \/>\n<a href=\"http:\/\/www.spsressources.ch\/wordpress\/wp-content\/uploads\/2012\/08\/Image-33.png\"><img loading=\"lazy\" decoding=\"async\" class=\"aligncenter size-full wp-image-4217\" title=\"Image 33\" src=\"http:\/\/www.spsressources.ch\/wordpress\/wp-content\/uploads\/2012\/08\/Image-33.png\" alt=\"\" width=\"295\" height=\"164\" \/><\/a><\/p>\n<p style=\"text-align: center;\"><a href=\"http:\/\/www.spsressources.ch\/wordpress\/wp-content\/uploads\/2012\/08\/Image-34.png\"><img loading=\"lazy\" decoding=\"async\" class=\"aligncenter size-full wp-image-4218\" title=\"Image 34\" src=\"http:\/\/www.spsressources.ch\/wordpress\/wp-content\/uploads\/2012\/08\/Image-34.png\" alt=\"\" width=\"297\" height=\"171\" \/><\/a><\/p>\n<p style=\"text-align: center;\"><a href=\"http:\/\/www.spsressources.ch\/wordpress\/wp-content\/uploads\/2012\/08\/Capture-d\u2019\u00e9cran-2012-08-29-\u00e0-11.18.33.png\"><img loading=\"lazy\" decoding=\"async\" class=\"aligncenter size-full wp-image-4283\" title=\"Capture d\u2019\u00e9cran 2012-08-29 \u00e0 11.18.33\" src=\"http:\/\/www.spsressources.ch\/wordpress\/wp-content\/uploads\/2012\/08\/Capture-d\u2019\u00e9cran-2012-08-29-\u00e0-11.18.33.png\" alt=\"\" width=\"306\" height=\"230\" srcset=\"https:\/\/www.spsressources.ch\/wordpress\/wp-content\/uploads\/2012\/08\/Capture-d\u2019\u00e9cran-2012-08-29-\u00e0-11.18.33.png 306w, https:\/\/www.spsressources.ch\/wordpress\/wp-content\/uploads\/2012\/08\/Capture-d\u2019\u00e9cran-2012-08-29-\u00e0-11.18.33-300x225.png 300w\" sizes=\"auto, (max-width: 306px) 100vw, 306px\" \/><\/a>Ce coffret contient les r\u00e9glettes suivantes :<a href=\"http:\/\/www.spsressources.ch\/wordpress\/wp-content\/uploads\/2012\/08\/Capture-d\u2019\u00e9cran-2012-08-29-\u00e0-11.08.34.png\"><img loading=\"lazy\" decoding=\"async\" class=\"aligncenter size-full wp-image-4269\" title=\"Capture d\u2019\u00e9cran 2012-08-29 \u00e0 11.08.34\" src=\"http:\/\/www.spsressources.ch\/wordpress\/wp-content\/uploads\/2012\/08\/Capture-d\u2019\u00e9cran-2012-08-29-\u00e0-11.08.34.png\" alt=\"\" width=\"269\" height=\"143\" srcset=\"https:\/\/www.spsressources.ch\/wordpress\/wp-content\/uploads\/2012\/08\/Capture-d\u2019\u00e9cran-2012-08-29-\u00e0-11.08.34.png 749w, https:\/\/www.spsressources.ch\/wordpress\/wp-content\/uploads\/2012\/08\/Capture-d\u2019\u00e9cran-2012-08-29-\u00e0-11.08.34-300x159.png 300w\" sizes=\"auto, (max-width: 269px) 100vw, 269px\" \/><\/a><\/p>\n<ul>\n<li>20 cubes de 1<\/li>\n<li>10 barres de 2<\/li>\n<li>10 barre de 3<\/li>\n<li>etc&#8230; \u00a0jusqu&rsquo;\u00e0 10 barres de 9<\/li>\n<li>20 barres de 10<\/li>\n<li>et deux barres de 20<\/li>\n<\/ul>\n<p style=\"text-align: left;\"><img loading=\"lazy\" decoding=\"async\" class=\"size-full wp-image-4277\" title=\"Capture d\u2019\u00e9cran 2012-08-29 \u00e0 11.14.33\" src=\"http:\/\/www.spsressources.ch\/wordpress\/wp-content\/uploads\/2012\/08\/Capture-d\u2019\u00e9cran-2012-08-29-\u00e0-11.14.33.png\" alt=\"\" width=\"262\" height=\"152\" srcset=\"https:\/\/www.spsressources.ch\/wordpress\/wp-content\/uploads\/2012\/08\/Capture-d\u2019\u00e9cran-2012-08-29-\u00e0-11.14.33.png 729w, https:\/\/www.spsressources.ch\/wordpress\/wp-content\/uploads\/2012\/08\/Capture-d\u2019\u00e9cran-2012-08-29-\u00e0-11.14.33-300x174.png 300w\" sizes=\"auto, (max-width: 262px) 100vw, 262px\" \/><\/p>\n<p style=\"text-align: center;\">(Peuvent \u00eatre tr\u00e8s utiles pour aider l&rsquo;enfant \u00e0 se faire une repr\u00e9sentation des livret 1&#215;3 \u00a0 \u00a02x 3 3&#215;3, etc&#8230;.)<\/p>\n<p>Il contient \u00e9galement un support permettant\u00a0 \u00e0 l&rsquo;enfant de manipuler les\u00a0 cubes et de les disposer de 1 \u00e0 10 sur des barrettes !<a href=\"http:\/\/www.spsressources.ch\/wordpress\/wp-content\/uploads\/2012\/08\/Capture-d\u2019\u00e9cran-2012-08-29-\u00e0-11.07.10.png\"><img loading=\"lazy\" decoding=\"async\" class=\"aligncenter size-full wp-image-4267\" title=\"Capture d\u2019\u00e9cran 2012-08-29 \u00e0 11.07.10\" src=\"http:\/\/www.spsressources.ch\/wordpress\/wp-content\/uploads\/2012\/08\/Capture-d\u2019\u00e9cran-2012-08-29-\u00e0-11.07.10.png\" alt=\"\" width=\"286\" height=\"199\" \/><\/a><br \/>\n<img loading=\"lazy\" decoding=\"async\" class=\"aligncenter\" title=\"Capture d\u2019\u00e9cran 2012-08-29 \u00e0 10.57.13\" src=\"http:\/\/www.spsressources.ch\/wordpress\/wp-content\/uploads\/2012\/08\/Capture-d\u2019\u00e9cran-2012-08-29-\u00e0-10.57.131.png\" alt=\"\" width=\"362\" height=\"247\" \/><\/p>\n<p>&nbsp;<\/p>\n","protected":false},"excerpt":{"rendered":"<p>Le coffret pour la num\u00e9ration\u00a0 Il contient des r\u00e9glettes Des supports en bois permettent de repr\u00e9senter les nombres de 1 \u00e0 100 ! Ce coffret contient les r\u00e9glettes suivantes : 20 cubes de 1 10 barres de 2 10 barre &hellip; <a href=\"https:\/\/www.spsressources.ch\/wordpress\/?page_id=4131\">Continuer la lecture <span class=\"meta-nav\">&rarr;<\/span><\/a><\/p>\n","protected":false},"author":3472,"featured_media":0,"parent":11295,"menu_order":0,"comment_status":"open","ping_status":"closed","template":"","meta":{"footnotes":""},"class_list":["post-4131","page","type-page","status-publish","hentry"],"_links":{"self":[{"href":"https:\/\/www.spsressources.ch\/wordpress\/index.php?rest_route=\/wp\/v2\/pages\/4131","targetHints":{"allow":["GET"]}}],"collection":[{"href":"https:\/\/www.spsressources.ch\/wordpress\/index.php?rest_route=\/wp\/v2\/pages"}],"about":[{"href":"https:\/\/www.spsressources.ch\/wordpress\/index.php?rest_route=\/wp\/v2\/types\/page"}],"author":[{"embeddable":true,"href":"https:\/\/www.spsressources.ch\/wordpress\/index.php?rest_route=\/wp\/v2\/users\/3472"}],"replies":[{"embeddable":true,"href":"https:\/\/www.spsressources.ch\/wordpress\/index.php?rest_route=%2Fwp%2Fv2%2Fcomments&post=4131"}],"version-history":[{"count":45,"href":"https:\/\/www.spsressources.ch\/wordpress\/index.php?rest_route=\/wp\/v2\/pages\/4131\/revisions"}],"predecessor-version":[{"id":4141,"href":"https:\/\/www.spsressources.ch\/wordpress\/index.php?rest_route=\/wp\/v2\/pages\/4131\/revisions\/4141"}],"up":[{"embeddable":true,"href":"https:\/\/www.spsressources.ch\/wordpress\/index.php?rest_route=\/wp\/v2\/pages\/11295"}],"wp:attachment":[{"href":"https:\/\/www.spsressources.ch\/wordpress\/index.php?rest_route=%2Fwp%2Fv2%2Fmedia&parent=4131"}],"curies":[{"name":"wp","href":"https:\/\/api.w.org\/{rel}","templated":true}]}}