{"id":3789,"date":"2012-05-08T19:52:05","date_gmt":"2012-05-08T19:52:05","guid":{"rendered":"http:\/\/www.vallelian.net\/sps\/wordpress\/?page_id=3789"},"modified":"2013-11-13T14:09:34","modified_gmt":"2013-11-13T14:09:34","slug":"orthographe","status":"publish","type":"page","link":"https:\/\/www.spsressources.ch\/wordpress\/?page_id=3789","title":{"rendered":"orthographe"},"content":{"rendered":"<p>Ces diff\u00e9rentes \u00ab\u00a0machines\u00a0\u00bb permettent \u00e0 l&rsquo;enfant de choisir la bonne orthographe gr\u00e2ce \u00e0 la manipulation. Il est guid\u00e9 dans ses choix !<\/p>\n<p>&nbsp;<\/p>\n<p>&nbsp;<\/p>\n<p style=\"text-align: center;\"><a href=\"http:\/\/www.spsressources.ch\/wordpress\/?page_id=4595\">Cliquez ici pour aller sur la page a, as ou \u00e0 ?<\/a><a href=\"http:\/\/www.spsressources.ch\/wordpress\/wp-content\/uploads\/2012\/05\/Image-11.png\"><img loading=\"lazy\" decoding=\"async\" class=\"aligncenter size-full wp-image-5356\" title=\"Image 1\" src=\"http:\/\/www.spsressources.ch\/wordpress\/wp-content\/uploads\/2012\/05\/Image-11.png\" alt=\"\" width=\"421\" height=\"266\" srcset=\"https:\/\/www.spsressources.ch\/wordpress\/wp-content\/uploads\/2012\/05\/Image-11.png 421w, https:\/\/www.spsressources.ch\/wordpress\/wp-content\/uploads\/2012\/05\/Image-11-300x189.png 300w\" sizes=\"auto, (max-width: 421px) 100vw, 421px\" \/><\/a><\/p>\n<p style=\"text-align: center;\"><span style=\"text-decoration: underline;\"><span style=\"color: #800080; text-decoration: underline;\"><a href=\"http:\/\/www.spsressources.ch\/wordpress\/?page_id=4676\"><span style=\"color: #800080; text-decoration: underline;\">Cliquez ici pour aller sur la page \u00e9 ? er ?<\/span><\/a><\/span><\/span><a href=\"http:\/\/www.spsressources.ch\/wordpress\/wp-content\/uploads\/2012\/05\/Image-2.png\"><img loading=\"lazy\" decoding=\"async\" class=\"aligncenter size-full wp-image-5358\" title=\"Image 2\" src=\"http:\/\/www.spsressources.ch\/wordpress\/wp-content\/uploads\/2012\/05\/Image-2.png\" alt=\"\" width=\"403\" height=\"262\" srcset=\"https:\/\/www.spsressources.ch\/wordpress\/wp-content\/uploads\/2012\/05\/Image-2.png 403w, https:\/\/www.spsressources.ch\/wordpress\/wp-content\/uploads\/2012\/05\/Image-2-300x195.png 300w\" sizes=\"auto, (max-width: 403px) 100vw, 403px\" \/><\/a><\/p>\n<p>&nbsp;<\/p>\n<p style=\"text-align: center;\"><span style=\"text-decoration: underline;\"><span style=\"color: #800080;\"><a href=\"http:\/\/www.spsressources.ch\/wordpress\/?page_id=4577\"><span style=\"color: #800080; text-decoration: underline;\">Cliquez ici pour aller sur la page et ? est ? es ?<\/span><\/a><\/span><\/span><a href=\"http:\/\/www.spsressources.ch\/wordpress\/wp-content\/uploads\/2012\/05\/Image-3.png\"><img loading=\"lazy\" decoding=\"async\" class=\"aligncenter size-full wp-image-5360\" title=\"Image 3\" src=\"http:\/\/www.spsressources.ch\/wordpress\/wp-content\/uploads\/2012\/05\/Image-3.png\" alt=\"\" width=\"371\" height=\"251\" srcset=\"https:\/\/www.spsressources.ch\/wordpress\/wp-content\/uploads\/2012\/05\/Image-3.png 371w, https:\/\/www.spsressources.ch\/wordpress\/wp-content\/uploads\/2012\/05\/Image-3-300x202.png 300w\" sizes=\"auto, (max-width: 371px) 100vw, 371px\" \/><\/a><\/p>\n<p>&nbsp;<\/p>\n<p>&nbsp;<\/p>\n<p style=\"text-align: center;\"><span style=\"text-decoration: underline;\"><span style=\"color: #800080; text-decoration: underline;\"><a href=\"http:\/\/www.spsressources.ch\/wordpress\/?page_id=3778 \"><span style=\"color: #800080; text-decoration: underline;\">Cliquez ici pour aller sur la page du \u00a0son <strong>[\u00a0e\u00a0] <\/strong>\u00a0: \u00e9 ? e ? \u00e8 ?\u00a0<\/span><\/a><\/span><\/span><\/p>\n<p>&nbsp;<\/p>\n<p><a href=\"http:\/\/www.vallelian.net\/sps\/wordpress\/wp-content\/uploads\/2012\/05\/Capture-d\u2019\u00e9cran-2012-05-09-\u00e0-06.13.49.png\"><img loading=\"lazy\" decoding=\"async\" class=\"aligncenter\" title=\"Capture d\u2019\u00e9cran 2012-05-09 \u00e0 06.13.49\" src=\"http:\/\/www.vallelian.net\/sps\/wordpress\/wp-content\/uploads\/2012\/05\/Capture-d\u2019\u00e9cran-2012-05-09-\u00e0-06.13.49.png\" alt=\"\" width=\"249\" height=\"365\" \/><\/a><\/p>\n<p><a href=\"http:\/\/pointecole.free.fr\/polices.html\"><span style=\"text-decoration: underline;\"><span style=\"color: #800080; text-decoration: underline;\">Cliquez ici pour t\u00e9l\u00e9charger les polices de carat\u00e8res Monsieur-Madame<\/span><\/span><strong><\/strong><\/a><strong><a href=\"http:\/\/www.spsressources.ch\/wordpress\/wp-content\/uploads\/2011\/10\/Image-27.png\"><img loading=\"lazy\" decoding=\"async\" title=\"Image 27\" src=\"http:\/\/www.spsressources.ch\/wordpress\/wp-content\/uploads\/2011\/10\/Image-27.png\" alt=\"\" width=\"528\" height=\"168\" \/><\/a><\/strong><\/p>\n","protected":false},"excerpt":{"rendered":"<p>Ces diff\u00e9rentes \u00ab\u00a0machines\u00a0\u00bb permettent \u00e0 l&rsquo;enfant de choisir la bonne orthographe gr\u00e2ce \u00e0 la manipulation. Il est guid\u00e9 dans ses choix ! &nbsp; &nbsp; Cliquez ici pour aller sur la page a, as ou \u00e0 ? Cliquez ici pour aller &hellip; <a href=\"https:\/\/www.spsressources.ch\/wordpress\/?page_id=3789\">Continuer la lecture <span class=\"meta-nav\">&rarr;<\/span><\/a><\/p>\n","protected":false},"author":3472,"featured_media":0,"parent":586,"menu_order":4,"comment_status":"open","ping_status":"closed","template":"","meta":{"footnotes":""},"class_list":["post-3789","page","type-page","status-publish","hentry"],"_links":{"self":[{"href":"https:\/\/www.spsressources.ch\/wordpress\/index.php?rest_route=\/wp\/v2\/pages\/3789","targetHints":{"allow":["GET"]}}],"collection":[{"href":"https:\/\/www.spsressources.ch\/wordpress\/index.php?rest_route=\/wp\/v2\/pages"}],"about":[{"href":"https:\/\/www.spsressources.ch\/wordpress\/index.php?rest_route=\/wp\/v2\/types\/page"}],"author":[{"embeddable":true,"href":"https:\/\/www.spsressources.ch\/wordpress\/index.php?rest_route=\/wp\/v2\/users\/3472"}],"replies":[{"embeddable":true,"href":"https:\/\/www.spsressources.ch\/wordpress\/index.php?rest_route=%2Fwp%2Fv2%2Fcomments&post=3789"}],"version-history":[{"count":21,"href":"https:\/\/www.spsressources.ch\/wordpress\/index.php?rest_route=\/wp\/v2\/pages\/3789\/revisions"}],"predecessor-version":[{"id":3792,"href":"https:\/\/www.spsressources.ch\/wordpress\/index.php?rest_route=\/wp\/v2\/pages\/3789\/revisions\/3792"}],"up":[{"embeddable":true,"href":"https:\/\/www.spsressources.ch\/wordpress\/index.php?rest_route=\/wp\/v2\/pages\/586"}],"wp:attachment":[{"href":"https:\/\/www.spsressources.ch\/wordpress\/index.php?rest_route=%2Fwp%2Fv2%2Fmedia&parent=3789"}],"curies":[{"name":"wp","href":"https:\/\/api.w.org\/{rel}","templated":true}]}}