{"id":3749,"date":"2012-04-05T05:44:51","date_gmt":"2012-04-05T05:44:51","guid":{"rendered":"http:\/\/www.vallelian.net\/sps\/wordpress\/?page_id=3749"},"modified":"2014-01-23T09:10:00","modified_gmt":"2014-01-23T09:10:00","slug":"allocution-de-temple-grandin","status":"publish","type":"page","link":"https:\/\/www.spsressources.ch\/wordpress\/?page_id=3749","title":{"rendered":"Allocution de Temple Grandin, f\u00e9vrier 2010"},"content":{"rendered":"<p><a href=\"http:\/\/www.spsressources.ch\/wordpress\/wp-content\/uploads\/2012\/04\/Image-16.png\"><img loading=\"lazy\" decoding=\"async\" class=\"aligncenter size-full wp-image-4090\" title=\"Image 16\" src=\"http:\/\/www.spsressources.ch\/wordpress\/wp-content\/uploads\/2012\/04\/Image-16.png\" alt=\"\" width=\"323\" height=\"94\" srcset=\"https:\/\/www.spsressources.ch\/wordpress\/wp-content\/uploads\/2012\/04\/Image-16.png 323w, https:\/\/www.spsressources.ch\/wordpress\/wp-content\/uploads\/2012\/04\/Image-16-300x87.png 300w\" sizes=\"auto, (max-width: 323px) 100vw, 323px\" \/><\/a><\/p>\n<p><strong>Les conf\u00e9rences TED<\/strong>\u00a0(<em>Technology, Entertainment and Design<\/em>), sont une s\u00e9rie internationale de conf\u00e9rences organis\u00e9es par la fondation \u00e0 but non lucratif\u00a0<em>Sapling foundation<\/em>. Cette fondation a \u00e9t\u00e9 cr\u00e9\u00e9e pour diffuser des \u00ab\u00a0id\u00e9es qui valent la peine d&rsquo;\u00eatre diffus\u00e9es\u00a0\u00bb (en anglais\u00a0:\u00a0<em>ideas worth spreading<\/em>).<\/p>\n<p>Temple Grandin, diagnostiqu\u00e9e autiste alors qu&rsquo;elle \u00e9tait enfant, raconte comment son esprit fonctionne, partageant sa capacit\u00e9 \u00e0 \u00ab\u00a0penser en images\u00a0\u00bb qui l&rsquo;aide \u00e0 r\u00e9soudre des probl\u00e8mes que les cerveaux neurotypiques pourraient manquer. Elle affirme que le monde a besoin de gens du spectre autistique tels que les penseurs visuels, les penseurs par mod\u00e8le, les penseurs verbaux et toutes les sortes d&rsquo;enfants geeks intelligents.<\/p>\n<p style=\"text-align: center;\"><a href=\"http:\/\/www.ted.com\/talks\/lang\/fr\/temple_grandin_the_world_needs_all_kinds_of_minds.html\">Cliquez <span style=\"text-decoration: underline;\"><span style=\"color: #800080;\"><span style=\"color: #800080; text-decoration: underline;\">ici<\/span><\/span><\/span> pour voir la vid\u00e9o qui est sous-titr\u00e9e en fran\u00e7ais<\/a><a href=\"http:\/\/www.ted.com\/talks\/lang\/fr\/temple_grandin_the_world_needs_all_kinds_of_minds.html\"><img loading=\"lazy\" decoding=\"async\" class=\"aligncenter size-full wp-image-3750\" title=\"Image 42\" src=\"http:\/\/www.vallelian.net\/sps\/wordpress\/wp-content\/uploads\/2012\/04\/Image-42.png\" alt=\"\" width=\"242\" height=\"246\" \/><\/a><\/p>\n","protected":false},"excerpt":{"rendered":"<p>Les conf\u00e9rences TED\u00a0(Technology, Entertainment and Design), sont une s\u00e9rie internationale de conf\u00e9rences organis\u00e9es par la fondation \u00e0 but non lucratif\u00a0Sapling foundation. Cette fondation a \u00e9t\u00e9 cr\u00e9\u00e9e pour diffuser des \u00ab\u00a0id\u00e9es qui valent la peine d&rsquo;\u00eatre diffus\u00e9es\u00a0\u00bb (en anglais\u00a0:\u00a0ideas worth spreading). &hellip; <a href=\"https:\/\/www.spsressources.ch\/wordpress\/?page_id=3749\">Continuer la lecture <span class=\"meta-nav\">&rarr;<\/span><\/a><\/p>\n","protected":false},"author":3472,"featured_media":0,"parent":4042,"menu_order":8,"comment_status":"open","ping_status":"closed","template":"","meta":{"footnotes":""},"class_list":["post-3749","page","type-page","status-publish","hentry"],"_links":{"self":[{"href":"https:\/\/www.spsressources.ch\/wordpress\/index.php?rest_route=\/wp\/v2\/pages\/3749","targetHints":{"allow":["GET"]}}],"collection":[{"href":"https:\/\/www.spsressources.ch\/wordpress\/index.php?rest_route=\/wp\/v2\/pages"}],"about":[{"href":"https:\/\/www.spsressources.ch\/wordpress\/index.php?rest_route=\/wp\/v2\/types\/page"}],"author":[{"embeddable":true,"href":"https:\/\/www.spsressources.ch\/wordpress\/index.php?rest_route=\/wp\/v2\/users\/3472"}],"replies":[{"embeddable":true,"href":"https:\/\/www.spsressources.ch\/wordpress\/index.php?rest_route=%2Fwp%2Fv2%2Fcomments&post=3749"}],"version-history":[{"count":11,"href":"https:\/\/www.spsressources.ch\/wordpress\/index.php?rest_route=\/wp\/v2\/pages\/3749\/revisions"}],"predecessor-version":[{"id":3756,"href":"https:\/\/www.spsressources.ch\/wordpress\/index.php?rest_route=\/wp\/v2\/pages\/3749\/revisions\/3756"}],"up":[{"embeddable":true,"href":"https:\/\/www.spsressources.ch\/wordpress\/index.php?rest_route=\/wp\/v2\/pages\/4042"}],"wp:attachment":[{"href":"https:\/\/www.spsressources.ch\/wordpress\/index.php?rest_route=%2Fwp%2Fv2%2Fmedia&parent=3749"}],"curies":[{"name":"wp","href":"https:\/\/api.w.org\/{rel}","templated":true}]}}