{"id":3431,"date":"2012-02-25T10:10:01","date_gmt":"2012-02-25T10:10:01","guid":{"rendered":"http:\/\/www.vallelian.net\/sps\/wordpress\/?page_id=3431"},"modified":"2015-09-19T14:39:34","modified_gmt":"2015-09-19T14:39:34","slug":"support-a-la-realisation-dadditions-et-de-soustrractions","status":"publish","type":"page","link":"https:\/\/www.spsressources.ch\/wordpress\/?page_id=3431","title":{"rendered":"Additions et soustractions"},"content":{"rendered":"<p><strong>Support \u00e0 la r\u00e9alisation d&rsquo;additions et de soustractions:<\/strong><\/p>\n<p>&nbsp;<\/p>\n<p><a href=\"http:\/\/www.spsressources.ch\/wordpress\/wp-content\/uploads\/2012\/02\/Image-13.png\"><img loading=\"lazy\" decoding=\"async\" class=\"size-medium wp-image-12911 aligncenter\" title=\"Image 13\" src=\"http:\/\/www.spsressources.ch\/wordpress\/wp-content\/uploads\/2012\/02\/Image-13-300x235.png\" alt=\"\" width=\"300\" height=\"235\" srcset=\"https:\/\/www.spsressources.ch\/wordpress\/wp-content\/uploads\/2012\/02\/Image-13-300x235.png 300w, https:\/\/www.spsressources.ch\/wordpress\/wp-content\/uploads\/2012\/02\/Image-13.png 884w\" sizes=\"auto, (max-width: 300px) 100vw, 300px\" \/><\/a><\/p>\n<p style=\"text-align: center;\"><a href=\"http:\/\/www.spsressources.ch\/wordpress\/wp-content\/uploads\/2012\/02\/Capture-d\u2019\u00e9cran-2015-09-16-\u00e0-09.32.29.png\"><img loading=\"lazy\" decoding=\"async\" class=\"alignnone size-medium wp-image-12857\" title=\"Capture d\u2019\u00e9cran 2015-09-16 \u00e0 09.32.29\" src=\"http:\/\/www.spsressources.ch\/wordpress\/wp-content\/uploads\/2012\/02\/Capture-d\u2019\u00e9cran-2015-09-16-\u00e0-09.32.29-300x203.png\" alt=\"\" width=\"300\" height=\"203\" srcset=\"https:\/\/www.spsressources.ch\/wordpress\/wp-content\/uploads\/2012\/02\/Capture-d\u2019\u00e9cran-2015-09-16-\u00e0-09.32.29-300x203.png 300w, https:\/\/www.spsressources.ch\/wordpress\/wp-content\/uploads\/2012\/02\/Capture-d\u2019\u00e9cran-2015-09-16-\u00e0-09.32.29.png 884w\" sizes=\"auto, (max-width: 300px) 100vw, 300px\" \/><\/a><\/p>\n<address style=\"text-align: center;\"><span style=\"text-decoration: underline;\"><span style=\"color: #800080;\"><a href=\"http:\/\/www.spsressources.ch\/wordpress\/wp-content\/uploads\/2012\/02\/ADDITONS-ET-SOUSTRACTIONS.pdf\"><span style=\"color: #800080; text-decoration: underline;\">Clliquez ici pour ouvrir le document ci-dessus<\/span><\/a><\/span><\/span><\/address>\n<address style=\"text-align: center;\">(Ce support doit \u00eatre imprim\u00e9 en format A4 ou A3 et \u00eatre plastifi\u00e9.)<\/address>\n<address style=\"text-align: center;\">\u00a0<\/address>\n<p>Certains enfants auront besoin de commencer\u00a0 en manipulant\u00a0 du mat\u00e9riel pour r\u00e9aliser les additions et les soustractions. Il peuvent le faire en disposant des r\u00e9glettes sur le support de format A3\u00a0 <span style=\"text-decoration: underline;\"><span style=\"color: #800080; text-decoration: underline;\">(<a href=\" http:\/\/www.spsressources.ch\/wordpress\/?page_id=706\"><span style=\"color: #800080; text-decoration: underline;\">Cliquez\u00a0ici\u00a0pour d\u00e9couvrir les r\u00e9glettes)<\/span><\/a>.<\/span><\/span><\/p>\n<p>Ils pourront\u00a0 \u00e9changer 10 unit\u00e9s contre une barre de dix, etc&#8230;. et inscrire leur r\u00e9ponses \u00e0 l&rsquo;aide d&rsquo;un stylo effa\u00e7able dans les bonnes colonnes du support (UNITE, DIZAINE, CENTAINE, MILLIER)<\/p>\n<p style=\"text-align: center;\">Cliquez <span style=\"text-decoration: underline;\"><span style=\"color: #800080;\"><a href=\"http:\/\/www.vallelian.net\/sps\/wordpress\/?page_id=3617\"><span style=\"color: #800080; text-decoration: underline;\">ici<\/span><\/a><\/span><\/span> pour ouvrir la page pr\u00e9sentant une planche-support pour les r\u00e9glettesEnsuite, \u00e0 la place de manipuler les r\u00e9glettes, l&rsquo;enfant pourra r\u00e9aliser ses calculs\u00a0 en coloriant les unit\u00e9s-dizaines- centaines ou milliers\u00a0 (sur le m\u00eame support en format A4) .<\/p>\n<p style=\"text-align: center;\"><a href=\"http:\/\/www.spsressources.ch\/wordpress\/wp-content\/uploads\/2012\/02\/Image-14.png\"><img loading=\"lazy\" decoding=\"async\" class=\"alignnone size-medium wp-image-12913\" title=\"Image 14\" src=\"http:\/\/www.spsressources.ch\/wordpress\/wp-content\/uploads\/2012\/02\/Image-14-300x214.png\" alt=\"\" width=\"300\" height=\"214\" srcset=\"https:\/\/www.spsressources.ch\/wordpress\/wp-content\/uploads\/2012\/02\/Image-14-300x214.png 300w, https:\/\/www.spsressources.ch\/wordpress\/wp-content\/uploads\/2012\/02\/Image-14.png 940w\" sizes=\"auto, (max-width: 300px) 100vw, 300px\" \/><\/a><\/p>\n<p>En utilisant des couleurs diff\u00e9rentes,\u00a0 l&rsquo;enfant a une bonne repr\u00e9sentation des nombres \u00e0 additionner.\u00a0 Il\u00a0 pourra faire des \u00e9changes (colorier une barre de dix en \u00e9change de dix unit\u00e9s, etc&#8230; !) et r\u00e9aliser des additions jusqu&rsquo;\u00e0 10&rsquo;000 !<\/p>\n<p>Ce support peut aussi servir \u00e0 r\u00e9aliser des soustractions (on efface au lieu de colorier !)<\/p>\n<address style=\"text-align: center;\">\u00a0<\/address>\n<p><span class=\"Apple-style-span\" style=\"color: #000000; font-family: Georgia, 'Times New Roman', 'Bitstream Charter', Times, serif; font-size: 12px; line-height: 18px;\"><img loading=\"lazy\" decoding=\"async\" class=\"size-medium wp-image-12914 aligncenter\" title=\"Image 15\" src=\"http:\/\/www.spsressources.ch\/wordpress\/wp-content\/uploads\/2012\/02\/Image-151-300x172.png\" alt=\"\" width=\"300\" height=\"172\" srcset=\"https:\/\/www.spsressources.ch\/wordpress\/wp-content\/uploads\/2012\/02\/Image-151-300x172.png 300w, https:\/\/www.spsressources.ch\/wordpress\/wp-content\/uploads\/2012\/02\/Image-151.png 951w\" sizes=\"auto, (max-width: 300px) 100vw, 300px\" \/> <\/span><\/p>\n","protected":false},"excerpt":{"rendered":"<p>Support \u00e0 la r\u00e9alisation d&rsquo;additions et de soustractions: &nbsp; Clliquez ici pour ouvrir le document ci-dessus (Ce support doit \u00eatre imprim\u00e9 en format A4 ou A3 et \u00eatre plastifi\u00e9.) \u00a0 Certains enfants auront besoin de commencer\u00a0 en manipulant\u00a0 du mat\u00e9riel &hellip; <a href=\"https:\/\/www.spsressources.ch\/wordpress\/?page_id=3431\">Continuer la lecture <span class=\"meta-nav\">&rarr;<\/span><\/a><\/p>\n","protected":false},"author":3472,"featured_media":0,"parent":12844,"menu_order":0,"comment_status":"open","ping_status":"closed","template":"","meta":{"footnotes":""},"class_list":["post-3431","page","type-page","status-publish","hentry"],"_links":{"self":[{"href":"https:\/\/www.spsressources.ch\/wordpress\/index.php?rest_route=\/wp\/v2\/pages\/3431","targetHints":{"allow":["GET"]}}],"collection":[{"href":"https:\/\/www.spsressources.ch\/wordpress\/index.php?rest_route=\/wp\/v2\/pages"}],"about":[{"href":"https:\/\/www.spsressources.ch\/wordpress\/index.php?rest_route=\/wp\/v2\/types\/page"}],"author":[{"embeddable":true,"href":"https:\/\/www.spsressources.ch\/wordpress\/index.php?rest_route=\/wp\/v2\/users\/3472"}],"replies":[{"embeddable":true,"href":"https:\/\/www.spsressources.ch\/wordpress\/index.php?rest_route=%2Fwp%2Fv2%2Fcomments&post=3431"}],"version-history":[{"count":64,"href":"https:\/\/www.spsressources.ch\/wordpress\/index.php?rest_route=\/wp\/v2\/pages\/3431\/revisions"}],"predecessor-version":[{"id":16294,"href":"https:\/\/www.spsressources.ch\/wordpress\/index.php?rest_route=\/wp\/v2\/pages\/3431\/revisions\/16294"}],"up":[{"embeddable":true,"href":"https:\/\/www.spsressources.ch\/wordpress\/index.php?rest_route=\/wp\/v2\/pages\/12844"}],"wp:attachment":[{"href":"https:\/\/www.spsressources.ch\/wordpress\/index.php?rest_route=%2Fwp%2Fv2%2Fmedia&parent=3431"}],"curies":[{"name":"wp","href":"https:\/\/api.w.org\/{rel}","templated":true}]}}