{"id":306,"date":"2011-10-23T20:40:36","date_gmt":"2011-10-23T20:40:36","guid":{"rendered":"http:\/\/www.vallelian.net\/sps\/wordpress\/?page_id=306"},"modified":"2019-04-02T19:30:14","modified_gmt":"2019-04-02T19:30:14","slug":"la-machine-a-conjuguer","status":"publish","type":"page","link":"https:\/\/www.spsressources.ch\/wordpress\/?page_id=306","title":{"rendered":"La machine \u00e0 conjuguer"},"content":{"rendered":"<p style=\"text-align: left;\"><span class=\"Apple-style-span\" style=\"font-family: Georgia, 'Bitstream Charter', serif; font-size: 16px; line-height: 24px;\"><a href=\"http:\/\/www.vallelian.net\/sps\/wordpress\/wp-content\/uploads\/2011\/10\/Image-4.png\"><br \/>\n<\/a><a href=\"http:\/\/www.spsressources.ch\/wordpress\/wp-content\/uploads\/2011\/10\/Image-94.png\"><img loading=\"lazy\" decoding=\"async\" class=\"alignnone wp-image-12908 size-full\" title=\"Image 9\" src=\"http:\/\/www.spsressources.ch\/wordpress\/wp-content\/uploads\/2011\/10\/Image-94.png\" alt=\"\" width=\"916\" height=\"592\" srcset=\"https:\/\/www.spsressources.ch\/wordpress\/wp-content\/uploads\/2011\/10\/Image-94.png 916w, https:\/\/www.spsressources.ch\/wordpress\/wp-content\/uploads\/2011\/10\/Image-94-300x193.png 300w\" sizes=\"auto, (max-width: 916px) 100vw, 916px\" \/><\/a><br \/>\nCette machine (format A5) fait partie du <a href=\"http:\/\/www.spsressources.ch\/wordpress\/?page_id=560\">classeur de r\u00e9f\u00e9rences<\/a>. Il suffit de d\u00e9couper les bandes de pronoms, de bases et de terminaisons et des les enfiler dans les cases pr\u00e9vues apr\u00e8s avoir r\u00e9alis\u00e9 des fentes.<\/span><\/p>\n<p style=\"text-align: left;\"><img loading=\"lazy\" decoding=\"async\" class=\"size-thumbnail wp-image-12932\" title=\"Image 47\" src=\"http:\/\/www.spsressources.ch\/wordpress\/wp-content\/uploads\/2011\/10\/Image-471-150x150.png\" alt=\"\" width=\"150\" height=\"150\" \/><\/p>\n<p style=\"text-align: left;\">La couleur de lacase du pronom de conjugaison correspond \u00e0 celle de la terminaison. L&rsquo;enfant peut ainsi v\u00e9rifier par lui-m\u00eame que la terminaison choisie est correcte.<\/p>\n<p style=\"text-align: left;\">Il existe des bandes diff\u00e9rentes en fonction des cat\u00e9gories de verbes (1er et 2\u00e8me groupe) \u00a0ainsi que pour les diff\u00e9rents temps.<\/p>\n<div style=\"text-align: left;\"><span style=\"font-size: medium;\"><span class=\"Apple-style-span\" style=\"font-size: 16px; line-height: 24px;\">La manipulation des bandes aide l&rsquo;enfant \u00e0 comprendre la mani\u00e8re dont les verbes se conjuguent en fonction de leur groupe.<\/span><\/span><\/div>\n<p style=\"text-align: center;\"><span class=\"Apple-style-span\" style=\"font-size: 16px; color: #444444; font-family: Georgia, 'Bitstream Charter', serif; line-height: 24px;\"><a href=\"http:\/\/www.spsressources.ch\/wordpress\/wp-content\/uploads\/2011\/10\/la-machine-\u00e0-verbes.pdf\">\u00a0<\/a><\/span><img loading=\"lazy\" decoding=\"async\" class=\"alignnone size-full wp-image-7767\" title=\"Image 1\" src=\"http:\/\/www.spsressources.ch\/wordpress\/wp-content\/uploads\/2011\/10\/Image-110.png\" alt=\"\" width=\"326\" height=\"224\" srcset=\"https:\/\/www.spsressources.ch\/wordpress\/wp-content\/uploads\/2011\/10\/Image-110.png 906w, https:\/\/www.spsressources.ch\/wordpress\/wp-content\/uploads\/2011\/10\/Image-110-300x205.png 300w\" sizes=\"auto, (max-width: 326px) 100vw, 326px\" \/><\/p>\n<p style=\"text-align: center;\"><span style=\"text-decoration: underline;\"><span style=\"color: #800080;\"><a href=\"http:\/\/www.spsressources.ch\/wordpress\/wp-content\/uploads\/2011\/10\/la-machine-\u00e0-verbes.pdf\"><span style=\"color: #800080; text-decoration: underline;\">Cliquez ici pour t\u00e9l\u00e9charger la machine \u00e0 verbes<\/span><\/a><\/span><\/span><\/p>\n<p><span style=\"font-size: small;\"><span class=\"Apple-style-span\" style=\"line-height: 24px;\"><br \/>\n<\/span><\/span><\/p>\n<p><span style=\"font-size: small;\"><span class=\"Apple-style-span\" style=\"line-height: 24px;\"><a href=\"http:\/\/www.spsressources.ch\/wordpress\/wp-content\/uploads\/2011\/10\/Image-23.png\"><img loading=\"lazy\" decoding=\"async\" class=\"aligncenter\" title=\"Image 2\" src=\"http:\/\/www.spsressources.ch\/wordpress\/wp-content\/uploads\/2011\/10\/Image-23-101x300.png\" alt=\"\" width=\"101\" height=\"300\" \/><\/a><\/span><\/span><\/p>\n<ul>\n<li><span style=\"text-decoration: underline;\"><span style=\"color: #800080;\"><a href=\"http:\/\/www.spsressources.ch\/wordpress\/wp-content\/uploads\/2011\/10\/bande-de-pronoms-de-conjuguaison2.pdf\"><span style=\"color: #800080; text-decoration: underline;\">Cliquez ici pour t\u00e9l\u00e9charger la bande de pronoms de conjuguaison<\/span><\/a><\/span><\/span><\/li>\n<\/ul>\n<p><span style=\"font-size: small;\"><span class=\"Apple-style-span\" style=\"line-height: 24px;\"><br \/>\n<\/span><\/span><\/p>\n<p>VERBE EN -er<\/p>\n<ul>\n<li><span style=\"text-decoration: underline;\"><span style=\"color: #800080; text-decoration: underline;\"><a href=\"http:\/\/www.spsressources.ch\/wordpress\/wp-content\/uploads\/2011\/10\/Bande-terminaison-verbe-en-er-au-pr\u00e9sent1.pdf\"><span style=\"color: #800080; text-decoration: underline;\">Bande terminaison verbe en -er au pr\u00e9sent<\/span><\/a><\/span><\/span><\/li>\n<li><span style=\"text-decoration: underline;\"><span style=\"color: #800080; text-decoration: underline;\"><a href=\"http:\/\/www.spsressources.ch\/wordpress\/wp-content\/uploads\/2011\/10\/Bande-terminaison-verbe-en-er-au-futur3.pdf\"><span style=\"color: #800080; text-decoration: underline;\">Bande terminaison verbe en -er au futur<\/span><\/a><\/span><\/span><\/li>\n<li><span style=\"text-decoration: underline;\"><span style=\"color: #800080; text-decoration: underline;\"><a href=\"http:\/\/www.spsressources.ch\/wordpress\/wp-content\/uploads\/2011\/10\/bande-terminaisons-imparfait.pdf\"><span style=\"color: #800080; text-decoration: underline;\">bande terminaisons verbe en -er \u00e0 l&rsquo; imparfait<\/span><\/a><\/span><\/span><\/li>\n<li><a href=\"http:\/\/www.spsressources.ch\/wordpress\/wp-content\/uploads\/2011\/10\/bandes-de-radicaux1.pdf\"><span style=\"text-decoration: underline;\"><span style=\"color: #800080; text-decoration: underline;\">bandes de radicaux ou bases du ver<\/span><\/span><span style=\"text-decoration: underline;\"><span style=\"color: #800080; text-decoration: underline;\">be<\/span><\/span><\/a><\/li>\n<\/ul>\n","protected":false},"excerpt":{"rendered":"<p>Cette machine (format A5) fait partie du classeur de r\u00e9f\u00e9rences. Il suffit de d\u00e9couper les bandes de pronoms, de bases et de terminaisons et des les enfiler dans les cases pr\u00e9vues apr\u00e8s avoir r\u00e9alis\u00e9 des fentes. La couleur de lacase &hellip; <a href=\"https:\/\/www.spsressources.ch\/wordpress\/?page_id=306\">Continuer la lecture <span class=\"meta-nav\">&rarr;<\/span><\/a><\/p>\n","protected":false},"author":3472,"featured_media":0,"parent":3032,"menu_order":0,"comment_status":"open","ping_status":"closed","template":"","meta":{"footnotes":""},"class_list":["post-306","page","type-page","status-publish","hentry"],"_links":{"self":[{"href":"https:\/\/www.spsressources.ch\/wordpress\/index.php?rest_route=\/wp\/v2\/pages\/306","targetHints":{"allow":["GET"]}}],"collection":[{"href":"https:\/\/www.spsressources.ch\/wordpress\/index.php?rest_route=\/wp\/v2\/pages"}],"about":[{"href":"https:\/\/www.spsressources.ch\/wordpress\/index.php?rest_route=\/wp\/v2\/types\/page"}],"author":[{"embeddable":true,"href":"https:\/\/www.spsressources.ch\/wordpress\/index.php?rest_route=\/wp\/v2\/users\/3472"}],"replies":[{"embeddable":true,"href":"https:\/\/www.spsressources.ch\/wordpress\/index.php?rest_route=%2Fwp%2Fv2%2Fcomments&post=306"}],"version-history":[{"count":47,"href":"https:\/\/www.spsressources.ch\/wordpress\/index.php?rest_route=\/wp\/v2\/pages\/306\/revisions"}],"predecessor-version":[{"id":16079,"href":"https:\/\/www.spsressources.ch\/wordpress\/index.php?rest_route=\/wp\/v2\/pages\/306\/revisions\/16079"}],"up":[{"embeddable":true,"href":"https:\/\/www.spsressources.ch\/wordpress\/index.php?rest_route=\/wp\/v2\/pages\/3032"}],"wp:attachment":[{"href":"https:\/\/www.spsressources.ch\/wordpress\/index.php?rest_route=%2Fwp%2Fv2%2Fmedia&parent=306"}],"curies":[{"name":"wp","href":"https:\/\/api.w.org\/{rel}","templated":true}]}}