{"id":3032,"date":"2011-12-21T15:09:54","date_gmt":"2011-12-21T15:09:54","guid":{"rendered":"http:\/\/www.vallelian.net\/sps\/wordpress\/?page_id=3032"},"modified":"2015-09-19T15:23:25","modified_gmt":"2015-09-19T15:23:25","slug":"les-machines","status":"publish","type":"page","link":"https:\/\/www.spsressources.ch\/wordpress\/?page_id=3032","title":{"rendered":"Les machines \u00e0 conjuguer"},"content":{"rendered":"<p>\u00ab\u00a0Ces machines\u00a0\u00bb font partie du<span style=\"text-decoration: underline;\"><span style=\"color: #800080; text-decoration: underline;\"> <a href=\" http:\/\/www.spsressources.ch\/wordpress\/?page_id=560\"><span style=\"color: #800080; text-decoration: underline;\">classeur de r\u00e9f\u00e9rence.<\/span><\/a><\/span><\/span> Elles ont \u00e9t\u00e9 con\u00e7ues pour que l&rsquo;enfant puisse manipuler et ainsi mieux int\u00e9grer le fonctionnement et la place des mots dans les phrases.<\/p>\n<p><span style=\"text-decoration: underline;\"><span style=\"color: #800080;\"><span style=\"color: #800080; text-decoration: underline;\"><a href=\"http:\/\/pointecole.free.fr\/polices.html\">Vous pouvez t\u00e9l\u00e9charger la police de caract\u00e8re Monsieur, madam<\/a><\/span><\/span><\/span><span class=\"Apple-style-span\" style=\"color: #000000; font-family: Georgia, 'Times New Roman', 'Bitstream Charter', Times, serif; font-size: 12px; line-height: 18px;\"><span class=\"Apple-style-span\" style=\"font-size: 16px; color: #444444; font-family: Georgia, 'Bitstream Charter', serif; line-height: 24px;\"><span style=\"text-decoration: underline;\"><span style=\"color: #800080;\"><a href=\"http:\/\/pointecole.free.fr\/polices.html\"><span style=\"color: #800080; text-decoration: underline;\">e\u00a0\u00bb en cliquant ici<\/span><\/a><\/span><\/span><a href=\"http:\/\/www.spsressources.ch\/wordpress\/wp-content\/uploads\/2012\/08\/Image-171.png\"><img loading=\"lazy\" decoding=\"async\" title=\"Image 17\" src=\"http:\/\/www.spsressources.ch\/wordpress\/wp-content\/uploads\/2012\/08\/Image-171.png\" alt=\"\" width=\"307\" height=\"92\" \/><\/a><\/span><\/span><\/p>\n<p style=\"text-align: center;\"><span style=\"text-decoration: underline;\"><span style=\"color: #800080;\"><a href=\"http:\/\/www.spsressources.ch\/wordpress\/?page_id=306\"><span style=\"color: #800080; text-decoration: underline;\">Cliquez ici pour aller sur la page de la machine \u00e0 conjuguer<\/span><\/a><\/span><\/span><\/p>\n<p><a href=\"http:\/\/www.spsressources.ch\/wordpress\/wp-content\/uploads\/2011\/12\/Image-95.png\"><img loading=\"lazy\" decoding=\"async\" class=\"alignnone size-medium wp-image-12906\" title=\"Image 9\" src=\"http:\/\/www.spsressources.ch\/wordpress\/wp-content\/uploads\/2011\/12\/Image-95-300x193.png\" alt=\"\" width=\"300\" height=\"193\" srcset=\"https:\/\/www.spsressources.ch\/wordpress\/wp-content\/uploads\/2011\/12\/Image-95-300x193.png 300w, https:\/\/www.spsressources.ch\/wordpress\/wp-content\/uploads\/2011\/12\/Image-95.png 916w\" sizes=\"auto, (max-width: 300px) 100vw, 300px\" \/><\/a><a href=\"http:\/\/www.spsressources.ch\/wordpress\/wp-content\/uploads\/2011\/12\/Image-473.png\"><img loading=\"lazy\" decoding=\"async\" class=\"alignnone size-full wp-image-13008\" title=\"Image 47\" src=\"http:\/\/www.spsressources.ch\/wordpress\/wp-content\/uploads\/2011\/12\/Image-473.png\" alt=\"\" width=\"425\" height=\"350\" srcset=\"https:\/\/www.spsressources.ch\/wordpress\/wp-content\/uploads\/2011\/12\/Image-473.png 709w, https:\/\/www.spsressources.ch\/wordpress\/wp-content\/uploads\/2011\/12\/Image-473-300x247.png 300w\" sizes=\"auto, (max-width: 425px) 100vw, 425px\" \/><\/a><\/p>\n<p style=\"text-align: center;\">Voici deux machines pour conjuguer au pass\u00e9-compos\u00e9. Cliquez<span style=\"text-decoration: underline;\"><span style=\"color: #800080;\"> <a href=\"http:\/\/www.vallelian.net\/sps\/wordpress\/?page_id=1598\"><span style=\"color: #800080; text-decoration: underline;\">ici<\/span><\/a><\/span><\/span> pour acc\u00e9der \u00e0 la page.<\/p>\n<p style=\"text-align: center;\"><a href=\"http:\/\/www.vallelian.net\/sps\/wordpress\/wp-content\/uploads\/2011\/12\/Image-48.png\"><br \/>\n<\/a>\u00a0<a href=\"http:\/\/www.spsressources.ch\/wordpress\/wp-content\/uploads\/2011\/12\/Image-523.png\"><img loading=\"lazy\" decoding=\"async\" class=\"alignnone size-full wp-image-12936\" title=\"Image 52\" src=\"http:\/\/www.spsressources.ch\/wordpress\/wp-content\/uploads\/2011\/12\/Image-523.png\" alt=\"\" width=\"228\" height=\"150\" \/><\/a><\/p>\n<p style=\"text-align: center;\">\n","protected":false},"excerpt":{"rendered":"<p>\u00ab\u00a0Ces machines\u00a0\u00bb font partie du classeur de r\u00e9f\u00e9rence. Elles ont \u00e9t\u00e9 con\u00e7ues pour que l&rsquo;enfant puisse manipuler et ainsi mieux int\u00e9grer le fonctionnement et la place des mots dans les phrases. Vous pouvez t\u00e9l\u00e9charger la police de caract\u00e8re Monsieur, madame\u00a0\u00bb &hellip; <a href=\"https:\/\/www.spsressources.ch\/wordpress\/?page_id=3032\">Continuer la lecture <span class=\"meta-nav\">&rarr;<\/span><\/a><\/p>\n","protected":false},"author":3472,"featured_media":0,"parent":586,"menu_order":3,"comment_status":"open","ping_status":"closed","template":"","meta":{"footnotes":""},"class_list":["post-3032","page","type-page","status-publish","hentry"],"_links":{"self":[{"href":"https:\/\/www.spsressources.ch\/wordpress\/index.php?rest_route=\/wp\/v2\/pages\/3032","targetHints":{"allow":["GET"]}}],"collection":[{"href":"https:\/\/www.spsressources.ch\/wordpress\/index.php?rest_route=\/wp\/v2\/pages"}],"about":[{"href":"https:\/\/www.spsressources.ch\/wordpress\/index.php?rest_route=\/wp\/v2\/types\/page"}],"author":[{"embeddable":true,"href":"https:\/\/www.spsressources.ch\/wordpress\/index.php?rest_route=\/wp\/v2\/users\/3472"}],"replies":[{"embeddable":true,"href":"https:\/\/www.spsressources.ch\/wordpress\/index.php?rest_route=%2Fwp%2Fv2%2Fcomments&post=3032"}],"version-history":[{"count":27,"href":"https:\/\/www.spsressources.ch\/wordpress\/index.php?rest_route=\/wp\/v2\/pages\/3032\/revisions"}],"predecessor-version":[{"id":3034,"href":"https:\/\/www.spsressources.ch\/wordpress\/index.php?rest_route=\/wp\/v2\/pages\/3032\/revisions\/3034"}],"up":[{"embeddable":true,"href":"https:\/\/www.spsressources.ch\/wordpress\/index.php?rest_route=\/wp\/v2\/pages\/586"}],"wp:attachment":[{"href":"https:\/\/www.spsressources.ch\/wordpress\/index.php?rest_route=%2Fwp%2Fv2%2Fmedia&parent=3032"}],"curies":[{"name":"wp","href":"https:\/\/api.w.org\/{rel}","templated":true}]}}