{"id":2605,"date":"2011-12-10T21:14:01","date_gmt":"2011-12-10T21:14:01","guid":{"rendered":"http:\/\/www.vallelian.net\/sps\/wordpress\/?page_id=2605"},"modified":"2015-10-08T12:11:25","modified_gmt":"2015-10-08T12:11:25","slug":"carte-daide-a-lamplification-de-fractions","status":"publish","type":"page","link":"https:\/\/www.spsressources.ch\/wordpress\/?page_id=2605","title":{"rendered":"Amplification de fractions"},"content":{"rendered":"<p>Cette carte format A5 a \u00e9t\u00e9 plastifi\u00e9e et sert de support pour amplifier des fractions, elle fait partie de la s\u00e9rie <a href=\"http:\/\/www.spsressources.ch\/wordpress\/?page_id=2461\">de cartes-support \u00e0 la r\u00e9alisation de fractions<\/a>. \u00a0En effet, l&rsquo;enfant peut s&rsquo;exercer en utilisant un stylo effa\u00e7able.<a href=\"http:\/\/www.spsressources.ch\/wordpress\/wp-content\/uploads\/2011\/12\/Capture-d\u2019e\u0301cran-2015-10-08-a\u0300-14.10.22.png\"><img loading=\"lazy\" decoding=\"async\" class=\"size-full wp-image-13274 aligncenter\" title=\"Capture d\u2019e\u0301cran 2015-10-08 a\u0300 14.10.22\" src=\"http:\/\/www.spsressources.ch\/wordpress\/wp-content\/uploads\/2011\/12\/Capture-d\u2019e\u0301cran-2015-10-08-a\u0300-14.10.22.png\" alt=\"\" width=\"364\" height=\"262\" srcset=\"https:\/\/www.spsressources.ch\/wordpress\/wp-content\/uploads\/2011\/12\/Capture-d\u2019e\u0301cran-2015-10-08-a\u0300-14.10.22.png 606w, https:\/\/www.spsressources.ch\/wordpress\/wp-content\/uploads\/2011\/12\/Capture-d\u2019e\u0301cran-2015-10-08-a\u0300-14.10.22-300x215.png 300w\" sizes=\"auto, (max-width: 364px) 100vw, 364px\" \/><\/a><a href=\"http:\/\/www.spsressources.ch\/wordpress\/wp-content\/uploads\/2011\/12\/Capture-d\u2019e\u0301cran-2015-10-08-a\u0300-13.54.40.png\"><br \/>\n<\/a><\/p>\n<p style=\"text-align: center;\"><a href=\"http:\/\/www.spsressources.ch\/wordpress\/wp-content\/uploads\/2011\/12\/amplification1.pdf\">Cliquez ici pour t\u00e9l\u00e9charger la carte ci-dessous<\/a><\/p>\n<address><a href=\"http:\/\/www.spsressources.ch\/wordpress\/wp-content\/uploads\/2011\/12\/amplification1.pdf\"><img loading=\"lazy\" decoding=\"async\" class=\"size-full wp-image-13203 aligncenter\" title=\"Capture d\u2019e\u0301cran 2015-10-06 a\u0300 15.34.54\" src=\"http:\/\/www.spsressources.ch\/wordpress\/wp-content\/uploads\/2011\/12\/Capture-d\u2019e\u0301cran-2015-10-06-a\u0300-15.34.54.png\" alt=\"\" width=\"326\" height=\"232\" srcset=\"https:\/\/www.spsressources.ch\/wordpress\/wp-content\/uploads\/2011\/12\/Capture-d\u2019e\u0301cran-2015-10-06-a\u0300-15.34.54.png 543w, https:\/\/www.spsressources.ch\/wordpress\/wp-content\/uploads\/2011\/12\/Capture-d\u2019e\u0301cran-2015-10-06-a\u0300-15.34.54-300x213.png 300w\" sizes=\"auto, (max-width: 326px) 100vw, 326px\" \/><\/a><\/address>\n<address>\u00a0<\/address>\n<address>\u00a0<\/address>\n<address>\u00a0<\/address>\n","protected":false},"excerpt":{"rendered":"<p>Cette carte format A5 a \u00e9t\u00e9 plastifi\u00e9e et sert de support pour amplifier des fractions, elle fait partie de la s\u00e9rie de cartes-support \u00e0 la r\u00e9alisation de fractions. \u00a0En effet, l&rsquo;enfant peut s&rsquo;exercer en utilisant un stylo effa\u00e7able. Cliquez ici &hellip; <a href=\"https:\/\/www.spsressources.ch\/wordpress\/?page_id=2605\">Continuer la lecture <span class=\"meta-nav\">&rarr;<\/span><\/a><\/p>\n","protected":false},"author":3472,"featured_media":0,"parent":2461,"menu_order":0,"comment_status":"open","ping_status":"closed","template":"","meta":{"footnotes":""},"class_list":["post-2605","page","type-page","status-publish","hentry"],"_links":{"self":[{"href":"https:\/\/www.spsressources.ch\/wordpress\/index.php?rest_route=\/wp\/v2\/pages\/2605","targetHints":{"allow":["GET"]}}],"collection":[{"href":"https:\/\/www.spsressources.ch\/wordpress\/index.php?rest_route=\/wp\/v2\/pages"}],"about":[{"href":"https:\/\/www.spsressources.ch\/wordpress\/index.php?rest_route=\/wp\/v2\/types\/page"}],"author":[{"embeddable":true,"href":"https:\/\/www.spsressources.ch\/wordpress\/index.php?rest_route=\/wp\/v2\/users\/3472"}],"replies":[{"embeddable":true,"href":"https:\/\/www.spsressources.ch\/wordpress\/index.php?rest_route=%2Fwp%2Fv2%2Fcomments&post=2605"}],"version-history":[{"count":22,"href":"https:\/\/www.spsressources.ch\/wordpress\/index.php?rest_route=\/wp\/v2\/pages\/2605\/revisions"}],"predecessor-version":[{"id":2611,"href":"https:\/\/www.spsressources.ch\/wordpress\/index.php?rest_route=\/wp\/v2\/pages\/2605\/revisions\/2611"}],"up":[{"embeddable":true,"href":"https:\/\/www.spsressources.ch\/wordpress\/index.php?rest_route=\/wp\/v2\/pages\/2461"}],"wp:attachment":[{"href":"https:\/\/www.spsressources.ch\/wordpress\/index.php?rest_route=%2Fwp%2Fv2%2Fmedia&parent=2605"}],"curies":[{"name":"wp","href":"https:\/\/api.w.org\/{rel}","templated":true}]}}