{"id":19993,"date":"2021-08-09T21:58:06","date_gmt":"2021-08-09T21:58:06","guid":{"rendered":"http:\/\/www.spsressources.ch\/wordpress\/?page_id=19993"},"modified":"2021-08-09T21:58:11","modified_gmt":"2021-08-09T21:58:11","slug":"power-point-2013","status":"publish","type":"page","link":"https:\/\/www.spsressources.ch\/wordpress\/?page_id=19993","title":{"rendered":"power-point 2013"},"content":{"rendered":"<p><a href=\"http:\/\/www.spsressources.ch\/wordpress\/wp-content\/uploads\/2021\/08\/Power-point-29-aou\u0302t-13-version-2.pptx\">Power point 29 aou\u0302t 13, pr\u00e9sentation du SPS \u00e0 la HEP, Sandra et Jo\u00eblle<\/a><\/p>\n","protected":false},"excerpt":{"rendered":"<p>Power point 29 aou\u0302t 13, pr\u00e9sentation du SPS \u00e0 la HEP, Sandra et Jo\u00eblle<\/p>\n","protected":false},"author":3472,"featured_media":0,"parent":16672,"menu_order":0,"comment_status":"closed","ping_status":"closed","template":"","meta":{"footnotes":""},"class_list":["post-19993","page","type-page","status-publish","hentry"],"_links":{"self":[{"href":"https:\/\/www.spsressources.ch\/wordpress\/index.php?rest_route=\/wp\/v2\/pages\/19993","targetHints":{"allow":["GET"]}}],"collection":[{"href":"https:\/\/www.spsressources.ch\/wordpress\/index.php?rest_route=\/wp\/v2\/pages"}],"about":[{"href":"https:\/\/www.spsressources.ch\/wordpress\/index.php?rest_route=\/wp\/v2\/types\/page"}],"author":[{"embeddable":true,"href":"https:\/\/www.spsressources.ch\/wordpress\/index.php?rest_route=\/wp\/v2\/users\/3472"}],"replies":[{"embeddable":true,"href":"https:\/\/www.spsressources.ch\/wordpress\/index.php?rest_route=%2Fwp%2Fv2%2Fcomments&post=19993"}],"version-history":[{"count":2,"href":"https:\/\/www.spsressources.ch\/wordpress\/index.php?rest_route=\/wp\/v2\/pages\/19993\/revisions"}],"predecessor-version":[{"id":19996,"href":"https:\/\/www.spsressources.ch\/wordpress\/index.php?rest_route=\/wp\/v2\/pages\/19993\/revisions\/19996"}],"up":[{"embeddable":true,"href":"https:\/\/www.spsressources.ch\/wordpress\/index.php?rest_route=\/wp\/v2\/pages\/16672"}],"wp:attachment":[{"href":"https:\/\/www.spsressources.ch\/wordpress\/index.php?rest_route=%2Fwp%2Fv2%2Fmedia&parent=19993"}],"curies":[{"name":"wp","href":"https:\/\/api.w.org\/{rel}","templated":true}]}}