{"id":1984,"date":"2011-12-02T16:14:03","date_gmt":"2011-12-02T16:14:03","guid":{"rendered":"http:\/\/www.vallelian.net\/sps\/wordpress\/?page_id=1984"},"modified":"2015-09-19T16:25:24","modified_gmt":"2015-09-19T16:25:24","slug":"le-capital-mots","status":"publish","type":"page","link":"https:\/\/www.spsressources.ch\/wordpress\/?page_id=1984","title":{"rendered":"Le capital-mots"},"content":{"rendered":"<p style=\"text-align: left;\">\u00a0Il s&rsquo;agit de cartes sur lesquelles figurent les mots et les images correspondantes aux mots \u00e9tudi\u00e9s en classe (rencontr\u00e9s dans une histoire, etc..)<\/p>\n<p>Rang\u00e9es dan un petit panier, ces cartes constituent un premier capital-mots que l&rsquo;enfant conna\u00eet et garde en r\u00e9f\u00e9rence. \u00a0Elles seront une grande aide pour un apprentissage de la lecture de mani\u00e8re globale.<a href=\"http:\/\/www.vallelian.net\/sps\/wordpress\/wp-content\/uploads\/2011\/12\/Image-17.png\"><br \/>\n<\/a><\/p>\n<p><span class=\"Apple-style-span\" style=\"font-size: 12px; line-height: 18px;\"><a href=\"http:\/\/www.spsressources.ch\/wordpress\/wp-content\/uploads\/2011\/12\/Image-85.png\"><img loading=\"lazy\" decoding=\"async\" title=\"Image 85\" src=\"http:\/\/www.spsressources.ch\/wordpress\/wp-content\/uploads\/2011\/12\/Image-85.png\" alt=\"\" width=\"370\" height=\"296\" \/><\/a><br \/>\n<\/span><\/p>\n<p>Ces cartes sont rang\u00e9es dans un petit panier qui est plac\u00e9 sur la table de l&rsquo;enfant (on peut le fixer avec du velcro pour une meilleure adh\u00e9rence) afin qu&rsquo;il puisse y recourir facilement.<a href=\"http:\/\/www.vallelian.net\/sps\/wordpress\/wp-content\/uploads\/2011\/12\/Image-16.png\"><br \/>\n<\/a><\/p>\n<p>&nbsp;<\/p>\n<p>Voici une autre bo\u00eete quipermet de ranger les mots par cat\u00e9gories (couleurs, chiffres, jours, mois, mots-outils,&#8230;)<\/p>\n<p><a href=\"http:\/\/www.spsressources.ch\/wordpress\/wp-content\/uploads\/2011\/12\/Image-14.png\"><img loading=\"lazy\" decoding=\"async\" class=\"alignnone size-medium wp-image-6832\" title=\"Image 14\" src=\"http:\/\/www.spsressources.ch\/wordpress\/wp-content\/uploads\/2011\/12\/Image-14-300x179.png\" alt=\"\" width=\"240\" height=\"143\" srcset=\"https:\/\/www.spsressources.ch\/wordpress\/wp-content\/uploads\/2011\/12\/Image-14-300x179.png 300w, https:\/\/www.spsressources.ch\/wordpress\/wp-content\/uploads\/2011\/12\/Image-14.png 925w\" sizes=\"auto, (max-width: 240px) 100vw, 240px\" \/><\/a><a href=\"http:\/\/www.spsressources.ch\/wordpress\/wp-content\/uploads\/2011\/12\/Image-131.png\"><img loading=\"lazy\" decoding=\"async\" title=\"Image 13\" src=\"http:\/\/www.spsressources.ch\/wordpress\/wp-content\/uploads\/2011\/12\/Image-131-300x219.png\" alt=\"\" width=\"240\" height=\"175\" \/><\/a><a href=\"http:\/\/www.spsressources.ch\/wordpress\/wp-content\/uploads\/2011\/12\/Image-121.png\"><img loading=\"lazy\" decoding=\"async\" title=\"Image 12\" src=\"http:\/\/www.spsressources.ch\/wordpress\/wp-content\/uploads\/2011\/12\/Image-121-300x198.png\" alt=\"\" width=\"180\" height=\"119\" \/><\/a><span class=\"Apple-style-span\" style=\"color: #000000; font-family: Georgia, 'Times New Roman', 'Bitstream Charter', Times, serif; font-size: 12px; line-height: 18px;\"><img loading=\"lazy\" decoding=\"async\" title=\"Image 15\" src=\"http:\/\/www.spsressources.ch\/wordpress\/wp-content\/uploads\/2011\/12\/Image-154-300x165.png\" alt=\"\" width=\"180\" height=\"99\" \/><\/span><\/p>\n","protected":false},"excerpt":{"rendered":"<p>\u00a0Il s&rsquo;agit de cartes sur lesquelles figurent les mots et les images correspondantes aux mots \u00e9tudi\u00e9s en classe (rencontr\u00e9s dans une histoire, etc..) Rang\u00e9es dan un petit panier, ces cartes constituent un premier capital-mots que l&rsquo;enfant conna\u00eet et garde en &hellip; <a href=\"https:\/\/www.spsressources.ch\/wordpress\/?page_id=1984\">Continuer la lecture <span class=\"meta-nav\">&rarr;<\/span><\/a><\/p>\n","protected":false},"author":3472,"featured_media":0,"parent":243,"menu_order":0,"comment_status":"open","ping_status":"closed","template":"","meta":{"footnotes":""},"class_list":["post-1984","page","type-page","status-publish","hentry"],"_links":{"self":[{"href":"https:\/\/www.spsressources.ch\/wordpress\/index.php?rest_route=\/wp\/v2\/pages\/1984","targetHints":{"allow":["GET"]}}],"collection":[{"href":"https:\/\/www.spsressources.ch\/wordpress\/index.php?rest_route=\/wp\/v2\/pages"}],"about":[{"href":"https:\/\/www.spsressources.ch\/wordpress\/index.php?rest_route=\/wp\/v2\/types\/page"}],"author":[{"embeddable":true,"href":"https:\/\/www.spsressources.ch\/wordpress\/index.php?rest_route=\/wp\/v2\/users\/3472"}],"replies":[{"embeddable":true,"href":"https:\/\/www.spsressources.ch\/wordpress\/index.php?rest_route=%2Fwp%2Fv2%2Fcomments&post=1984"}],"version-history":[{"count":20,"href":"https:\/\/www.spsressources.ch\/wordpress\/index.php?rest_route=\/wp\/v2\/pages\/1984\/revisions"}],"predecessor-version":[{"id":1989,"href":"https:\/\/www.spsressources.ch\/wordpress\/index.php?rest_route=\/wp\/v2\/pages\/1984\/revisions\/1989"}],"up":[{"embeddable":true,"href":"https:\/\/www.spsressources.ch\/wordpress\/index.php?rest_route=\/wp\/v2\/pages\/243"}],"wp:attachment":[{"href":"https:\/\/www.spsressources.ch\/wordpress\/index.php?rest_route=%2Fwp%2Fv2%2Fmedia&parent=1984"}],"curies":[{"name":"wp","href":"https:\/\/api.w.org\/{rel}","templated":true}]}}