{"id":18594,"date":"2021-06-24T22:36:15","date_gmt":"2021-06-24T22:36:15","guid":{"rendered":"http:\/\/www.spsressources.ch\/wordpress\/?page_id=18594"},"modified":"2021-06-26T03:29:07","modified_gmt":"2021-06-26T03:29:07","slug":"quelques-photos-en-vrac-du-decor-des-marionnettes","status":"publish","type":"page","link":"https:\/\/www.spsressources.ch\/wordpress\/?page_id=18594","title":{"rendered":"Pr\u00e9sentation en images du d\u00e9cor \u00ab\u00a0Petite Ecole\u00a0\u00bb"},"content":{"rendered":"<p>Le d\u00e9cor est pliable donc facilement transportable<\/p>\n<p><a href=\"http:\/\/www.spsressources.ch\/wordpress\/wp-content\/uploads\/2021\/06\/IMG-20210625-WA0013-e1624648247258.jpeg\"><img loading=\"lazy\" decoding=\"async\" class=\"alignnone size-full wp-image-18646\" src=\"http:\/\/www.spsressources.ch\/wordpress\/wp-content\/uploads\/2021\/06\/IMG-20210625-WA0013-e1624648247258.jpeg\" alt=\"\" width=\"2329\" height=\"1573\" srcset=\"https:\/\/www.spsressources.ch\/wordpress\/wp-content\/uploads\/2021\/06\/IMG-20210625-WA0013-e1624648247258.jpeg 2329w, https:\/\/www.spsressources.ch\/wordpress\/wp-content\/uploads\/2021\/06\/IMG-20210625-WA0013-e1624648247258-300x203.jpeg 300w, https:\/\/www.spsressources.ch\/wordpress\/wp-content\/uploads\/2021\/06\/IMG-20210625-WA0013-e1624648247258-768x519.jpeg 768w, https:\/\/www.spsressources.ch\/wordpress\/wp-content\/uploads\/2021\/06\/IMG-20210625-WA0013-e1624648247258-1024x692.jpeg 1024w\" sizes=\"auto, (max-width: 2329px) 100vw, 2329px\" \/><\/a>Voici le d\u00e9cor qui se pr\u00e9sente en 3 parties :<\/p>\n<ul>\n<li>A l&rsquo;ext\u00e9rieur : La cours d&rsquo;\u00e9cole et le vestiaire<\/li>\n<li>A l&rsquo;int\u00e9rieur : La salle d&rsquo;\u00e9cole<\/li>\n<\/ul>\n<p><a href=\"http:\/\/www.spsressources.ch\/wordpress\/wp-content\/uploads\/2021\/06\/IMG_20210625_110916-e1624648372143.jpg\"><img loading=\"lazy\" decoding=\"async\" class=\"alignnone size-full wp-image-18627\" src=\"http:\/\/www.spsressources.ch\/wordpress\/wp-content\/uploads\/2021\/06\/IMG_20210625_110916-e1624648372143.jpg\" alt=\"\" width=\"1476\" height=\"1116\" srcset=\"https:\/\/www.spsressources.ch\/wordpress\/wp-content\/uploads\/2021\/06\/IMG_20210625_110916-e1624648372143.jpg 1476w, https:\/\/www.spsressources.ch\/wordpress\/wp-content\/uploads\/2021\/06\/IMG_20210625_110916-e1624648372143-300x227.jpg 300w, https:\/\/www.spsressources.ch\/wordpress\/wp-content\/uploads\/2021\/06\/IMG_20210625_110916-e1624648372143-768x581.jpg 768w, https:\/\/www.spsressources.ch\/wordpress\/wp-content\/uploads\/2021\/06\/IMG_20210625_110916-e1624648372143-1024x774.jpg 1024w\" sizes=\"auto, (max-width: 1476px) 100vw, 1476px\" \/><\/a><a href=\"http:\/\/www.spsressources.ch\/wordpress\/wp-content\/uploads\/2021\/06\/IMG_20210625_113648.jpg\"><img loading=\"lazy\" decoding=\"async\" class=\"alignnone size-full wp-image-18630\" src=\"http:\/\/www.spsressources.ch\/wordpress\/wp-content\/uploads\/2021\/06\/IMG_20210625_113648.jpg\" alt=\"\" width=\"1600\" height=\"1200\" srcset=\"https:\/\/www.spsressources.ch\/wordpress\/wp-content\/uploads\/2021\/06\/IMG_20210625_113648.jpg 1600w, https:\/\/www.spsressources.ch\/wordpress\/wp-content\/uploads\/2021\/06\/IMG_20210625_113648-300x225.jpg 300w, https:\/\/www.spsressources.ch\/wordpress\/wp-content\/uploads\/2021\/06\/IMG_20210625_113648-768x576.jpg 768w, https:\/\/www.spsressources.ch\/wordpress\/wp-content\/uploads\/2021\/06\/IMG_20210625_113648-1024x768.jpg 1024w\" sizes=\"auto, (max-width: 1600px) 100vw, 1600px\" \/><\/a><\/p>\n<p>&nbsp;<\/p>\n<p><a href=\"http:\/\/www.spsressources.ch\/wordpress\/wp-content\/uploads\/2021\/06\/IMG_20210625_115144-2.jpg\"><img loading=\"lazy\" decoding=\"async\" class=\"alignnone size-full wp-image-18631\" src=\"http:\/\/www.spsressources.ch\/wordpress\/wp-content\/uploads\/2021\/06\/IMG_20210625_115144-2.jpg\" alt=\"\" width=\"4096\" height=\"3072\" srcset=\"https:\/\/www.spsressources.ch\/wordpress\/wp-content\/uploads\/2021\/06\/IMG_20210625_115144-2.jpg 4096w, https:\/\/www.spsressources.ch\/wordpress\/wp-content\/uploads\/2021\/06\/IMG_20210625_115144-2-300x225.jpg 300w, https:\/\/www.spsressources.ch\/wordpress\/wp-content\/uploads\/2021\/06\/IMG_20210625_115144-2-768x576.jpg 768w, https:\/\/www.spsressources.ch\/wordpress\/wp-content\/uploads\/2021\/06\/IMG_20210625_115144-2-1024x768.jpg 1024w\" sizes=\"auto, (max-width: 4096px) 100vw, 4096px\" \/><\/a><\/p>\n<p>&nbsp;<\/p>\n<p><a href=\"http:\/\/www.spsressources.ch\/wordpress\/wp-content\/uploads\/2021\/06\/63B5A136-767D-4A66-B047-5554AB431809_1_105_c.jpeg\"><img loading=\"lazy\" decoding=\"async\" class=\"alignnone size-full wp-image-18562\" src=\"http:\/\/www.spsressources.ch\/wordpress\/wp-content\/uploads\/2021\/06\/63B5A136-767D-4A66-B047-5554AB431809_1_105_c.jpeg\" alt=\"\" width=\"1083\" height=\"725\" srcset=\"https:\/\/www.spsressources.ch\/wordpress\/wp-content\/uploads\/2021\/06\/63B5A136-767D-4A66-B047-5554AB431809_1_105_c.jpeg 1083w, https:\/\/www.spsressources.ch\/wordpress\/wp-content\/uploads\/2021\/06\/63B5A136-767D-4A66-B047-5554AB431809_1_105_c-300x201.jpeg 300w, https:\/\/www.spsressources.ch\/wordpress\/wp-content\/uploads\/2021\/06\/63B5A136-767D-4A66-B047-5554AB431809_1_105_c-768x514.jpeg 768w, https:\/\/www.spsressources.ch\/wordpress\/wp-content\/uploads\/2021\/06\/63B5A136-767D-4A66-B047-5554AB431809_1_105_c-1024x686.jpeg 1024w\" sizes=\"auto, (max-width: 1083px) 100vw, 1083px\" \/><\/a><\/p>\n<p><a href=\"http:\/\/www.spsressources.ch\/wordpress\/wp-content\/uploads\/2021\/06\/IMG_20210623_093255-e1624573954580.jpg\"><img loading=\"lazy\" decoding=\"async\" class=\"alignnone size-full wp-image-18579\" src=\"http:\/\/www.spsressources.ch\/wordpress\/wp-content\/uploads\/2021\/06\/IMG_20210623_093255-e1624573954580.jpg\" alt=\"\" width=\"1348\" height=\"1016\" srcset=\"https:\/\/www.spsressources.ch\/wordpress\/wp-content\/uploads\/2021\/06\/IMG_20210623_093255-e1624573954580.jpg 1348w, https:\/\/www.spsressources.ch\/wordpress\/wp-content\/uploads\/2021\/06\/IMG_20210623_093255-e1624573954580-300x226.jpg 300w, https:\/\/www.spsressources.ch\/wordpress\/wp-content\/uploads\/2021\/06\/IMG_20210623_093255-e1624573954580-768x579.jpg 768w, https:\/\/www.spsressources.ch\/wordpress\/wp-content\/uploads\/2021\/06\/IMG_20210623_093255-e1624573954580-1024x772.jpg 1024w\" sizes=\"auto, (max-width: 1348px) 100vw, 1348px\" \/><\/a><a href=\"http:\/\/www.spsressources.ch\/wordpress\/wp-content\/uploads\/2021\/06\/7E4D7A8B-E4E1-4596-8044-D1830B217597.jpeg\"><img loading=\"lazy\" decoding=\"async\" class=\"alignnone size-full wp-image-18661\" src=\"http:\/\/www.spsressources.ch\/wordpress\/wp-content\/uploads\/2021\/06\/7E4D7A8B-E4E1-4596-8044-D1830B217597.jpeg\" alt=\"\" width=\"3872\" height=\"2592\" srcset=\"https:\/\/www.spsressources.ch\/wordpress\/wp-content\/uploads\/2021\/06\/7E4D7A8B-E4E1-4596-8044-D1830B217597.jpeg 3872w, https:\/\/www.spsressources.ch\/wordpress\/wp-content\/uploads\/2021\/06\/7E4D7A8B-E4E1-4596-8044-D1830B217597-300x201.jpeg 300w, https:\/\/www.spsressources.ch\/wordpress\/wp-content\/uploads\/2021\/06\/7E4D7A8B-E4E1-4596-8044-D1830B217597-768x514.jpeg 768w, https:\/\/www.spsressources.ch\/wordpress\/wp-content\/uploads\/2021\/06\/7E4D7A8B-E4E1-4596-8044-D1830B217597-1024x685.jpeg 1024w\" sizes=\"auto, (max-width: 3872px) 100vw, 3872px\" \/><\/a><\/p>\n<p><a href=\"http:\/\/www.spsressources.ch\/wordpress\/wp-content\/uploads\/2021\/06\/4C24B7E5-F3C5-4705-A23D-FF25CFC1170D_1_105_c.jpeg\"><img loading=\"lazy\" decoding=\"async\" class=\"alignnone size-full wp-image-18559\" src=\"http:\/\/www.spsressources.ch\/wordpress\/wp-content\/uploads\/2021\/06\/4C24B7E5-F3C5-4705-A23D-FF25CFC1170D_1_105_c.jpeg\" alt=\"\" width=\"1083\" height=\"725\" srcset=\"https:\/\/www.spsressources.ch\/wordpress\/wp-content\/uploads\/2021\/06\/4C24B7E5-F3C5-4705-A23D-FF25CFC1170D_1_105_c.jpeg 1083w, https:\/\/www.spsressources.ch\/wordpress\/wp-content\/uploads\/2021\/06\/4C24B7E5-F3C5-4705-A23D-FF25CFC1170D_1_105_c-300x201.jpeg 300w, https:\/\/www.spsressources.ch\/wordpress\/wp-content\/uploads\/2021\/06\/4C24B7E5-F3C5-4705-A23D-FF25CFC1170D_1_105_c-768x514.jpeg 768w, https:\/\/www.spsressources.ch\/wordpress\/wp-content\/uploads\/2021\/06\/4C24B7E5-F3C5-4705-A23D-FF25CFC1170D_1_105_c-1024x686.jpeg 1024w\" sizes=\"auto, (max-width: 1083px) 100vw, 1083px\" \/><\/a><\/p>\n<p>&nbsp;<\/p>\n<p><a href=\"http:\/\/www.spsressources.ch\/wordpress\/wp-content\/uploads\/2021\/06\/AFAB50B0-5F72-493F-B4F0-417060C87D1A_1_105_c.jpeg\"><img loading=\"lazy\" decoding=\"async\" class=\"alignnone size-full wp-image-18556\" src=\"http:\/\/www.spsressources.ch\/wordpress\/wp-content\/uploads\/2021\/06\/AFAB50B0-5F72-493F-B4F0-417060C87D1A_1_105_c.jpeg\" alt=\"\" width=\"725\" height=\"1083\" \/><\/a><\/p>\n<p>J&rsquo;ai fait la table avec une boite d&rsquo;allumettes. Elle peut s&rsquo;ouvrir !<img loading=\"lazy\" decoding=\"async\" class=\"alignnone size-full wp-image-18555\" src=\"http:\/\/www.spsressources.ch\/wordpress\/wp-content\/uploads\/2021\/06\/2E50FBFE-CC86-4F99-A2FB-9EAE0AEBD710_1_105_c.jpeg\" alt=\"\" width=\"725\" height=\"1083\" srcset=\"https:\/\/www.spsressources.ch\/wordpress\/wp-content\/uploads\/2021\/06\/2E50FBFE-CC86-4F99-A2FB-9EAE0AEBD710_1_105_c.jpeg 725w, https:\/\/www.spsressources.ch\/wordpress\/wp-content\/uploads\/2021\/06\/2E50FBFE-CC86-4F99-A2FB-9EAE0AEBD710_1_105_c-201x300.jpeg 201w, https:\/\/www.spsressources.ch\/wordpress\/wp-content\/uploads\/2021\/06\/2E50FBFE-CC86-4F99-A2FB-9EAE0AEBD710_1_105_c-686x1024.jpeg 686w\" sizes=\"auto, (max-width: 725px) 100vw, 725px\" \/><\/p>\n<p><a href=\"http:\/\/www.spsressources.ch\/wordpress\/wp-content\/uploads\/2021\/06\/IMG_20210623_093043.jpg\"><img loading=\"lazy\" decoding=\"async\" class=\"alignnone size-full wp-image-18580\" src=\"http:\/\/www.spsressources.ch\/wordpress\/wp-content\/uploads\/2021\/06\/IMG_20210623_093043.jpg\" alt=\"\" width=\"1200\" height=\"1600\" srcset=\"https:\/\/www.spsressources.ch\/wordpress\/wp-content\/uploads\/2021\/06\/IMG_20210623_093043.jpg 1200w, https:\/\/www.spsressources.ch\/wordpress\/wp-content\/uploads\/2021\/06\/IMG_20210623_093043-225x300.jpg 225w, https:\/\/www.spsressources.ch\/wordpress\/wp-content\/uploads\/2021\/06\/IMG_20210623_093043-768x1024.jpg 768w\" sizes=\"auto, (max-width: 1200px) 100vw, 1200px\" \/><\/a><\/p>\n<p><a href=\"http:\/\/www.spsressources.ch\/wordpress\/wp-content\/uploads\/2021\/06\/8890917C-9522-4A1B-A6D9-491019EF5EFE_1_105_c.jpeg\"><img loading=\"lazy\" decoding=\"async\" class=\"alignnone size-full wp-image-18560\" src=\"http:\/\/www.spsressources.ch\/wordpress\/wp-content\/uploads\/2021\/06\/8890917C-9522-4A1B-A6D9-491019EF5EFE_1_105_c.jpeg\" alt=\"\" width=\"1024\" height=\"768\" srcset=\"https:\/\/www.spsressources.ch\/wordpress\/wp-content\/uploads\/2021\/06\/8890917C-9522-4A1B-A6D9-491019EF5EFE_1_105_c.jpeg 1024w, https:\/\/www.spsressources.ch\/wordpress\/wp-content\/uploads\/2021\/06\/8890917C-9522-4A1B-A6D9-491019EF5EFE_1_105_c-300x225.jpeg 300w, https:\/\/www.spsressources.ch\/wordpress\/wp-content\/uploads\/2021\/06\/8890917C-9522-4A1B-A6D9-491019EF5EFE_1_105_c-768x576.jpeg 768w\" sizes=\"auto, (max-width: 1024px) 100vw, 1024px\" \/><\/a><\/p>\n","protected":false},"excerpt":{"rendered":"<p>Le d\u00e9cor est pliable donc facilement transportable Voici le d\u00e9cor qui se pr\u00e9sente en 3 parties : A l&rsquo;ext\u00e9rieur : La cours d&rsquo;\u00e9cole et le vestiaire A l&rsquo;int\u00e9rieur : La salle d&rsquo;\u00e9cole &nbsp; &nbsp; &nbsp; J&rsquo;ai fait la table avec &hellip; <a href=\"https:\/\/www.spsressources.ch\/wordpress\/?page_id=18594\">Continuer la lecture <span class=\"meta-nav\">&rarr;<\/span><\/a><\/p>\n","protected":false},"author":3472,"featured_media":0,"parent":16672,"menu_order":0,"comment_status":"closed","ping_status":"closed","template":"","meta":{"footnotes":""},"class_list":["post-18594","page","type-page","status-publish","hentry"],"_links":{"self":[{"href":"https:\/\/www.spsressources.ch\/wordpress\/index.php?rest_route=\/wp\/v2\/pages\/18594","targetHints":{"allow":["GET"]}}],"collection":[{"href":"https:\/\/www.spsressources.ch\/wordpress\/index.php?rest_route=\/wp\/v2\/pages"}],"about":[{"href":"https:\/\/www.spsressources.ch\/wordpress\/index.php?rest_route=\/wp\/v2\/types\/page"}],"author":[{"embeddable":true,"href":"https:\/\/www.spsressources.ch\/wordpress\/index.php?rest_route=\/wp\/v2\/users\/3472"}],"replies":[{"embeddable":true,"href":"https:\/\/www.spsressources.ch\/wordpress\/index.php?rest_route=%2Fwp%2Fv2%2Fcomments&post=18594"}],"version-history":[{"count":14,"href":"https:\/\/www.spsressources.ch\/wordpress\/index.php?rest_route=\/wp\/v2\/pages\/18594\/revisions"}],"predecessor-version":[{"id":18667,"href":"https:\/\/www.spsressources.ch\/wordpress\/index.php?rest_route=\/wp\/v2\/pages\/18594\/revisions\/18667"}],"up":[{"embeddable":true,"href":"https:\/\/www.spsressources.ch\/wordpress\/index.php?rest_route=\/wp\/v2\/pages\/16672"}],"wp:attachment":[{"href":"https:\/\/www.spsressources.ch\/wordpress\/index.php?rest_route=%2Fwp%2Fv2%2Fmedia&parent=18594"}],"curies":[{"name":"wp","href":"https:\/\/api.w.org\/{rel}","templated":true}]}}