{"id":15816,"date":"2019-03-28T13:42:40","date_gmt":"2019-03-28T13:42:40","guid":{"rendered":"http:\/\/www.spsressources.ch\/wordpress\/?page_id=15816"},"modified":"2019-04-06T04:51:34","modified_gmt":"2019-04-06T04:51:34","slug":"les-tables-de-multiplication-selon-montessoristeiner","status":"publish","type":"page","link":"https:\/\/www.spsressources.ch\/wordpress\/?page_id=15816","title":{"rendered":"Les tables de multiplication selon Montessori\/Steiner"},"content":{"rendered":"<p>Apprendre les livrets en cr\u00e9ant des \u00e9toiles avec des fils !<\/p>\n<p>Nous nous sommes inspir\u00e9s \u00a0des tables de multiplication selon l<a href=\"https:\/\/montessorimaispasque.com\/2015\/06\/19\/memoriser-les-tables-de-multiplication-avec-un-materiel-inspire-des-pedagogies-montessori-et-waldorfsteiner\/\">a p\u00e9dagogie Montessori et Steiner<\/a><\/p>\n<p>L&rsquo;apprentissage des livrets sous une forme originale qui permet le mouvement et la r\u00e9alisation de jolis tableaux.<\/p>\n<p>Les livrets de1 et 9 \/ 2 et 8\/ \u00a07 et 3 \/ 4 et 6 \/ donnent les m\u00eames \u00e9toiles !<\/p>\n<p>Il est facile de confectionner ces support. Ici on a utilis\u00e9 un dessous de plat en li\u00e8ge dans lequel des petits clous ont \u00e9t\u00e9 plant\u00e9s.<\/p>\n<p style=\"text-align: center;\"><strong>Ici les livrets du 7 et du 3<\/strong><\/p>\n<p style=\"text-align: center;\">1x 7 = 7 On attache le fils au chiffre 7<\/p>\n<p style=\"text-align: center;\">2&#215;7 = 14 On attache le fils au 4<\/p>\n<p style=\"text-align: center;\">3&#215;7 = 21 On attache le fils au 1<\/p>\n<p>etc&#8230;<\/p>\n<p style=\"text-align: center;\"><a href=\"http:\/\/www.spsressources.ch\/wordpress\/wp-content\/uploads\/2019\/03\/IMG_2367.jpg\"><img loading=\"lazy\" decoding=\"async\" class=\"alignnone  wp-image-15898\" src=\"http:\/\/www.spsressources.ch\/wordpress\/wp-content\/uploads\/2019\/03\/IMG_2367.jpg\" alt=\"\" width=\"333\" height=\"333\" srcset=\"https:\/\/www.spsressources.ch\/wordpress\/wp-content\/uploads\/2019\/03\/IMG_2367.jpg 720w, https:\/\/www.spsressources.ch\/wordpress\/wp-content\/uploads\/2019\/03\/IMG_2367-150x150.jpg 150w, https:\/\/www.spsressources.ch\/wordpress\/wp-content\/uploads\/2019\/03\/IMG_2367-300x300.jpg 300w\" sizes=\"auto, (max-width: 333px) 100vw, 333px\" \/><\/a><\/p>\n<p style=\"text-align: center;\">livrets du 1 et du 9<\/p>\n<p style=\"text-align: center;\"><a href=\"http:\/\/www.spsressources.ch\/wordpress\/wp-content\/uploads\/2019\/03\/IMG_2368.jpg\"><img loading=\"lazy\" decoding=\"async\" class=\"alignnone  wp-image-15900\" src=\"http:\/\/www.spsressources.ch\/wordpress\/wp-content\/uploads\/2019\/03\/IMG_2368.jpg\" alt=\"\" width=\"334\" height=\"334\" srcset=\"https:\/\/www.spsressources.ch\/wordpress\/wp-content\/uploads\/2019\/03\/IMG_2368.jpg 720w, https:\/\/www.spsressources.ch\/wordpress\/wp-content\/uploads\/2019\/03\/IMG_2368-150x150.jpg 150w, https:\/\/www.spsressources.ch\/wordpress\/wp-content\/uploads\/2019\/03\/IMG_2368-300x300.jpg 300w\" sizes=\"auto, (max-width: 334px) 100vw, 334px\" \/><\/a><\/p>\n<p style=\"text-align: center;\">Livrets du 4 et du 6<\/p>\n<p style=\"text-align: center;\"><a href=\"http:\/\/www.spsressources.ch\/wordpress\/wp-content\/uploads\/2019\/03\/IMG_2361.jpg\"><img loading=\"lazy\" decoding=\"async\" class=\"alignnone  wp-image-15821\" src=\"http:\/\/www.spsressources.ch\/wordpress\/wp-content\/uploads\/2019\/03\/IMG_2361.jpg\" alt=\"\" width=\"335\" height=\"335\" srcset=\"https:\/\/www.spsressources.ch\/wordpress\/wp-content\/uploads\/2019\/03\/IMG_2361.jpg 720w, https:\/\/www.spsressources.ch\/wordpress\/wp-content\/uploads\/2019\/03\/IMG_2361-150x150.jpg 150w, https:\/\/www.spsressources.ch\/wordpress\/wp-content\/uploads\/2019\/03\/IMG_2361-300x300.jpg 300w\" sizes=\"auto, (max-width: 335px) 100vw, 335px\" \/><\/a><\/p>\n<p style=\"text-align: center;\">\u00a0Livret du 8 et 2\u00a0 et livret du 6 et 4<\/p>\n<p style=\"text-align: center;\"><a href=\"http:\/\/www.spsressources.ch\/wordpress\/wp-content\/uploads\/2019\/03\/IMG_2362.jpg\"> <img loading=\"lazy\" decoding=\"async\" class=\"alignnone  wp-image-15822\" src=\"http:\/\/www.spsressources.ch\/wordpress\/wp-content\/uploads\/2019\/03\/IMG_2362.jpg\" alt=\"\" width=\"345\" height=\"345\" srcset=\"https:\/\/www.spsressources.ch\/wordpress\/wp-content\/uploads\/2019\/03\/IMG_2362.jpg 720w, https:\/\/www.spsressources.ch\/wordpress\/wp-content\/uploads\/2019\/03\/IMG_2362-150x150.jpg 150w, https:\/\/www.spsressources.ch\/wordpress\/wp-content\/uploads\/2019\/03\/IMG_2362-300x300.jpg 300w\" sizes=\"auto, (max-width: 345px) 100vw, 345px\" \/><\/a><\/p>\n<p style=\"text-align: center;\">Livret du 5<\/p>\n<p style=\"text-align: center;\"><a href=\"http:\/\/www.spsressources.ch\/wordpress\/wp-content\/uploads\/2019\/03\/IMG_2369.jpg\"><img loading=\"lazy\" decoding=\"async\" class=\"alignnone  wp-image-15902\" src=\"http:\/\/www.spsressources.ch\/wordpress\/wp-content\/uploads\/2019\/03\/IMG_2369.jpg\" alt=\"\" width=\"331\" height=\"331\" srcset=\"https:\/\/www.spsressources.ch\/wordpress\/wp-content\/uploads\/2019\/03\/IMG_2369.jpg 720w, https:\/\/www.spsressources.ch\/wordpress\/wp-content\/uploads\/2019\/03\/IMG_2369-150x150.jpg 150w, https:\/\/www.spsressources.ch\/wordpress\/wp-content\/uploads\/2019\/03\/IMG_2369-300x300.jpg 300w\" sizes=\"auto, (max-width: 331px) 100vw, 331px\" \/><\/a><\/p>\n<p>Voici un lien pour t\u00e9l\u00e9charger les cercles :\u00a0<a href=\"https:\/\/montessorimaispasque.com\/wp-content\/uploads\/2015\/06\/cercles-steiner-multiplication2.pdf\">Pour t\u00e9l\u00e9charger les cercles<\/a><\/p>\n","protected":false},"excerpt":{"rendered":"<p>Apprendre les livrets en cr\u00e9ant des \u00e9toiles avec des fils ! Nous nous sommes inspir\u00e9s \u00a0des tables de multiplication selon la p\u00e9dagogie Montessori et Steiner L&rsquo;apprentissage des livrets sous une forme originale qui permet le mouvement et la r\u00e9alisation de &hellip; <a href=\"https:\/\/www.spsressources.ch\/wordpress\/?page_id=15816\">Continuer la lecture <span class=\"meta-nav\">&rarr;<\/span><\/a><\/p>\n","protected":false},"author":3472,"featured_media":0,"parent":9685,"menu_order":0,"comment_status":"closed","ping_status":"closed","template":"","meta":{"footnotes":""},"class_list":["post-15816","page","type-page","status-publish","hentry"],"_links":{"self":[{"href":"https:\/\/www.spsressources.ch\/wordpress\/index.php?rest_route=\/wp\/v2\/pages\/15816","targetHints":{"allow":["GET"]}}],"collection":[{"href":"https:\/\/www.spsressources.ch\/wordpress\/index.php?rest_route=\/wp\/v2\/pages"}],"about":[{"href":"https:\/\/www.spsressources.ch\/wordpress\/index.php?rest_route=\/wp\/v2\/types\/page"}],"author":[{"embeddable":true,"href":"https:\/\/www.spsressources.ch\/wordpress\/index.php?rest_route=\/wp\/v2\/users\/3472"}],"replies":[{"embeddable":true,"href":"https:\/\/www.spsressources.ch\/wordpress\/index.php?rest_route=%2Fwp%2Fv2%2Fcomments&post=15816"}],"version-history":[{"count":10,"href":"https:\/\/www.spsressources.ch\/wordpress\/index.php?rest_route=\/wp\/v2\/pages\/15816\/revisions"}],"predecessor-version":[{"id":16203,"href":"https:\/\/www.spsressources.ch\/wordpress\/index.php?rest_route=\/wp\/v2\/pages\/15816\/revisions\/16203"}],"up":[{"embeddable":true,"href":"https:\/\/www.spsressources.ch\/wordpress\/index.php?rest_route=\/wp\/v2\/pages\/9685"}],"wp:attachment":[{"href":"https:\/\/www.spsressources.ch\/wordpress\/index.php?rest_route=%2Fwp%2Fv2%2Fmedia&parent=15816"}],"curies":[{"name":"wp","href":"https:\/\/api.w.org\/{rel}","templated":true}]}}