{"id":15605,"date":"2019-03-26T05:48:50","date_gmt":"2019-03-26T05:48:50","guid":{"rendered":"http:\/\/www.spsressources.ch\/wordpress\/?page_id=15605"},"modified":"2019-04-06T04:44:51","modified_gmt":"2019-04-06T04:44:51","slug":"les-nombres-eleve-au-carre-ou-au-cube","status":"publish","type":"page","link":"https:\/\/www.spsressources.ch\/wordpress\/?page_id=15605","title":{"rendered":"Repr\u00e9sentation des nombres de 1 \u00e0 10 \u00e9lev\u00e9s au carr\u00e9 ou au cube"},"content":{"rendered":"<p>Des supports en carton \u00e9t\u00e9 confectionn\u00e9 afin que l&rsquo;enfant puisse manipuler et se faire une repr\u00e9sentation des nombres (de 1 \u00e0 10) \u00e9lev\u00e9 au carr\u00e9 ou au cube avec <a href=\"http:\/\/www.spsressources.ch\/wordpress\/?page_id=4030\">des r\u00e9glettes cuisienaires <\/a>et <a href=\"http:\/\/www.spsressources.ch\/wordpress\/?page_id=15839\">la latte des nombres<\/a><\/p>\n<p style=\"text-align: center;\">Les supports (bo\u00eetes basses et hautes) sont faciles \u00e0 r\u00e9aliser avec du carton<br \/>\n<img loading=\"lazy\" decoding=\"async\" class=\"wp-image-15573  aligncenter\" src=\"http:\/\/www.spsressources.ch\/wordpress\/wp-content\/uploads\/2012\/07\/IMG_2282-225x300.jpg\" alt=\"\" width=\"272\" height=\"363\" srcset=\"https:\/\/www.spsressources.ch\/wordpress\/wp-content\/uploads\/2012\/07\/IMG_2282-225x300.jpg 225w, https:\/\/www.spsressources.ch\/wordpress\/wp-content\/uploads\/2012\/07\/IMG_2282.jpg 720w\" sizes=\"auto, (max-width: 272px) 100vw, 272px\" \/>\u00a0les r\u00e9glettes \u00a0de 1 \u00e0 10 peuvent \u00eatre d\u00e9pos\u00e9es dans les bo\u00eetes (basses) pour repr\u00e9senter les\u00a0nombre nombres \u00e9lev\u00e9 au carr\u00e9 et dans les bo\u00eetes (hautes) pour repr\u00e9senter les nombres \u00e9lev\u00e9s au cube<\/p>\n<p style=\"text-align: center;\">Ici les bo\u00eetes pour les r\u00e9glettes jaune (5)<\/p>\n<p style=\"text-align: center;\"><img loading=\"lazy\" decoding=\"async\" class=\"wp-image-15780 size-medium\" src=\"http:\/\/www.spsressources.ch\/wordpress\/wp-content\/uploads\/2019\/03\/IMG_2333-300x225.jpg\" alt=\"\" width=\"300\" height=\"225\" srcset=\"https:\/\/www.spsressources.ch\/wordpress\/wp-content\/uploads\/2019\/03\/IMG_2333-300x225.jpg 300w, https:\/\/www.spsressources.ch\/wordpress\/wp-content\/uploads\/2019\/03\/IMG_2333-768x576.jpg 768w, https:\/\/www.spsressources.ch\/wordpress\/wp-content\/uploads\/2019\/03\/IMG_2333.jpg 960w\" sizes=\"auto, (max-width: 300px) 100vw, 300px\" \/><\/p>\n<p><a href=\"http:\/\/www.spsressources.ch\/wordpress\/wp-content\/uploads\/2019\/03\/IMG_2335.jpg\"><img loading=\"lazy\" decoding=\"async\" class=\"alignnone wp-image-15782  aligncenter\" src=\"http:\/\/www.spsressources.ch\/wordpress\/wp-content\/uploads\/2019\/03\/IMG_2335-300x225.jpg\" alt=\"\" width=\"331\" height=\"248\" srcset=\"https:\/\/www.spsressources.ch\/wordpress\/wp-content\/uploads\/2019\/03\/IMG_2335-300x225.jpg 300w, https:\/\/www.spsressources.ch\/wordpress\/wp-content\/uploads\/2019\/03\/IMG_2335-768x576.jpg 768w, https:\/\/www.spsressources.ch\/wordpress\/wp-content\/uploads\/2019\/03\/IMG_2335.jpg 960w\" sizes=\"auto, (max-width: 331px) 100vw, 331px\" \/><\/a><a href=\"http:\/\/www.spsressources.ch\/wordpress\/wp-content\/uploads\/2019\/03\/IMG_2334.jpg\"><img loading=\"lazy\" decoding=\"async\" class=\"alignnone wp-image-15781  aligncenter\" src=\"http:\/\/www.spsressources.ch\/wordpress\/wp-content\/uploads\/2019\/03\/IMG_2334-300x225.jpg\" alt=\"\" width=\"371\" height=\"278\" srcset=\"https:\/\/www.spsressources.ch\/wordpress\/wp-content\/uploads\/2019\/03\/IMG_2334-300x225.jpg 300w, https:\/\/www.spsressources.ch\/wordpress\/wp-content\/uploads\/2019\/03\/IMG_2334-768x576.jpg 768w, https:\/\/www.spsressources.ch\/wordpress\/wp-content\/uploads\/2019\/03\/IMG_2334.jpg 960w\" sizes=\"auto, (max-width: 371px) 100vw, 371px\" \/><\/a><\/p>\n<p style=\"text-align: center;\">Idem pour chaque r\u00e9glette<\/p>\n<p style=\"text-align: center;\"><a href=\"http:\/\/www.spsressources.ch\/wordpress\/wp-content\/uploads\/2019\/03\/IMG_2328.jpg\"><img loading=\"lazy\" decoding=\"async\" class=\"wp-image-15775  aligncenter\" src=\"http:\/\/www.spsressources.ch\/wordpress\/wp-content\/uploads\/2019\/03\/IMG_2328-300x225.jpg\" alt=\"\" width=\"355\" height=\"266\" srcset=\"https:\/\/www.spsressources.ch\/wordpress\/wp-content\/uploads\/2019\/03\/IMG_2328-300x225.jpg 300w, https:\/\/www.spsressources.ch\/wordpress\/wp-content\/uploads\/2019\/03\/IMG_2328-768x576.jpg 768w, https:\/\/www.spsressources.ch\/wordpress\/wp-content\/uploads\/2019\/03\/IMG_2328.jpg 960w\" sizes=\"auto, (max-width: 355px) 100vw, 355px\" \/><\/a><a href=\"http:\/\/www.spsressources.ch\/wordpress\/wp-content\/uploads\/2019\/03\/IMG_2330.jpg\"><img loading=\"lazy\" decoding=\"async\" class=\"wp-image-15777  aligncenter\" src=\"http:\/\/www.spsressources.ch\/wordpress\/wp-content\/uploads\/2019\/03\/IMG_2330-300x225.jpg\" alt=\"\" width=\"383\" height=\"287\" srcset=\"https:\/\/www.spsressources.ch\/wordpress\/wp-content\/uploads\/2019\/03\/IMG_2330-300x225.jpg 300w, https:\/\/www.spsressources.ch\/wordpress\/wp-content\/uploads\/2019\/03\/IMG_2330-768x576.jpg 768w, https:\/\/www.spsressources.ch\/wordpress\/wp-content\/uploads\/2019\/03\/IMG_2330.jpg 960w\" sizes=\"auto, (max-width: 383px) 100vw, 383px\" \/><\/a><br \/>\n<a href=\"http:\/\/www.spsressources.ch\/wordpress\/wp-content\/uploads\/2012\/07\/IMG_2273.jpg\"><br \/>\n<img loading=\"lazy\" decoding=\"async\" class=\" wp-image-15564 aligncenter\" src=\"http:\/\/www.spsressources.ch\/wordpress\/wp-content\/uploads\/2012\/07\/IMG_2273.jpg\" alt=\"\" width=\"391\" height=\"293\" srcset=\"https:\/\/www.spsressources.ch\/wordpress\/wp-content\/uploads\/2012\/07\/IMG_2273.jpg 960w, https:\/\/www.spsressources.ch\/wordpress\/wp-content\/uploads\/2012\/07\/IMG_2273-300x225.jpg 300w, https:\/\/www.spsressources.ch\/wordpress\/wp-content\/uploads\/2012\/07\/IMG_2273-768x576.jpg 768w\" sizes=\"auto, (max-width: 391px) 100vw, 391px\" \/><\/a><a href=\"http:\/\/www.spsressources.ch\/wordpress\/wp-content\/uploads\/2012\/07\/IMG_2274.jpg\"><img loading=\"lazy\" decoding=\"async\" class=\"alignnone  wp-image-15565\" src=\"http:\/\/www.spsressources.ch\/wordpress\/wp-content\/uploads\/2012\/07\/IMG_2274.jpg\" alt=\"\" width=\"343\" height=\"257\" srcset=\"https:\/\/www.spsressources.ch\/wordpress\/wp-content\/uploads\/2012\/07\/IMG_2274.jpg 960w, https:\/\/www.spsressources.ch\/wordpress\/wp-content\/uploads\/2012\/07\/IMG_2274-300x225.jpg 300w, https:\/\/www.spsressources.ch\/wordpress\/wp-content\/uploads\/2012\/07\/IMG_2274-768x576.jpg 768w\" sizes=\"auto, (max-width: 343px) 100vw, 343px\" \/><\/a><\/p>\n<p>&nbsp;<\/p>\n<p style=\"text-align: center;\">\n","protected":false},"excerpt":{"rendered":"<p>Des supports en carton \u00e9t\u00e9 confectionn\u00e9 afin que l&rsquo;enfant puisse manipuler et se faire une repr\u00e9sentation des nombres (de 1 \u00e0 10) \u00e9lev\u00e9 au carr\u00e9 ou au cube avec des r\u00e9glettes cuisienaires et la latte des nombres Les supports (bo\u00eetes &hellip; <a href=\"https:\/\/www.spsressources.ch\/wordpress\/?page_id=15605\">Continuer la lecture <span class=\"meta-nav\">&rarr;<\/span><\/a><\/p>\n","protected":false},"author":3472,"featured_media":0,"parent":581,"menu_order":0,"comment_status":"closed","ping_status":"closed","template":"","meta":{"footnotes":""},"class_list":["post-15605","page","type-page","status-publish","hentry"],"_links":{"self":[{"href":"https:\/\/www.spsressources.ch\/wordpress\/index.php?rest_route=\/wp\/v2\/pages\/15605","targetHints":{"allow":["GET"]}}],"collection":[{"href":"https:\/\/www.spsressources.ch\/wordpress\/index.php?rest_route=\/wp\/v2\/pages"}],"about":[{"href":"https:\/\/www.spsressources.ch\/wordpress\/index.php?rest_route=\/wp\/v2\/types\/page"}],"author":[{"embeddable":true,"href":"https:\/\/www.spsressources.ch\/wordpress\/index.php?rest_route=\/wp\/v2\/users\/3472"}],"replies":[{"embeddable":true,"href":"https:\/\/www.spsressources.ch\/wordpress\/index.php?rest_route=%2Fwp%2Fv2%2Fcomments&post=15605"}],"version-history":[{"count":14,"href":"https:\/\/www.spsressources.ch\/wordpress\/index.php?rest_route=\/wp\/v2\/pages\/15605\/revisions"}],"predecessor-version":[{"id":16197,"href":"https:\/\/www.spsressources.ch\/wordpress\/index.php?rest_route=\/wp\/v2\/pages\/15605\/revisions\/16197"}],"up":[{"embeddable":true,"href":"https:\/\/www.spsressources.ch\/wordpress\/index.php?rest_route=\/wp\/v2\/pages\/581"}],"wp:attachment":[{"href":"https:\/\/www.spsressources.ch\/wordpress\/index.php?rest_route=%2Fwp%2Fv2%2Fmedia&parent=15605"}],"curies":[{"name":"wp","href":"https:\/\/api.w.org\/{rel}","templated":true}]}}