{"id":13639,"date":"2015-12-01T15:08:58","date_gmt":"2015-12-01T15:08:58","guid":{"rendered":"http:\/\/www.spsressources.ch\/wordpress\/?page_id=13639"},"modified":"2015-12-02T10:03:43","modified_gmt":"2015-12-02T10:03:43","slug":"pax-savoir-vivre-ensemble-a-lecole","status":"publish","type":"page","link":"https:\/\/www.spsressources.ch\/wordpress\/?page_id=13639","title":{"rendered":"PAX, Savoir vivre ensemble \u00e0 l&rsquo;\u00e9cole"},"content":{"rendered":"<p><a href=\"http:\/\/animation.hepvs.ch\/harcelement\/index.php?option=com_content&amp;view=article&amp;id=28:pax-savoir-vivre-ensemble-a-lecole-&amp;catid=19:enfants&amp;Itemid=38\">Pax, Savoir vivre ensemble \u00e0 l&rsquo;\u00e9cole<\/a>, Jeune chambre \u00e9conomique de gen\u00e8ve<\/p>\n<p><span style=\"font-size: small;\"><span class=\"Apple-style-span\" style=\"font-size: 12px; line-height: 18px;\"><a href=\"http:\/\/animation.hepvs.ch\/harcelement\/index.php?option=com_content&amp;view=article&amp;id=28:pax-savoir-vivre-ensemble-a-lecole-&amp;catid=19:enfants&amp;Itemid=38\"><img loading=\"lazy\" decoding=\"async\" class=\"alignnone size-full wp-image-13653\" title=\"Capture d\u2019\u00e9cran 2015-12-02 \u00e0 10.55.59\" src=\"http:\/\/www.spsressources.ch\/wordpress\/wp-content\/uploads\/2015\/12\/Capture-d\u2019\u00e9cran-2015-12-02-\u00e0-10.55.59.png\" alt=\"\" width=\"206\" height=\"268\" \/><\/a><br \/>\n<\/span><\/span><\/p>\n<p><a href=\"http:\/\/www.spsressources.ch\/wordpress\/wp-content\/uploads\/2015\/12\/rsv-pax-bd-notice-accompagnement.pdf\">Cliquez ici pour ouvrir le dossier p\u00e9dagogique<\/a><\/p>\n","protected":false},"excerpt":{"rendered":"<p>Pax, Savoir vivre ensemble \u00e0 l&rsquo;\u00e9cole, Jeune chambre \u00e9conomique de gen\u00e8ve Cliquez ici pour ouvrir le dossier p\u00e9dagogique<\/p>\n","protected":false},"author":3472,"featured_media":0,"parent":13621,"menu_order":0,"comment_status":"open","ping_status":"closed","template":"","meta":{"footnotes":""},"class_list":["post-13639","page","type-page","status-publish","hentry"],"_links":{"self":[{"href":"https:\/\/www.spsressources.ch\/wordpress\/index.php?rest_route=\/wp\/v2\/pages\/13639","targetHints":{"allow":["GET"]}}],"collection":[{"href":"https:\/\/www.spsressources.ch\/wordpress\/index.php?rest_route=\/wp\/v2\/pages"}],"about":[{"href":"https:\/\/www.spsressources.ch\/wordpress\/index.php?rest_route=\/wp\/v2\/types\/page"}],"author":[{"embeddable":true,"href":"https:\/\/www.spsressources.ch\/wordpress\/index.php?rest_route=\/wp\/v2\/users\/3472"}],"replies":[{"embeddable":true,"href":"https:\/\/www.spsressources.ch\/wordpress\/index.php?rest_route=%2Fwp%2Fv2%2Fcomments&post=13639"}],"version-history":[{"count":9,"href":"https:\/\/www.spsressources.ch\/wordpress\/index.php?rest_route=\/wp\/v2\/pages\/13639\/revisions"}],"predecessor-version":[{"id":13643,"href":"https:\/\/www.spsressources.ch\/wordpress\/index.php?rest_route=\/wp\/v2\/pages\/13639\/revisions\/13643"}],"up":[{"embeddable":true,"href":"https:\/\/www.spsressources.ch\/wordpress\/index.php?rest_route=\/wp\/v2\/pages\/13621"}],"wp:attachment":[{"href":"https:\/\/www.spsressources.ch\/wordpress\/index.php?rest_route=%2Fwp%2Fv2%2Fmedia&parent=13639"}],"curies":[{"name":"wp","href":"https:\/\/api.w.org\/{rel}","templated":true}]}}