{"id":1272,"date":"2011-11-12T09:51:24","date_gmt":"2011-11-12T09:51:24","guid":{"rendered":"http:\/\/www.vallelian.net\/sps\/wordpress\/?page_id=1272"},"modified":"2015-09-22T09:28:29","modified_gmt":"2015-09-22T09:28:29","slug":"la-copie-des-devoirs","status":"publish","type":"page","link":"https:\/\/www.spsressources.ch\/wordpress\/?page_id=1272","title":{"rendered":"La copie des devoirs"},"content":{"rendered":"<p style=\"text-align: left;\">Afin de faciliter la copie des devoirs dans le carnet journalier, l&rsquo;enseignant a fait une photocopie format A3 d&rsquo;une page de l&rsquo;agenda de l&rsquo;enfant puis \u00a0a plac\u00e9 des \u00a0couleurs dans les lignes afin de donner \u00a0des rep\u00e8res pr\u00e9cis.Cette page a ensuite \u00e9t\u00e9 plastifi\u00e9e \u00a0et \u00a0sert \u00e0 l&rsquo;enseignant de pr\u00e9parer un mod\u00e8le. L&rsquo;enseignant inscrit les devoirs avec un stylo-effa\u00e7able.<\/p>\n<p style=\"text-align: left;\">L&rsquo;enfant a maintenant un mod\u00e8le \u00a0qui a \u00a0la m\u00eame mise en page que son agenda scolaire \u00a0et qui facilitera la copie !<\/p>\n<p><img loading=\"lazy\" decoding=\"async\" class=\"alignnone size-full wp-image-13040\" style=\"font-size: 12px; line-height: 18px;\" title=\"Image 90\" src=\"http:\/\/www.spsressources.ch\/wordpress\/wp-content\/uploads\/2011\/11\/Image-90.png\" alt=\"\" width=\"133\" height=\"94\" \/><img loading=\"lazy\" decoding=\"async\" class=\"alignnone size-full wp-image-13041\" style=\"font-size: 12px; line-height: 18px;\" title=\"Image 91\" src=\"http:\/\/www.spsressources.ch\/wordpress\/wp-content\/uploads\/2011\/11\/Image-91.png\" alt=\"\" width=\"135\" height=\"79\" \/><\/p>\n<p>Au besoin, les couleurs du mod\u00e8le seront \u00e9galement \u00a0report\u00e9es \u00a0dans le carnet de l&rsquo;enfant.<\/p>\n<div><span style=\"font-size: medium;\"><a href=\"http:\/\/www.spsressources.ch\/wordpress\/wp-content\/uploads\/2011\/11\/Image-91.png\"><span class=\"Apple-style-span\" style=\"color: #000000; font-family: Georgia, 'Times New Roman', 'Bitstream Charter', Times, serif; font-size: 12px; line-height: 18px;\"><img loading=\"lazy\" decoding=\"async\" class=\"alignnone size-full wp-image-13049\" title=\"Image 17\" src=\"http:\/\/www.spsressources.ch\/wordpress\/wp-content\/uploads\/2011\/11\/Image-172.png\" alt=\"\" width=\"287\" height=\"182\" srcset=\"https:\/\/www.spsressources.ch\/wordpress\/wp-content\/uploads\/2011\/11\/Image-172.png 796w, https:\/\/www.spsressources.ch\/wordpress\/wp-content\/uploads\/2011\/11\/Image-172-300x190.png 300w\" sizes=\"auto, (max-width: 287px) 100vw, 287px\" \/><\/span><\/a><br \/>\n<\/span><\/div>\n<p>L&rsquo;utilisation d&rsquo;un stylo effa\u00e7able permet de r\u00e9p\u00e9ter l&rsquo;op\u00e9ration chaque semaine !<\/p>\n","protected":false},"excerpt":{"rendered":"<p>Afin de faciliter la copie des devoirs dans le carnet journalier, l&rsquo;enseignant a fait une photocopie format A3 d&rsquo;une page de l&rsquo;agenda de l&rsquo;enfant puis \u00a0a plac\u00e9 des \u00a0couleurs dans les lignes afin de donner \u00a0des rep\u00e8res pr\u00e9cis.Cette page a &hellip; <a href=\"https:\/\/www.spsressources.ch\/wordpress\/?page_id=1272\">Continuer la lecture <span class=\"meta-nav\">&rarr;<\/span><\/a><\/p>\n","protected":false},"author":3472,"featured_media":0,"parent":630,"menu_order":0,"comment_status":"open","ping_status":"closed","template":"","meta":{"footnotes":""},"class_list":["post-1272","page","type-page","status-publish","hentry"],"_links":{"self":[{"href":"https:\/\/www.spsressources.ch\/wordpress\/index.php?rest_route=\/wp\/v2\/pages\/1272","targetHints":{"allow":["GET"]}}],"collection":[{"href":"https:\/\/www.spsressources.ch\/wordpress\/index.php?rest_route=\/wp\/v2\/pages"}],"about":[{"href":"https:\/\/www.spsressources.ch\/wordpress\/index.php?rest_route=\/wp\/v2\/types\/page"}],"author":[{"embeddable":true,"href":"https:\/\/www.spsressources.ch\/wordpress\/index.php?rest_route=\/wp\/v2\/users\/3472"}],"replies":[{"embeddable":true,"href":"https:\/\/www.spsressources.ch\/wordpress\/index.php?rest_route=%2Fwp%2Fv2%2Fcomments&post=1272"}],"version-history":[{"count":30,"href":"https:\/\/www.spsressources.ch\/wordpress\/index.php?rest_route=\/wp\/v2\/pages\/1272\/revisions"}],"predecessor-version":[{"id":1287,"href":"https:\/\/www.spsressources.ch\/wordpress\/index.php?rest_route=\/wp\/v2\/pages\/1272\/revisions\/1287"}],"up":[{"embeddable":true,"href":"https:\/\/www.spsressources.ch\/wordpress\/index.php?rest_route=\/wp\/v2\/pages\/630"}],"wp:attachment":[{"href":"https:\/\/www.spsressources.ch\/wordpress\/index.php?rest_route=%2Fwp%2Fv2%2Fmedia&parent=1272"}],"curies":[{"name":"wp","href":"https:\/\/api.w.org\/{rel}","templated":true}]}}