{"id":12351,"date":"2015-01-21T13:03:04","date_gmt":"2015-01-21T13:03:04","guid":{"rendered":"http:\/\/www.spsressources.ch\/wordpress\/?page_id=12351"},"modified":"2015-01-22T14:16:07","modified_gmt":"2015-01-22T14:16:07","slug":"fiche-97-4-h-pingouins-et-phoques","status":"publish","type":"page","link":"https:\/\/www.spsressources.ch\/wordpress\/?page_id=12351","title":{"rendered":"Fiche (97, 3 H) Pingouins et Phoques"},"content":{"rendered":"<p>Dans chaque case, l&rsquo;enfant doit s\u00e9parer les pingouins et les phoques par une seule ligne reliant deux points. Il ne doit pas y avoi<span class=\"Apple-style-span\" style=\"color: #000000; font-family: Georgia, 'Times New Roman', 'Bitstream Charter', Times, serif; font-size: 12px; line-height: 18px;\"><span class=\"Apple-style-span\" style=\"font-size: 16px; color: #444444; font-family: Georgia, 'Bitstream Charter', serif; line-height: 24px;\">r de croisement.<\/span><\/span><\/p>\n<p><a href=\"http:\/\/www.spsressources.ch\/wordpress\/wp-content\/uploads\/2015\/01\/IMG_1265.jpg\"><img loading=\"lazy\" decoding=\"async\" class=\"alignnone size-medium wp-image-12368\" title=\"IMG_1265\" src=\"http:\/\/www.spsressources.ch\/wordpress\/wp-content\/uploads\/2015\/01\/IMG_1265-225x300.jpg\" alt=\"\" width=\"225\" height=\"300\" srcset=\"https:\/\/www.spsressources.ch\/wordpress\/wp-content\/uploads\/2015\/01\/IMG_1265-225x300.jpg 225w, https:\/\/www.spsressources.ch\/wordpress\/wp-content\/uploads\/2015\/01\/IMG_1265-768x1024.jpg 768w\" sizes=\"auto, (max-width: 225px) 100vw, 225px\" \/><\/a><\/p>\n<p>&nbsp;<\/p>\n<p>L&rsquo;utilisation \u00a0de mat\u00e9riel rend cette fiche plus accessible.<\/p>\n<p><span class=\"Apple-style-span\" style=\"font-size: 16px; color: #444444; font-family: Georgia, 'Bitstream Charter', serif; line-height: 24px;\">L&rsquo;enfant s\u00e9pare les pingouins des phoques (repr\u00e9sent\u00e9 par des pi\u00e8ces de jeux : ici des pi\u00e8ces d&rsquo;un jeu d&rsquo;\u00e9chec) \u00a0en enfilant les deux extr\u00e9mit\u00e9s d&rsquo;une corde dans les fentes pr\u00e9vues dans un carton.<\/span><\/p>\n<p><a href=\"http:\/\/www.spsressources.ch\/wordpress\/wp-content\/uploads\/2015\/01\/IMG_1182.jpg\"><img loading=\"lazy\" decoding=\"async\" class=\"alignnone size-medium wp-image-12366\" title=\"IMG_1182\" src=\"http:\/\/www.spsressources.ch\/wordpress\/wp-content\/uploads\/2015\/01\/IMG_1182-300x225.jpg\" alt=\"\" width=\"300\" height=\"225\" srcset=\"https:\/\/www.spsressources.ch\/wordpress\/wp-content\/uploads\/2015\/01\/IMG_1182-300x225.jpg 300w, https:\/\/www.spsressources.ch\/wordpress\/wp-content\/uploads\/2015\/01\/IMG_1182-1024x768.jpg 1024w\" sizes=\"auto, (max-width: 300px) 100vw, 300px\" \/><\/a><a href=\"http:\/\/www.spsressources.ch\/wordpress\/wp-content\/uploads\/2015\/01\/Image-97.png\"><img loading=\"lazy\" decoding=\"async\" title=\"Image 97\" src=\"http:\/\/www.spsressources.ch\/wordpress\/wp-content\/uploads\/2015\/01\/Image-97-300x230.png\" alt=\"\" width=\"300\" height=\"230\" \/><\/a><\/p>\n<p>Voici comment r\u00e9aliser le jeu<\/p>\n<ol>\n<li>Imprimer les 6 \u00ab\u00a0cases\u00a0\u00bb en format A4<a href=\"http:\/\/www.spsressources.ch\/wordpress\/wp-content\/uploads\/2015\/01\/IMG_1265.jpg\"><img decoding=\"async\" title=\"gallery columns=&quot;6&quot;\" src=\"http:\/\/www.spsressources.ch\/wordpress\/wp-includes\/js\/tinymce\/plugins\/wpgallery\/img\/t.gif\" alt=\"\" \/><\/a><\/li>\n<li>Enfiler \u00a0les 6 cases dans une fourre plastifi\u00e9e<\/li>\n<li>les disposer au fond d&rsquo;un carton de grandeur A4<\/li>\n<\/ol>\n<p><span style=\"text-decoration: underline; color: #800080;\"><a href=\"http:\/\/www.spsressources.ch\/wordpress\/wp-content\/uploads\/2015\/01\/pigouin-13-1.pdf\"><span style=\"color: #800080; text-decoration: underline;\">1\u00e8re case<\/span><\/a>\u00a0 \u00a0 \u00a0<a href=\"http:\/\/www.spsressources.ch\/wordpress\/wp-content\/uploads\/2015\/01\/pingouins-62-2.pdf\"><span style=\"color: #800080; text-decoration: underline;\">2\u00e8me case<\/span><\/a>\u00a0\u00a0\u00a0\u00a0\u00a0 <a href=\"http:\/\/www.spsressources.ch\/wordpress\/wp-content\/uploads\/2015\/01\/pigouin-12-3.pdf\"><span style=\"color: #800080; text-decoration: underline;\">3\u00e8me case<\/span><\/a>\u00a0 \u00a0 \u00a0 \u00a0<a href=\"http:\/\/www.spsressources.ch\/wordpress\/wp-content\/uploads\/2015\/01\/pingouins-42.pdf\"><span style=\"color: #800080; text-decoration: underline;\">4\u00e8me case<\/span><\/a>\u00a0 \u00a0 \u00a0\u00a0<a href=\"http:\/\/www.spsressources.ch\/wordpress\/wp-content\/uploads\/2015\/01\/pingouins-5docx.pdf\"><span style=\"color: #800080; text-decoration: underline;\">5\u00e8me case<\/span><\/a>\u00a0<\/span> \u00a0 <span style=\"text-decoration: underline;\"><span style=\"color: #800080; text-decoration: underline;\">\u00a0<a href=\"http:\/\/www.spsressources.ch\/wordpress\/wp-content\/uploads\/2015\/01\/pingouins-6.pdf\"><span style=\"color: #800080; text-decoration: underline;\">6\u00e8me case<\/span><\/a><\/span><\/span><\/p>\n<p><span style=\"font-size: small;\"><span class=\"Apple-style-span\" style=\"line-height: 24px;\"><br \/>\n<\/span><\/span><\/p>\n<ol>\n<li>Couper \u00a0les fentes dans le carton (aux endroits o\u00f9 l&rsquo;enfant devra enfiler la cordelettes (repr\u00e9sent\u00e9e pas des points sur la fiche)<\/li>\n<\/ol>\n<p><a href=\"http:\/\/www.spsressources.ch\/wordpress\/wp-content\/uploads\/2015\/01\/Image-1081.png\"><img loading=\"lazy\" decoding=\"async\" title=\"Image 108\" src=\"http:\/\/www.spsressources.ch\/wordpress\/wp-content\/uploads\/2015\/01\/Image-1081-247x300.png\" alt=\"\" width=\"148\" height=\"180\" \/><\/a><\/p>\n<ol>\n<li>Coller de la \u00ab\u00a0p\u00e2te \u00e0 fixe\u00a0\u00bb sous des pi\u00e8ces de deux couleurs (ici pi\u00e8ces d&rsquo;un jeu d&rsquo;\u00e9chec) afin qu&rsquo;ils tiennent bien<\/li>\n<\/ol>\n<p><a href=\"http:\/\/www.spsressources.ch\/wordpress\/wp-content\/uploads\/2015\/01\/Image-99.png\"><img loading=\"lazy\" decoding=\"async\" title=\"Image 99\" src=\"http:\/\/www.spsressources.ch\/wordpress\/wp-content\/uploads\/2015\/01\/Image-99-251x300.png\" alt=\"\" width=\"151\" height=\"180\" \/><\/a><img loading=\"lazy\" decoding=\"async\" class=\"alignnone size-medium wp-image-12362\" title=\"Image 106\" src=\"http:\/\/www.spsressources.ch\/wordpress\/wp-content\/uploads\/2015\/01\/Image-106-273x300.png\" alt=\"\" width=\"164\" height=\"180\" srcset=\"https:\/\/www.spsressources.ch\/wordpress\/wp-content\/uploads\/2015\/01\/Image-106-273x300.png 273w, https:\/\/www.spsressources.ch\/wordpress\/wp-content\/uploads\/2015\/01\/Image-106.png 446w\" sizes=\"auto, (max-width: 164px) 100vw, 164px\" \/><\/p>\n<p>3. Disposer les pi\u00e8ces du jeu sur la feuille plastifi\u00e9e<\/p>\n<p><span class=\"Apple-style-span\" style=\"font-size: 16px; color: #444444; font-family: Georgia, 'Bitstream Charter', serif; line-height: 24px;\"><img loading=\"lazy\" decoding=\"async\" class=\"alignnone size-medium wp-image-12363\" title=\"Image 107\" src=\"http:\/\/www.spsressources.ch\/wordpress\/wp-content\/uploads\/2015\/01\/Image-107-237x300.png\" alt=\"\" width=\"142\" height=\"180\" srcset=\"https:\/\/www.spsressources.ch\/wordpress\/wp-content\/uploads\/2015\/01\/Image-107-237x300.png 237w, https:\/\/www.spsressources.ch\/wordpress\/wp-content\/uploads\/2015\/01\/Image-107.png 348w\" sizes=\"auto, (max-width: 142px) 100vw, 142px\" \/><\/span><\/p>\n<p>4. L&rsquo;enfant peut disposer \u00a0la cordelette en enfilant les deux extr\u00e9mit\u00e9s de la corde dans les fentes pr\u00e9vues dans le carton<\/p>\n<p><a href=\"http:\/\/www.spsressources.ch\/wordpress\/wp-content\/uploads\/2015\/01\/Image-110.png\"><img loading=\"lazy\" decoding=\"async\" class=\"alignnone size-medium wp-image-12371\" title=\"Image 110\" src=\"http:\/\/www.spsressources.ch\/wordpress\/wp-content\/uploads\/2015\/01\/Image-110-300x210.png\" alt=\"\" width=\"300\" height=\"210\" srcset=\"https:\/\/www.spsressources.ch\/wordpress\/wp-content\/uploads\/2015\/01\/Image-110-300x210.png 300w, https:\/\/www.spsressources.ch\/wordpress\/wp-content\/uploads\/2015\/01\/Image-110.png 992w\" sizes=\"auto, (max-width: 300px) 100vw, 300px\" \/><\/a><span class=\"Apple-style-span\" style=\"color: #000000; font-family: Georgia, 'Times New Roman', 'Bitstream Charter', Times, serif; font-size: 12px; line-height: 18px;\"><img loading=\"lazy\" decoding=\"async\" class=\"alignnone size-medium wp-image-12361\" title=\"Image 103\" src=\"http:\/\/www.spsressources.ch\/wordpress\/wp-content\/uploads\/2015\/01\/Image-103-219x300.png\" alt=\"\" width=\"131\" height=\"180\" srcset=\"https:\/\/www.spsressources.ch\/wordpress\/wp-content\/uploads\/2015\/01\/Image-103-219x300.png 219w, https:\/\/www.spsressources.ch\/wordpress\/wp-content\/uploads\/2015\/01\/Image-103.png 457w\" sizes=\"auto, (max-width: 131px) 100vw, 131px\" \/><\/span><\/p>\n<p>Ou d&rsquo;un stylo effa\u00e7able en reliant d&rsquo;un point \u00e0 l&rsquo;autre<\/p>\n<p><span class=\"Apple-style-span\" style=\"color: #000000; font-family: Georgia, 'Times New Roman', 'Bitstream Charter', Times, serif; font-size: 12px; line-height: 18px;\"><span class=\"Apple-style-span\" style=\"font-size: 16px; color: #444444; font-family: Georgia, 'Bitstream Charter', serif; line-height: 24px;\"><a href=\"http:\/\/www.spsressources.ch\/wordpress\/wp-content\/uploads\/2015\/01\/Image-108.png\"><img loading=\"lazy\" decoding=\"async\" class=\"alignnone size-medium wp-image-12360\" title=\"Image 105\" src=\"http:\/\/www.spsressources.ch\/wordpress\/wp-content\/uploads\/2015\/01\/Image-105-300x207.png\" alt=\"\" width=\"180\" height=\"124\" srcset=\"https:\/\/www.spsressources.ch\/wordpress\/wp-content\/uploads\/2015\/01\/Image-105-300x207.png 300w, https:\/\/www.spsressources.ch\/wordpress\/wp-content\/uploads\/2015\/01\/Image-105.png 998w\" sizes=\"auto, (max-width: 180px) 100vw, 180px\" \/><\/a><\/span><\/span><\/p>\n<p>&nbsp;<\/p>\n","protected":false},"excerpt":{"rendered":"<p>Dans chaque case, l&rsquo;enfant doit s\u00e9parer les pingouins et les phoques par une seule ligne reliant deux points. Il ne doit pas y avoir de croisement. &nbsp; L&rsquo;utilisation \u00a0de mat\u00e9riel rend cette fiche plus accessible. L&rsquo;enfant s\u00e9pare les pingouins des &hellip; <a href=\"https:\/\/www.spsressources.ch\/wordpress\/?page_id=12351\">Continuer la lecture <span class=\"meta-nav\">&rarr;<\/span><\/a><\/p>\n","protected":false},"author":3472,"featured_media":0,"parent":581,"menu_order":0,"comment_status":"open","ping_status":"closed","template":"","meta":{"footnotes":""},"class_list":["post-12351","page","type-page","status-publish","hentry"],"_links":{"self":[{"href":"https:\/\/www.spsressources.ch\/wordpress\/index.php?rest_route=\/wp\/v2\/pages\/12351","targetHints":{"allow":["GET"]}}],"collection":[{"href":"https:\/\/www.spsressources.ch\/wordpress\/index.php?rest_route=\/wp\/v2\/pages"}],"about":[{"href":"https:\/\/www.spsressources.ch\/wordpress\/index.php?rest_route=\/wp\/v2\/types\/page"}],"author":[{"embeddable":true,"href":"https:\/\/www.spsressources.ch\/wordpress\/index.php?rest_route=\/wp\/v2\/users\/3472"}],"replies":[{"embeddable":true,"href":"https:\/\/www.spsressources.ch\/wordpress\/index.php?rest_route=%2Fwp%2Fv2%2Fcomments&post=12351"}],"version-history":[{"count":31,"href":"https:\/\/www.spsressources.ch\/wordpress\/index.php?rest_route=\/wp\/v2\/pages\/12351\/revisions"}],"predecessor-version":[{"id":12370,"href":"https:\/\/www.spsressources.ch\/wordpress\/index.php?rest_route=\/wp\/v2\/pages\/12351\/revisions\/12370"}],"up":[{"embeddable":true,"href":"https:\/\/www.spsressources.ch\/wordpress\/index.php?rest_route=\/wp\/v2\/pages\/581"}],"wp:attachment":[{"href":"https:\/\/www.spsressources.ch\/wordpress\/index.php?rest_route=%2Fwp%2Fv2%2Fmedia&parent=12351"}],"curies":[{"name":"wp","href":"https:\/\/api.w.org\/{rel}","templated":true}]}}