{"id":11983,"date":"2014-11-17T10:16:13","date_gmt":"2014-11-17T10:16:13","guid":{"rendered":"http:\/\/www.spsressources.ch\/wordpress\/?page_id=11983"},"modified":"2014-11-17T10:41:35","modified_gmt":"2014-11-17T10:41:35","slug":"lagenda","status":"publish","type":"page","link":"https:\/\/www.spsressources.ch\/wordpress\/?page_id=11983","title":{"rendered":"l&rsquo;agenda scolaire (8 \u00e0 11 Harmos)"},"content":{"rendered":"<p>Afin d&rsquo;aider un \u00e9l\u00e8ve qui a des difficult\u00e9s \u00e0 g\u00e9rer\u00a0<strong>l&rsquo;AGENDA SCOLAIRE<\/strong>, \u00a0j&rsquo;ai cr\u00e9\u00e9 un document \u00e0 coller sur la page de gauche afin de la remplacer.<\/p>\n<p>J&rsquo;ai cherch\u00e9 \u00e0 optimiser l&rsquo;espace et \u00e0 le rendre plus fonctionnel en :<\/p>\n<p>-ajoutant des lignes pour le lundi<\/p>\n<p>&#8211; allongeant les lignes<\/p>\n<p>&#8211; pr\u00e9voyant une colonne servant \u00e0 mettre un vu lorsque le travail est r\u00e9alis\u00e9<\/p>\n<p style=\"text-align: center;\"><a href=\"http:\/\/www.spsressources.ch\/wordpress\/wp-content\/uploads\/2014\/11\/IMG_0285.jpg\"><img loading=\"lazy\" decoding=\"async\" class=\"size-medium wp-image-11984 aligncenter\" title=\"IMG_0285\" src=\"http:\/\/www.spsressources.ch\/wordpress\/wp-content\/uploads\/2014\/11\/IMG_0285-225x300.jpg\" alt=\"\" width=\"225\" height=\"300\" srcset=\"https:\/\/www.spsressources.ch\/wordpress\/wp-content\/uploads\/2014\/11\/IMG_0285-225x300.jpg 225w, https:\/\/www.spsressources.ch\/wordpress\/wp-content\/uploads\/2014\/11\/IMG_0285-768x1024.jpg 768w\" sizes=\"auto, (max-width: 225px) 100vw, 225px\" \/><\/a><a href=\"http:\/\/www.spsressources.ch\/wordpress\/wp-content\/uploads\/2014\/11\/Microsoft-Word-agenda.doc.pdf\">cliquez ici pour ouvrir le document- agenda<\/a><a href=\"http:\/\/www.spsressources.ch\/wordpress\/wp-content\/uploads\/2014\/11\/Microsoft-Word-agenda.doc.pdf\"><img loading=\"lazy\" decoding=\"async\" class=\"size-medium wp-image-11992 aligncenter\" title=\"Image 33\" src=\"http:\/\/www.spsressources.ch\/wordpress\/wp-content\/uploads\/2014\/11\/Image-33-268x300.png\" alt=\"\" width=\"268\" height=\"300\" srcset=\"https:\/\/www.spsressources.ch\/wordpress\/wp-content\/uploads\/2014\/11\/Image-33-268x300.png 268w, https:\/\/www.spsressources.ch\/wordpress\/wp-content\/uploads\/2014\/11\/Image-33.png 675w\" sizes=\"auto, (max-width: 268px) 100vw, 268px\" \/><\/a><\/p>\n<p style=\"text-align: center;\"><a href=\"http:\/\/www.spsressources.ch\/wordpress\/wp-content\/uploads\/2014\/11\/Microsoft-Word-agenda.doc.pdf\">.<\/a><\/p>\n","protected":false},"excerpt":{"rendered":"<p>Afin d&rsquo;aider un \u00e9l\u00e8ve qui a des difficult\u00e9s \u00e0 g\u00e9rer\u00a0l&rsquo;AGENDA SCOLAIRE, \u00a0j&rsquo;ai cr\u00e9\u00e9 un document \u00e0 coller sur la page de gauche afin de la remplacer. J&rsquo;ai cherch\u00e9 \u00e0 optimiser l&rsquo;espace et \u00e0 le rendre plus fonctionnel en : -ajoutant &hellip; <a href=\"https:\/\/www.spsressources.ch\/wordpress\/?page_id=11983\">Continuer la lecture <span class=\"meta-nav\">&rarr;<\/span><\/a><\/p>\n","protected":false},"author":3472,"featured_media":0,"parent":11771,"menu_order":0,"comment_status":"open","ping_status":"closed","template":"","meta":{"footnotes":""},"class_list":["post-11983","page","type-page","status-publish","hentry"],"_links":{"self":[{"href":"https:\/\/www.spsressources.ch\/wordpress\/index.php?rest_route=\/wp\/v2\/pages\/11983","targetHints":{"allow":["GET"]}}],"collection":[{"href":"https:\/\/www.spsressources.ch\/wordpress\/index.php?rest_route=\/wp\/v2\/pages"}],"about":[{"href":"https:\/\/www.spsressources.ch\/wordpress\/index.php?rest_route=\/wp\/v2\/types\/page"}],"author":[{"embeddable":true,"href":"https:\/\/www.spsressources.ch\/wordpress\/index.php?rest_route=\/wp\/v2\/users\/3472"}],"replies":[{"embeddable":true,"href":"https:\/\/www.spsressources.ch\/wordpress\/index.php?rest_route=%2Fwp%2Fv2%2Fcomments&post=11983"}],"version-history":[{"count":19,"href":"https:\/\/www.spsressources.ch\/wordpress\/index.php?rest_route=\/wp\/v2\/pages\/11983\/revisions"}],"predecessor-version":[{"id":11988,"href":"https:\/\/www.spsressources.ch\/wordpress\/index.php?rest_route=\/wp\/v2\/pages\/11983\/revisions\/11988"}],"up":[{"embeddable":true,"href":"https:\/\/www.spsressources.ch\/wordpress\/index.php?rest_route=\/wp\/v2\/pages\/11771"}],"wp:attachment":[{"href":"https:\/\/www.spsressources.ch\/wordpress\/index.php?rest_route=%2Fwp%2Fv2%2Fmedia&parent=11983"}],"curies":[{"name":"wp","href":"https:\/\/api.w.org\/{rel}","templated":true}]}}