{"id":11869,"date":"2014-07-04T08:34:12","date_gmt":"2014-07-04T08:34:12","guid":{"rendered":"http:\/\/www.spsressources.ch\/wordpress\/?page_id=11869"},"modified":"2014-07-04T08:38:19","modified_gmt":"2014-07-04T08:38:19","slug":"panneaux-pour-la-classe","status":"publish","type":"page","link":"https:\/\/www.spsressources.ch\/wordpress\/?page_id=11869","title":{"rendered":"Divers panneaux pour la classe"},"content":{"rendered":"<p><a href=\"http:\/\/www.charivarialecole.fr\/affichage-tous-cycles-a894619\">Cliquez ici pour trouver d&rsquo;autres panneaux \u00e0 t\u00e9l\u00e9charger sur le site CHARIVARI\u00a0<\/a><\/p>\n<p><a href=\"http:\/\/ekladata.com\/charivari.eklablog.com\/perso\/affichage%20nature%20des%20mots.pdf\">Cliquez ici pour t\u00e9l\u00e9charger ces panneaux<\/a><\/p>\n<p><a href=\"http:\/\/www.spsressources.ch\/wordpress\/wp-content\/uploads\/2014\/07\/Image-55.png\"><img loading=\"lazy\" decoding=\"async\" class=\"alignnone size-medium wp-image-11873\" title=\"Image 55\" src=\"http:\/\/www.spsressources.ch\/wordpress\/wp-content\/uploads\/2014\/07\/Image-55-300x176.png\" alt=\"\" width=\"300\" height=\"176\" srcset=\"https:\/\/www.spsressources.ch\/wordpress\/wp-content\/uploads\/2014\/07\/Image-55-300x176.png 300w, https:\/\/www.spsressources.ch\/wordpress\/wp-content\/uploads\/2014\/07\/Image-55.png 921w\" sizes=\"auto, (max-width: 300px) 100vw, 300px\" \/><\/a><\/p>\n<p>&nbsp;<\/p>\n<p><a href=\"http:\/\/www.spsressources.ch\/wordpress\/wp-content\/uploads\/2014\/07\/Image-54.png\"><img loading=\"lazy\" decoding=\"async\" class=\"alignnone size-medium wp-image-11872\" title=\"Image 54\" src=\"http:\/\/www.spsressources.ch\/wordpress\/wp-content\/uploads\/2014\/07\/Image-54-300x295.png\" alt=\"\" width=\"300\" height=\"295\" srcset=\"https:\/\/www.spsressources.ch\/wordpress\/wp-content\/uploads\/2014\/07\/Image-54-300x295.png 300w, https:\/\/www.spsressources.ch\/wordpress\/wp-content\/uploads\/2014\/07\/Image-54.png 618w\" sizes=\"auto, (max-width: 300px) 100vw, 300px\" \/><\/a><\/p>\n","protected":false},"excerpt":{"rendered":"<p>Cliquez ici pour trouver d&rsquo;autres panneaux \u00e0 t\u00e9l\u00e9charger sur le site CHARIVARI\u00a0 Cliquez ici pour t\u00e9l\u00e9charger ces panneaux &nbsp;<\/p>\n","protected":false},"author":3472,"featured_media":0,"parent":11182,"menu_order":0,"comment_status":"open","ping_status":"closed","template":"","meta":{"footnotes":""},"class_list":["post-11869","page","type-page","status-publish","hentry"],"_links":{"self":[{"href":"https:\/\/www.spsressources.ch\/wordpress\/index.php?rest_route=\/wp\/v2\/pages\/11869","targetHints":{"allow":["GET"]}}],"collection":[{"href":"https:\/\/www.spsressources.ch\/wordpress\/index.php?rest_route=\/wp\/v2\/pages"}],"about":[{"href":"https:\/\/www.spsressources.ch\/wordpress\/index.php?rest_route=\/wp\/v2\/types\/page"}],"author":[{"embeddable":true,"href":"https:\/\/www.spsressources.ch\/wordpress\/index.php?rest_route=\/wp\/v2\/users\/3472"}],"replies":[{"embeddable":true,"href":"https:\/\/www.spsressources.ch\/wordpress\/index.php?rest_route=%2Fwp%2Fv2%2Fcomments&post=11869"}],"version-history":[{"count":6,"href":"https:\/\/www.spsressources.ch\/wordpress\/index.php?rest_route=\/wp\/v2\/pages\/11869\/revisions"}],"predecessor-version":[{"id":11871,"href":"https:\/\/www.spsressources.ch\/wordpress\/index.php?rest_route=\/wp\/v2\/pages\/11869\/revisions\/11871"}],"up":[{"embeddable":true,"href":"https:\/\/www.spsressources.ch\/wordpress\/index.php?rest_route=\/wp\/v2\/pages\/11182"}],"wp:attachment":[{"href":"https:\/\/www.spsressources.ch\/wordpress\/index.php?rest_route=%2Fwp%2Fv2%2Fmedia&parent=11869"}],"curies":[{"name":"wp","href":"https:\/\/api.w.org\/{rel}","templated":true}]}}