{"id":11856,"date":"2014-07-04T08:17:46","date_gmt":"2014-07-04T08:17:46","guid":{"rendered":"http:\/\/www.spsressources.ch\/wordpress\/?page_id=11856"},"modified":"2014-07-04T08:40:38","modified_gmt":"2014-07-04T08:40:38","slug":"la-table-de-pythagorre-de-montessori","status":"publish","type":"page","link":"https:\/\/www.spsressources.ch\/wordpress\/?page_id=11856","title":{"rendered":"la table de Pythagorre de Montessori"},"content":{"rendered":"<p><a href=\"http:\/\/www.lejardindekiran.com\/realiser-la-table-de-pythagore-de-montessori-modele-en-carton\/\">Cliquez ici pour aller sur le site \u00ab\u00a0le Jardin de Kirian de Montessori sur lequel se trouvent les diff\u00e9rents \u00e9l\u00e9ments et la marche \u00e0 suivre pour fabriquer une table de Pythagorre<\/a><\/p>\n<p><a href=\"http:\/\/www.spsressources.ch\/wordpress\/wp-content\/uploads\/2014\/07\/Image-53.png\"><img loading=\"lazy\" decoding=\"async\" class=\"alignnone size-medium wp-image-11862\" title=\"Image 53\" src=\"http:\/\/www.spsressources.ch\/wordpress\/wp-content\/uploads\/2014\/07\/Image-53-300x296.png\" alt=\"\" width=\"300\" height=\"296\" srcset=\"https:\/\/www.spsressources.ch\/wordpress\/wp-content\/uploads\/2014\/07\/Image-53-300x296.png 300w, https:\/\/www.spsressources.ch\/wordpress\/wp-content\/uploads\/2014\/07\/Image-53.png 548w\" sizes=\"auto, (max-width: 300px) 100vw, 300px\" \/><\/a><a href=\"http:\/\/www.spsressources.ch\/wordpress\/wp-content\/uploads\/2014\/07\/Image-51.png\"><img loading=\"lazy\" decoding=\"async\" class=\"alignnone size-medium wp-image-11860\" title=\"Image 51\" src=\"http:\/\/www.spsressources.ch\/wordpress\/wp-content\/uploads\/2014\/07\/Image-51-190x300.png\" alt=\"\" width=\"190\" height=\"300\" srcset=\"https:\/\/www.spsressources.ch\/wordpress\/wp-content\/uploads\/2014\/07\/Image-51-190x300.png 190w, https:\/\/www.spsressources.ch\/wordpress\/wp-content\/uploads\/2014\/07\/Image-51.png 534w\" sizes=\"auto, (max-width: 190px) 100vw, 190px\" \/><\/a><\/p>\n<p>&nbsp;<\/p>\n<p><a href=\"http:\/\/www.lejardindekiran.com\/realiser-la-table-de-pythagore-de-montessori-modele-en-carton\/\">\u00a0<\/a><a href=\"http:\/\/www.spsressources.ch\/wordpress\/wp-content\/uploads\/2014\/07\/Image-52.png\"><img loading=\"lazy\" decoding=\"async\" class=\"alignnone size-medium wp-image-11861\" title=\"Image 52\" src=\"http:\/\/www.spsressources.ch\/wordpress\/wp-content\/uploads\/2014\/07\/Image-52-300x237.png\" alt=\"\" width=\"300\" height=\"237\" srcset=\"https:\/\/www.spsressources.ch\/wordpress\/wp-content\/uploads\/2014\/07\/Image-52-300x237.png 300w, https:\/\/www.spsressources.ch\/wordpress\/wp-content\/uploads\/2014\/07\/Image-52.png 1014w\" sizes=\"auto, (max-width: 300px) 100vw, 300px\" \/><\/a><a href=\"http:\/\/www.spsressources.ch\/wordpress\/wp-content\/uploads\/2014\/07\/Image-56.png\"><img loading=\"lazy\" decoding=\"async\" class=\"alignnone size-medium wp-image-11880\" title=\"Image 56\" src=\"http:\/\/www.spsressources.ch\/wordpress\/wp-content\/uploads\/2014\/07\/Image-56-254x300.png\" alt=\"\" width=\"254\" height=\"300\" srcset=\"https:\/\/www.spsressources.ch\/wordpress\/wp-content\/uploads\/2014\/07\/Image-56-254x300.png 254w, https:\/\/www.spsressources.ch\/wordpress\/wp-content\/uploads\/2014\/07\/Image-56.png 543w\" sizes=\"auto, (max-width: 254px) 100vw, 254px\" \/><\/a><\/p>\n","protected":false},"excerpt":{"rendered":"<p>Cliquez ici pour aller sur le site \u00ab\u00a0le Jardin de Kirian de Montessori sur lequel se trouvent les diff\u00e9rents \u00e9l\u00e9ments et la marche \u00e0 suivre pour fabriquer une table de Pythagorre &nbsp; \u00a0<\/p>\n","protected":false},"author":3472,"featured_media":0,"parent":11301,"menu_order":0,"comment_status":"open","ping_status":"closed","template":"","meta":{"footnotes":""},"class_list":["post-11856","page","type-page","status-publish","hentry"],"_links":{"self":[{"href":"https:\/\/www.spsressources.ch\/wordpress\/index.php?rest_route=\/wp\/v2\/pages\/11856","targetHints":{"allow":["GET"]}}],"collection":[{"href":"https:\/\/www.spsressources.ch\/wordpress\/index.php?rest_route=\/wp\/v2\/pages"}],"about":[{"href":"https:\/\/www.spsressources.ch\/wordpress\/index.php?rest_route=\/wp\/v2\/types\/page"}],"author":[{"embeddable":true,"href":"https:\/\/www.spsressources.ch\/wordpress\/index.php?rest_route=\/wp\/v2\/users\/3472"}],"replies":[{"embeddable":true,"href":"https:\/\/www.spsressources.ch\/wordpress\/index.php?rest_route=%2Fwp%2Fv2%2Fcomments&post=11856"}],"version-history":[{"count":8,"href":"https:\/\/www.spsressources.ch\/wordpress\/index.php?rest_route=\/wp\/v2\/pages\/11856\/revisions"}],"predecessor-version":[{"id":11858,"href":"https:\/\/www.spsressources.ch\/wordpress\/index.php?rest_route=\/wp\/v2\/pages\/11856\/revisions\/11858"}],"up":[{"embeddable":true,"href":"https:\/\/www.spsressources.ch\/wordpress\/index.php?rest_route=\/wp\/v2\/pages\/11301"}],"wp:attachment":[{"href":"https:\/\/www.spsressources.ch\/wordpress\/index.php?rest_route=%2Fwp%2Fv2%2Fmedia&parent=11856"}],"curies":[{"name":"wp","href":"https:\/\/api.w.org\/{rel}","templated":true}]}}