{"id":1173,"date":"2011-11-11T17:38:27","date_gmt":"2011-11-11T17:38:27","guid":{"rendered":"http:\/\/www.vallelian.net\/sps\/wordpress\/?page_id=1173"},"modified":"2014-03-07T13:20:55","modified_gmt":"2014-03-07T13:20:55","slug":"1173-2","status":"publish","type":"page","link":"https:\/\/www.spsressources.ch\/wordpress\/?page_id=1173","title":{"rendered":"Feuillet plateforme"},"content":{"rendered":"<p>Un feuillet pr\u00e9sentant des adresses (dans le canton de Neuch\u00e2tel et en Suisse romande) destin\u00e9es aux parents \u00e0 propos des th\u00e8mes suivants :<\/p>\n<ul>\n<li>jumeaux<\/li>\n<li>adoption<\/li>\n<li>dyslexie<\/li>\n<li>haut potentiel intellectuel<\/li>\n<li>TDA\/H<\/li>\n<li>dysphasie<\/li>\n<\/ul>\n<p style=\"text-align: center;\"><span style=\"text-decoration: underline;\"><span class=\"Apple-style-span\" style=\"font-size: 16px; font-family: Georgia, 'Bitstream Charter', serif; line-height: 24px; color: #800080;\"><a href=\"http:\/\/www.spsressources.ch\/wordpress\/wp-content\/uploads\/2011\/11\/Feuillet_Plateforme_Assoc_Mai20104.pdf\"><span style=\"color: #800080; text-decoration: underline;\">Cliquez ici pour t\u00e9l\u00e9charger cette brochure<\/span><\/a><\/span><\/span><\/p>\n<p style=\"text-align: center;\"><a href=\"http:\/\/www.spsressources.ch\/wordpress\/wp-content\/uploads\/2011\/11\/Feuillet_Plateforme_Assoc_Mai20104.pdf\"><img loading=\"lazy\" decoding=\"async\" class=\"aligncenter size-full wp-image-1178\" title=\"Capture d\u2019\u00e9cran 2011-11-11 \u00e0 18.40.05\" src=\"http:\/\/www.vallelian.net\/sps\/wordpress\/wp-content\/uploads\/2011\/11\/Capture-d\u2019\u00e9cran-2011-11-11-\u00e0-18.40.05.png\" alt=\"\" width=\"329\" height=\"239\" srcset=\"https:\/\/www.spsressources.ch\/wordpress\/wp-content\/uploads\/2011\/11\/Capture-d\u2019\u00e9cran-2011-11-11-\u00e0-18.40.05.png 549w, https:\/\/www.spsressources.ch\/wordpress\/wp-content\/uploads\/2011\/11\/Capture-d\u2019\u00e9cran-2011-11-11-\u00e0-18.40.05-300x218.png 300w\" sizes=\"auto, (max-width: 329px) 100vw, 329px\" \/><\/a><\/p>\n","protected":false},"excerpt":{"rendered":"<p>Un feuillet pr\u00e9sentant des adresses (dans le canton de Neuch\u00e2tel et en Suisse romande) destin\u00e9es aux parents \u00e0 propos des th\u00e8mes suivants : jumeaux adoption dyslexie haut potentiel intellectuel TDA\/H dysphasie Cliquez ici pour t\u00e9l\u00e9charger cette brochure<\/p>\n","protected":false},"author":3472,"featured_media":0,"parent":1139,"menu_order":0,"comment_status":"open","ping_status":"closed","template":"","meta":{"footnotes":""},"class_list":["post-1173","page","type-page","status-publish","hentry"],"_links":{"self":[{"href":"https:\/\/www.spsressources.ch\/wordpress\/index.php?rest_route=\/wp\/v2\/pages\/1173","targetHints":{"allow":["GET"]}}],"collection":[{"href":"https:\/\/www.spsressources.ch\/wordpress\/index.php?rest_route=\/wp\/v2\/pages"}],"about":[{"href":"https:\/\/www.spsressources.ch\/wordpress\/index.php?rest_route=\/wp\/v2\/types\/page"}],"author":[{"embeddable":true,"href":"https:\/\/www.spsressources.ch\/wordpress\/index.php?rest_route=\/wp\/v2\/users\/3472"}],"replies":[{"embeddable":true,"href":"https:\/\/www.spsressources.ch\/wordpress\/index.php?rest_route=%2Fwp%2Fv2%2Fcomments&post=1173"}],"version-history":[{"count":23,"href":"https:\/\/www.spsressources.ch\/wordpress\/index.php?rest_route=\/wp\/v2\/pages\/1173\/revisions"}],"predecessor-version":[{"id":1176,"href":"https:\/\/www.spsressources.ch\/wordpress\/index.php?rest_route=\/wp\/v2\/pages\/1173\/revisions\/1176"}],"up":[{"embeddable":true,"href":"https:\/\/www.spsressources.ch\/wordpress\/index.php?rest_route=\/wp\/v2\/pages\/1139"}],"wp:attachment":[{"href":"https:\/\/www.spsressources.ch\/wordpress\/index.php?rest_route=%2Fwp%2Fv2%2Fmedia&parent=1173"}],"curies":[{"name":"wp","href":"https:\/\/api.w.org\/{rel}","templated":true}]}}