{"id":1134,"date":"2011-11-11T16:32:41","date_gmt":"2011-11-11T16:32:41","guid":{"rendered":"http:\/\/www.vallelian.net\/sps\/wordpress\/?page_id=1134"},"modified":"2014-03-07T13:20:36","modified_gmt":"2014-03-07T13:20:36","slug":"en-panne-avec-votre-enfant","status":"publish","type":"page","link":"https:\/\/www.spsressources.ch\/wordpress\/?page_id=1134","title":{"rendered":"Feuillet : \u00ab\u00a0en panne avec votre enfant\u00a0\u00bb"},"content":{"rendered":"<p style=\"text-align: left;\">Ce feuillet regroupe des adresses d&rsquo;associations (en suisse romande) qui sont pr\u00eates \u00e0 orienter et apporter de l&rsquo;aide aux parents qui constatent des difficult\u00e9s scolaires ou comportementales chez leur enfant.<\/p>\n<p style=\"text-align: left;\">(Groupement d&rsquo;associations travaillant autour des diff\u00e9rences (GAD))<\/p>\n<p style=\"text-align: center;\"><span style=\"text-decoration: underline;\"><span style=\"color: #800080;\"><a href=\"http:\/\/www.spsressources.ch\/wordpress\/wp-content\/uploads\/2011\/11\/Brochure_En_Panne_Avec_Votre_Enfant4.pdf\"><span style=\"color: #800080; text-decoration: underline;\">Cliquez ici pour ouvrir cette bochure_<\/span><\/a><\/span><\/span><\/p>\n<p style=\"text-align: center;\"><a href=\"http:\/\/www.spsressources.ch\/wordpress\/wp-content\/uploads\/2011\/11\/Brochure_En_Panne_Avec_Votre_Enfant4.pdf\"><img loading=\"lazy\" decoding=\"async\" class=\"aligncenter size-full wp-image-1135\" title=\"Capture d\u2019\u00e9cran 2011-11-11 \u00e0 17.27.24\" src=\"http:\/\/www.vallelian.net\/sps\/wordpress\/wp-content\/uploads\/2011\/11\/Capture-d\u2019\u00e9cran-2011-11-11-\u00e0-17.27.241.png\" alt=\"\" width=\"360\" height=\"255\" srcset=\"https:\/\/www.spsressources.ch\/wordpress\/wp-content\/uploads\/2011\/11\/Capture-d\u2019\u00e9cran-2011-11-11-\u00e0-17.27.241.png 360w, https:\/\/www.spsressources.ch\/wordpress\/wp-content\/uploads\/2011\/11\/Capture-d\u2019\u00e9cran-2011-11-11-\u00e0-17.27.241-300x212.png 300w\" sizes=\"auto, (max-width: 360px) 100vw, 360px\" \/><\/a><span style=\"color: #ff0000;\"><br \/>\n<\/span><\/p>\n","protected":false},"excerpt":{"rendered":"<p>Ce feuillet regroupe des adresses d&rsquo;associations (en suisse romande) qui sont pr\u00eates \u00e0 orienter et apporter de l&rsquo;aide aux parents qui constatent des difficult\u00e9s scolaires ou comportementales chez leur enfant. (Groupement d&rsquo;associations travaillant autour des diff\u00e9rences (GAD)) Cliquez ici pour &hellip; <a href=\"https:\/\/www.spsressources.ch\/wordpress\/?page_id=1134\">Continuer la lecture <span class=\"meta-nav\">&rarr;<\/span><\/a><\/p>\n","protected":false},"author":3472,"featured_media":0,"parent":1139,"menu_order":0,"comment_status":"open","ping_status":"closed","template":"","meta":{"footnotes":""},"class_list":["post-1134","page","type-page","status-publish","hentry"],"_links":{"self":[{"href":"https:\/\/www.spsressources.ch\/wordpress\/index.php?rest_route=\/wp\/v2\/pages\/1134","targetHints":{"allow":["GET"]}}],"collection":[{"href":"https:\/\/www.spsressources.ch\/wordpress\/index.php?rest_route=\/wp\/v2\/pages"}],"about":[{"href":"https:\/\/www.spsressources.ch\/wordpress\/index.php?rest_route=\/wp\/v2\/types\/page"}],"author":[{"embeddable":true,"href":"https:\/\/www.spsressources.ch\/wordpress\/index.php?rest_route=\/wp\/v2\/users\/3472"}],"replies":[{"embeddable":true,"href":"https:\/\/www.spsressources.ch\/wordpress\/index.php?rest_route=%2Fwp%2Fv2%2Fcomments&post=1134"}],"version-history":[{"count":27,"href":"https:\/\/www.spsressources.ch\/wordpress\/index.php?rest_route=\/wp\/v2\/pages\/1134\/revisions"}],"predecessor-version":[{"id":1138,"href":"https:\/\/www.spsressources.ch\/wordpress\/index.php?rest_route=\/wp\/v2\/pages\/1134\/revisions\/1138"}],"up":[{"embeddable":true,"href":"https:\/\/www.spsressources.ch\/wordpress\/index.php?rest_route=\/wp\/v2\/pages\/1139"}],"wp:attachment":[{"href":"https:\/\/www.spsressources.ch\/wordpress\/index.php?rest_route=%2Fwp%2Fv2%2Fmedia&parent=1134"}],"curies":[{"name":"wp","href":"https:\/\/api.w.org\/{rel}","templated":true}]}}