{"id":11182,"date":"2014-04-04T12:07:39","date_gmt":"2014-04-04T12:07:39","guid":{"rendered":"http:\/\/www.spsressources.ch\/wordpress\/?page_id=11182"},"modified":"2015-01-20T08:52:41","modified_gmt":"2015-01-20T08:52:41","slug":"grammaire","status":"publish","type":"page","link":"https:\/\/www.spsressources.ch\/wordpress\/?page_id=11182","title":{"rendered":"Grammaire et Orthographe"},"content":{"rendered":"<ul>\n<li><span style=\"text-decoration: underline; color: #800080;\"><a href=\"http:\/\/www.spsressources.ch\/wordpress\/?page_id=11922\"><span style=\"color: #800080; text-decoration: underline;\">D\u00e9couvrir 1001 Phrases<\/span><\/a><\/span><\/li>\n<li><span style=\"text-decoration: underline; color: #800080;\"><span style=\"text-decoration: underline;\"><a href=\" http:\/\/www.spsressources.ch\/wordpress\/?page_id=11869\"><span style=\"color: #800080; text-decoration: underline;\">Divers panneaux pour la classe<\/span><\/a><\/span><\/span><\/li>\n<li><span style=\"text-decoration: underline;\"><span style=\"color: #800080; text-decoration: underline;\">*<a href=\"http:\/\/www.spsressources.ch\/wordpress\/?page_id=7444\"><span style=\"color: #800080; text-decoration: underline;\">L&rsquo;accord\u00e9nom<\/span><\/a><\/span><\/span><\/li>\n<li><span style=\"text-decoration: underline;\"><span style=\"color: #800080; text-decoration: underline;\">*<a href=\" http:\/\/www.spsressources.ch\/wordpress\/?page_id=7425\"><span style=\"color: #800080; text-decoration: underline;\">Le d\u00e9voreur de sujet<\/span><\/a><\/span><\/span><\/li>\n<li><span style=\"text-decoration: underline;\"><span style=\"color: #800080; text-decoration: underline;\">*<a href=\"http:\/\/www.spsressources.ch\/wordpress\/?page_id=7377\"><span style=\"color: #800080; text-decoration: underline;\">Les homophones (avec BD)<\/span><\/a><\/span><\/span><\/li>\n<li><span style=\"text-decoration: underline;\"><span style=\"color: #800080; text-decoration: underline;\">*<a href=\"http:\/\/www.spsressources.ch\/wordpress\/?page_id=9475\"><span style=\"color: #800080; text-decoration: underline;\">Elle et Lui<\/span><\/a>\u00a0(le genre et le nombre)<\/span><\/span><\/li>\n<li><span style=\"text-decoration: underline;\"><span style=\"color: #800080; text-decoration: underline;\">*<a href=\"http:\/\/www.spsressources.ch\/wordpress\/?page_id=10925\"><span style=\"color: #800080; text-decoration: underline;\">Fasicules d&rsquo;orthographe pour am\u00e9liorer la lecture et l&rsquo;orthographe<\/span><\/a><\/span><\/span><\/li>\n<li><span style=\"text-decoration: underline;\"><span style=\"color: #800080; text-decoration: underline;\">*<a href=\" http:\/\/www.spsressources.ch\/wordpress\/?page_id=7455\"><span style=\"color: #800080; text-decoration: underline;\">Les homophones (m\u00e9mory)<\/span><\/a><\/span><\/span><\/li>\n<li><span style=\"text-decoration: underline; color: #800080;\">*<a href=\"http:\/\/www.spsressources.ch\/wordpress\/?page_id=9467\"><span style=\"color: #800080; text-decoration: underline;\">La bataille des mots<\/span><\/a><\/span><\/li>\n<li><span style=\"text-decoration: underline; color: #800080;\"><a href=\"http:\/\/www.spsressources.ch\/wordpress\/?page_id=12253\"><span style=\"color: #800080; text-decoration: underline;\">Verbes, Sujets et Compagnie<\/span><\/a><\/span><\/li>\n<\/ul>\n<p><span style=\"font-size: small;\"><span class=\"Apple-style-span\" style=\"line-height: 24px;\"><br \/>\n<\/span><\/span><\/p>\n<p><span style=\"font-size: small;\"><span class=\"Apple-style-span\" style=\"line-height: 24px;\"><br \/>\n<\/span><\/span><\/p>\n","protected":false},"excerpt":{"rendered":"<p>D\u00e9couvrir 1001 Phrases Divers panneaux pour la classe *L&rsquo;accord\u00e9nom *Le d\u00e9voreur de sujet *Les homophones (avec BD) *Elle et Lui\u00a0(le genre et le nombre) *Fasicules d&rsquo;orthographe pour am\u00e9liorer la lecture et l&rsquo;orthographe *Les homophones (m\u00e9mory) *La bataille des mots Verbes, &hellip; <a href=\"https:\/\/www.spsressources.ch\/wordpress\/?page_id=11182\">Continuer la lecture <span class=\"meta-nav\">&rarr;<\/span><\/a><\/p>\n","protected":false},"author":3472,"featured_media":0,"parent":6027,"menu_order":0,"comment_status":"open","ping_status":"closed","template":"","meta":{"footnotes":""},"class_list":["post-11182","page","type-page","status-publish","hentry"],"_links":{"self":[{"href":"https:\/\/www.spsressources.ch\/wordpress\/index.php?rest_route=\/wp\/v2\/pages\/11182","targetHints":{"allow":["GET"]}}],"collection":[{"href":"https:\/\/www.spsressources.ch\/wordpress\/index.php?rest_route=\/wp\/v2\/pages"}],"about":[{"href":"https:\/\/www.spsressources.ch\/wordpress\/index.php?rest_route=\/wp\/v2\/types\/page"}],"author":[{"embeddable":true,"href":"https:\/\/www.spsressources.ch\/wordpress\/index.php?rest_route=\/wp\/v2\/users\/3472"}],"replies":[{"embeddable":true,"href":"https:\/\/www.spsressources.ch\/wordpress\/index.php?rest_route=%2Fwp%2Fv2%2Fcomments&post=11182"}],"version-history":[{"count":14,"href":"https:\/\/www.spsressources.ch\/wordpress\/index.php?rest_route=\/wp\/v2\/pages\/11182\/revisions"}],"predecessor-version":[{"id":11185,"href":"https:\/\/www.spsressources.ch\/wordpress\/index.php?rest_route=\/wp\/v2\/pages\/11182\/revisions\/11185"}],"up":[{"embeddable":true,"href":"https:\/\/www.spsressources.ch\/wordpress\/index.php?rest_route=\/wp\/v2\/pages\/6027"}],"wp:attachment":[{"href":"https:\/\/www.spsressources.ch\/wordpress\/index.php?rest_route=%2Fwp%2Fv2%2Fmedia&parent=11182"}],"curies":[{"name":"wp","href":"https:\/\/api.w.org\/{rel}","templated":true}]}}