{"id":11176,"date":"2014-04-04T12:03:55","date_gmt":"2014-04-04T12:03:55","guid":{"rendered":"http:\/\/www.spsressources.ch\/wordpress\/?page_id=11176"},"modified":"2014-08-12T07:31:46","modified_gmt":"2014-08-12T07:31:46","slug":"lecture","status":"publish","type":"page","link":"https:\/\/www.spsressources.ch\/wordpress\/?page_id=11176","title":{"rendered":"lecture"},"content":{"rendered":"<ul>\n<li><span style=\"text-decoration: underline;\"><span style=\"color: #800080; text-decoration: underline;\"><a href=\"http:\/\/www.spsressources.ch\/wordpress\/?page_id=9445 \"><span style=\"color: #800080; text-decoration: underline;\">*L&rsquo;As des sons<\/span><\/a><\/span><\/span><\/li>\n<li><span style=\"text-decoration: underline;\"><span style=\"color: #800080; text-decoration: underline;\">*<a href=\"http:\/\/www.spsressources.ch\/wordpress\/?page_id=9445 \"><span style=\"color: #800080; text-decoration: underline;\">L&rsquo;As des sons invers\u00e9s<\/span><\/a><\/span><\/span><\/li>\n<li><span style=\"text-decoration: underline;\"><span style=\"color: #800080; text-decoration: underline;\"><a href=\"http:\/\/www.spsressources.ch\/wordpress\/?page_id=9445 \"><span style=\"color: #800080; text-decoration: underline;\">\u00a0*L&rsquo;As des consonnes doubles<\/span><\/a><\/span><\/span><\/li>\n<li><span style=\"text-decoration: underline;\"><span style=\"color: #800080; text-decoration: underline;\">*<a href=\"http:\/\/www.spsressources.ch\/wordpress\/?page_id=9445 \"><span style=\"color: #800080; text-decoration: underline;\">L&rsquo;As des syllabes simples<\/span><\/a><\/span><\/span><\/li>\n<li><span style=\"text-decoration: underline;\"><span style=\"color: #800080; text-decoration: underline;\"><a href=\"http:\/\/www.spsressources.ch\/wordpress\/?page_id=11942\"><span style=\"color: #800080; text-decoration: underline;\">Livrets et jeux d&rsquo;accompagnements<\/span><\/a><\/span><\/span><\/li>\n<li><span style=\"text-decoration: underline;\"><span style=\"color: #800080; text-decoration: underline;\"><a href=\"http:\/\/www.spsressources.ch\/wordpress\/?page_id=11843\"><span style=\"color: #800080; text-decoration: underline;\">Maisons des sons<\/span><\/a><\/span><span style=\"color: #800080; text-decoration: underline;\"><br \/>\n<\/span><\/span><\/li>\n<li><span style=\"text-decoration: underline;\"><span style=\"color: #800080; text-decoration: underline;\">*<a href=\"http:\/\/www.spsressources.ch\/wordpress\/?page_id=7467\"><span style=\"color: #800080; text-decoration: underline;\">3 maisons des sons<\/span><\/a><\/span><\/span><\/li>\n<li><span style=\"text-decoration: underline;\"><span style=\"color: #800080; text-decoration: underline;\">*<a href=\"http:\/\/www.spsressources.ch\/wordpress\/?page_id=7295\"><span style=\"color: #800080; text-decoration: underline;\">A la poursuite des alphas et Sauve qui peut<\/span><\/a><\/span><\/span><\/li>\n<li><span style=\"text-decoration: underline;\"><span style=\"color: #800080; text-decoration: underline;\">*<a href=\"http:\/\/www.spsressources.ch\/wordpress\/?page_id=7347\"><span style=\"color: #800080; text-decoration: underline;\">Albums et prolongement pour d\u00e9butants lecteurs<\/span><\/a><\/span><\/span><\/li>\n<li><span style=\"text-decoration: underline;\"><span style=\"color: #800080; text-decoration: underline;\">*<a href=\"http:\/\/www.spsressources.ch\/wordpress\/?page_id=7162\"><span style=\"color: #800080; text-decoration: underline;\">Arti&rsquo;cartes P\u00eale M\u00eale<\/span><\/a><\/span><\/span><\/li>\n<li><span style=\"text-decoration: underline;\"><span style=\"color: #800080; text-decoration: underline;\"><a href=\"http:\/\/www.spsressources.ch\/wordpress\/?page_id=11005\"><span style=\"color: #800080; text-decoration: underline;\">Bien Lire et Aimer Lire, m\u00e9thode de lecture<\/span><\/a><\/span><\/span><\/li>\n<li><span style=\"text-decoration: underline;\"><span style=\"color: #800080; text-decoration: underline;\"><a href=\"http:\/\/www.spsressources.ch\/wordpress\/?page_id=11370\"><span style=\"color: #800080; text-decoration: underline;\">Entrainement au d\u00e9codage et \u00e0 la compr\u00e9hension en lecture<\/span><\/a><\/span><\/span><\/li>\n<li><span style=\"text-decoration: underline;\"><span style=\"color: #800080; text-decoration: underline;\">*<a href=\"http:\/\/www.spsressources.ch\/wordpress\/?page_id=7304\"><span style=\"color: #800080; text-decoration: underline;\">Histoires avec CD<\/span><\/a><\/span><\/span><\/li>\n<li><span style=\"text-decoration: underline;\"><span style=\"color: #800080; text-decoration: underline;\">*<a href=\"http:\/\/www.spsressources.ch\/wordpress\/?page_id=9440\"><span style=\"color: #800080; text-decoration: underline;\">Jeu de lecture<\/span><\/a><\/span><\/span><\/li>\n<li><span style=\"text-decoration: underline;\"><span style=\"color: #800080; text-decoration: underline;\">*<a href=\"http:\/\/www.spsressources.ch\/wordpress\/?page_id=6906\"><span style=\"color: #800080; text-decoration: underline;\">Le jeu du b\u00eata<\/span><\/a><\/span><\/span><\/li>\n<li><span style=\"text-decoration: underline;\"><span style=\"color: #800080; text-decoration: underline;\">*<\/span><span style=\"color: #800080; text-decoration: underline;\"><a href=\" http:\/\/www.spsressources.ch\/wordpress\/?page_id=6050\"><span style=\"color: #800080; text-decoration: underline;\">le loto des alphas\u00a0<\/span><\/a><\/span><\/span><\/li>\n<li><span style=\"text-decoration: underline; color: #800080;\"><span style=\"text-decoration: underline;\"><a href=\"http:\/\/www.spsressources.ch\/wordpress\/?page_id=11930\"><span style=\"color: #800080; text-decoration: underline;\">Les enqu\u00eates de la main noire<\/span><\/a><\/span><\/span><\/li>\n<li><span style=\"text-decoration: underline;\"><span style=\"color: #800080; text-decoration: underline;\">*<a href=\"http:\/\/www.spsressources.ch\/wordpress\/?page_id=6059\"><span style=\"color: #800080; text-decoration: underline;\">Les lettres des alphas<\/span><\/a><\/span><\/span><\/li>\n<li><span style=\"text-decoration: underline;\"><span style=\"color: #800080; text-decoration: underline;\">*<a href=\"http:\/\/www.spsressources.ch\/wordpress\/?page_id=7364\"><span style=\"color: #800080; text-decoration: underline;\">Mes premiers albums (la plan\u00e8te des alphas)<\/span><\/a><\/span><\/span><\/li>\n<li><span style=\"text-decoration: underline;\"><span style=\"color: #800080; text-decoration: underline;\">*<a href=\"http:\/\/www.spsressources.ch\/wordpress\/?page_id=10932\"><span style=\"color: #800080; text-decoration: underline;\">Phono, d\u00e9velopper la conscience phono<\/span><\/a>logique<\/span><\/span><\/li>\n<li><span style=\"text-decoration: underline;\"><span style=\"color: #800080; text-decoration: underline;\">*<a href=\"http:\/\/www.spsressources.ch\/wordpress\/?page_id=6672\"><span style=\"color: #800080; text-decoration: underline;\">Recueil progessif de lecture, alphas<\/span><\/a>\u00a0et\u00a0<a href=\"http:\/\/www.spsressources.ch\/wordpress\/?page_id=6700\"><span style=\"color: #800080; text-decoration: underline;\">Extension pour le recueil tome 1<\/span><\/a><\/span><\/span><\/li>\n<li><span style=\"text-decoration: underline;\"><span style=\"color: #800080; text-decoration: underline;\">*<a href=\"http:\/\/www.spsressources.ch\/wordpress\/?page_id=6472\"><span style=\"color: #800080; text-decoration: underline;\">Si la bo<\/span><\/a><\/span><\/span><\/li>\n<li><span style=\"text-decoration: underline;\"><span style=\"color: #800080; text-decoration: underline;\"><a href=\"http:\/\/www.spsressources.ch\/wordpress\/?page_id=11377\"><span style=\"color: #800080; text-decoration: underline;\">Travail de la conscience phonologique<\/span><\/a><\/span><\/span><\/li>\n<\/ul>\n","protected":false},"excerpt":{"rendered":"<p>*L&rsquo;As des sons *L&rsquo;As des sons invers\u00e9s \u00a0*L&rsquo;As des consonnes doubles *L&rsquo;As des syllabes simples Livrets et jeux d&rsquo;accompagnements Maisons des sons *3 maisons des sons *A la poursuite des alphas et Sauve qui peut *Albums et prolongement pour d\u00e9butants &hellip; <a href=\"https:\/\/www.spsressources.ch\/wordpress\/?page_id=11176\">Continuer la lecture <span class=\"meta-nav\">&rarr;<\/span><\/a><\/p>\n","protected":false},"author":3472,"featured_media":0,"parent":6027,"menu_order":0,"comment_status":"open","ping_status":"closed","template":"","meta":{"footnotes":""},"class_list":["post-11176","page","type-page","status-publish","hentry"],"_links":{"self":[{"href":"https:\/\/www.spsressources.ch\/wordpress\/index.php?rest_route=\/wp\/v2\/pages\/11176","targetHints":{"allow":["GET"]}}],"collection":[{"href":"https:\/\/www.spsressources.ch\/wordpress\/index.php?rest_route=\/wp\/v2\/pages"}],"about":[{"href":"https:\/\/www.spsressources.ch\/wordpress\/index.php?rest_route=\/wp\/v2\/types\/page"}],"author":[{"embeddable":true,"href":"https:\/\/www.spsressources.ch\/wordpress\/index.php?rest_route=\/wp\/v2\/users\/3472"}],"replies":[{"embeddable":true,"href":"https:\/\/www.spsressources.ch\/wordpress\/index.php?rest_route=%2Fwp%2Fv2%2Fcomments&post=11176"}],"version-history":[{"count":13,"href":"https:\/\/www.spsressources.ch\/wordpress\/index.php?rest_route=\/wp\/v2\/pages\/11176\/revisions"}],"predecessor-version":[{"id":11178,"href":"https:\/\/www.spsressources.ch\/wordpress\/index.php?rest_route=\/wp\/v2\/pages\/11176\/revisions\/11178"}],"up":[{"embeddable":true,"href":"https:\/\/www.spsressources.ch\/wordpress\/index.php?rest_route=\/wp\/v2\/pages\/6027"}],"wp:attachment":[{"href":"https:\/\/www.spsressources.ch\/wordpress\/index.php?rest_route=%2Fwp%2Fv2%2Fmedia&parent=11176"}],"curies":[{"name":"wp","href":"https:\/\/api.w.org\/{rel}","templated":true}]}}