{"id":11143,"date":"2014-04-02T13:55:57","date_gmt":"2014-04-02T13:55:57","guid":{"rendered":"http:\/\/www.spsressources.ch\/wordpress\/?page_id=11143"},"modified":"2014-11-21T12:25:59","modified_gmt":"2014-11-21T12:25:59","slug":"strategies-et-dapprentissages","status":"publish","type":"page","link":"https:\/\/www.spsressources.ch\/wordpress\/?page_id=11143","title":{"rendered":"Strat\u00e9gies d&rsquo;apprentissages"},"content":{"rendered":"<ul>\n<li><span style=\"text-decoration: underline;\"><span style=\"color: #800080;\"><a href=\"http:\/\/www.spsressources.ch\/wordpress\/?page_id=11134\"><span style=\"color: #800080; text-decoration: underline;\">Exercices pour entrainer la m\u00e9tacognition et les strat\u00e9gies d&rsquo;apprentissage<\/span><\/a><\/span><\/span><\/li>\n<li><span style=\"text-decoration: underline;\"><span style=\"color: #800080;\"><a href=\"http:\/\/www.spsressources.ch\/wordpress\/?page_id=11015\"><span style=\"color: #800080; text-decoration: underline;\">GEVOC, sur le chemin de la r\u00e9ussite<\/span><\/a><\/span><\/span><\/li>\n<\/ul>\n","protected":false},"excerpt":{"rendered":"<p>Exercices pour entrainer la m\u00e9tacognition et les strat\u00e9gies d&rsquo;apprentissage GEVOC, sur le chemin de la r\u00e9ussite<\/p>\n","protected":false},"author":3472,"featured_media":0,"parent":12076,"menu_order":0,"comment_status":"open","ping_status":"closed","template":"","meta":{"footnotes":""},"class_list":["post-11143","page","type-page","status-publish","hentry"],"_links":{"self":[{"href":"https:\/\/www.spsressources.ch\/wordpress\/index.php?rest_route=\/wp\/v2\/pages\/11143","targetHints":{"allow":["GET"]}}],"collection":[{"href":"https:\/\/www.spsressources.ch\/wordpress\/index.php?rest_route=\/wp\/v2\/pages"}],"about":[{"href":"https:\/\/www.spsressources.ch\/wordpress\/index.php?rest_route=\/wp\/v2\/types\/page"}],"author":[{"embeddable":true,"href":"https:\/\/www.spsressources.ch\/wordpress\/index.php?rest_route=\/wp\/v2\/users\/3472"}],"replies":[{"embeddable":true,"href":"https:\/\/www.spsressources.ch\/wordpress\/index.php?rest_route=%2Fwp%2Fv2%2Fcomments&post=11143"}],"version-history":[{"count":10,"href":"https:\/\/www.spsressources.ch\/wordpress\/index.php?rest_route=\/wp\/v2\/pages\/11143\/revisions"}],"predecessor-version":[{"id":11146,"href":"https:\/\/www.spsressources.ch\/wordpress\/index.php?rest_route=\/wp\/v2\/pages\/11143\/revisions\/11146"}],"up":[{"embeddable":true,"href":"https:\/\/www.spsressources.ch\/wordpress\/index.php?rest_route=\/wp\/v2\/pages\/12076"}],"wp:attachment":[{"href":"https:\/\/www.spsressources.ch\/wordpress\/index.php?rest_route=%2Fwp%2Fv2%2Fmedia&parent=11143"}],"curies":[{"name":"wp","href":"https:\/\/api.w.org\/{rel}","templated":true}]}}