{"id":11125,"date":"2014-04-02T13:41:55","date_gmt":"2014-04-02T13:41:55","guid":{"rendered":"http:\/\/www.spsressources.ch\/wordpress\/?page_id=11125"},"modified":"2014-04-04T13:27:18","modified_gmt":"2014-04-04T13:27:18","slug":"au-royaumes-des-tables-de-multiplications","status":"publish","type":"page","link":"https:\/\/www.spsressources.ch\/wordpress\/?page_id=11125","title":{"rendered":"Au royaumes des tables de multiplications"},"content":{"rendered":"<p><strong>Au royaume des tables de multiplications, les produits m\u00e2lins,<\/strong> Ann Ryon, Yvon Qu\u00e9vet<\/p>\n<p>&nbsp;<\/p>\n<p>outils pratiques pour entrainer les livrets de mani\u00e8res visuelle et auditive<a href=\"http:\/\/www.spsressources.ch\/wordpress\/wp-content\/uploads\/2014\/04\/Image-62.png\"><img loading=\"lazy\" decoding=\"async\" class=\"alignnone size-full wp-image-11126\" title=\"Image 62\" src=\"http:\/\/www.spsressources.ch\/wordpress\/wp-content\/uploads\/2014\/04\/Image-62.png\" alt=\"\" width=\"785\" height=\"710\" srcset=\"https:\/\/www.spsressources.ch\/wordpress\/wp-content\/uploads\/2014\/04\/Image-62.png 785w, https:\/\/www.spsressources.ch\/wordpress\/wp-content\/uploads\/2014\/04\/Image-62-300x271.png 300w\" sizes=\"auto, (max-width: 785px) 100vw, 785px\" \/><\/a><\/p>\n","protected":false},"excerpt":{"rendered":"<p>Au royaume des tables de multiplications, les produits m\u00e2lins, Ann Ryon, Yvon Qu\u00e9vet &nbsp; outils pratiques pour entrainer les livrets de mani\u00e8res visuelle et auditive<\/p>\n","protected":false},"author":3472,"featured_media":0,"parent":11301,"menu_order":0,"comment_status":"open","ping_status":"closed","template":"","meta":{"footnotes":""},"class_list":["post-11125","page","type-page","status-publish","hentry"],"_links":{"self":[{"href":"https:\/\/www.spsressources.ch\/wordpress\/index.php?rest_route=\/wp\/v2\/pages\/11125","targetHints":{"allow":["GET"]}}],"collection":[{"href":"https:\/\/www.spsressources.ch\/wordpress\/index.php?rest_route=\/wp\/v2\/pages"}],"about":[{"href":"https:\/\/www.spsressources.ch\/wordpress\/index.php?rest_route=\/wp\/v2\/types\/page"}],"author":[{"embeddable":true,"href":"https:\/\/www.spsressources.ch\/wordpress\/index.php?rest_route=\/wp\/v2\/users\/3472"}],"replies":[{"embeddable":true,"href":"https:\/\/www.spsressources.ch\/wordpress\/index.php?rest_route=%2Fwp%2Fv2%2Fcomments&post=11125"}],"version-history":[{"count":6,"href":"https:\/\/www.spsressources.ch\/wordpress\/index.php?rest_route=\/wp\/v2\/pages\/11125\/revisions"}],"predecessor-version":[{"id":11129,"href":"https:\/\/www.spsressources.ch\/wordpress\/index.php?rest_route=\/wp\/v2\/pages\/11125\/revisions\/11129"}],"up":[{"embeddable":true,"href":"https:\/\/www.spsressources.ch\/wordpress\/index.php?rest_route=\/wp\/v2\/pages\/11301"}],"wp:attachment":[{"href":"https:\/\/www.spsressources.ch\/wordpress\/index.php?rest_route=%2Fwp%2Fv2%2Fmedia&parent=11125"}],"curies":[{"name":"wp","href":"https:\/\/api.w.org\/{rel}","templated":true}]}}