{"id":11115,"date":"2014-04-02T13:23:50","date_gmt":"2014-04-02T13:23:50","guid":{"rendered":"http:\/\/www.spsressources.ch\/wordpress\/?page_id=11115"},"modified":"2014-04-04T13:13:31","modified_gmt":"2014-04-04T13:13:31","slug":"jeu-de-fiches-a-calculer","status":"publish","type":"page","link":"https:\/\/www.spsressources.ch\/wordpress\/?page_id=11115","title":{"rendered":"Jeu de fiches \u00e0 calculer"},"content":{"rendered":"<p>&nbsp;<\/p>\n<p><a href=\"http:\/\/www.spsressources.ch\/wordpress\/wp-content\/uploads\/2014\/04\/Image-58.png\"><img loading=\"lazy\" decoding=\"async\" title=\"Image 58\" src=\"http:\/\/www.spsressources.ch\/wordpress\/wp-content\/uploads\/2014\/04\/Image-58.png\" alt=\"\" width=\"117\" height=\"166\" \/><\/a><\/p>\n<p>Jeu de fiches \u00e0 calculer, J&rsquo;apprends les maths :<\/p>\n<p>&nbsp;<\/p>\n<p>num\u00e9ration jusqu&rsquo;\u00e0 7. combien manque-t-il de personnages sur l&rsquo;image pour qu&rsquo;elle comporte le nombre indiqu\u00e9<\/p>\n<p><a href=\"http:\/\/www.spsressources.ch\/wordpress\/wp-content\/uploads\/2014\/04\/Image-60.png\"><img loading=\"lazy\" decoding=\"async\" title=\"Image 60\" src=\"http:\/\/www.spsressources.ch\/wordpress\/wp-content\/uploads\/2014\/04\/Image-60.png\" alt=\"\" width=\"386\" height=\"233\" \/><\/a><\/p>\n<p><a href=\"http:\/\/www.spsressources.ch\/wordpress\/wp-content\/uploads\/2014\/04\/Image-61.png\"><img loading=\"lazy\" decoding=\"async\" title=\"Image 61\" src=\"http:\/\/www.spsressources.ch\/wordpress\/wp-content\/uploads\/2014\/04\/Image-61.png\" alt=\"\" width=\"272\" height=\"284\" \/><\/a><\/p>\n","protected":false},"excerpt":{"rendered":"<p>&nbsp; Jeu de fiches \u00e0 calculer, J&rsquo;apprends les maths : &nbsp; num\u00e9ration jusqu&rsquo;\u00e0 7. combien manque-t-il de personnages sur l&rsquo;image pour qu&rsquo;elle comporte le nombre indiqu\u00e9<\/p>\n","protected":false},"author":3472,"featured_media":0,"parent":11295,"menu_order":0,"comment_status":"open","ping_status":"closed","template":"","meta":{"footnotes":""},"class_list":["post-11115","page","type-page","status-publish","hentry"],"_links":{"self":[{"href":"https:\/\/www.spsressources.ch\/wordpress\/index.php?rest_route=\/wp\/v2\/pages\/11115","targetHints":{"allow":["GET"]}}],"collection":[{"href":"https:\/\/www.spsressources.ch\/wordpress\/index.php?rest_route=\/wp\/v2\/pages"}],"about":[{"href":"https:\/\/www.spsressources.ch\/wordpress\/index.php?rest_route=\/wp\/v2\/types\/page"}],"author":[{"embeddable":true,"href":"https:\/\/www.spsressources.ch\/wordpress\/index.php?rest_route=\/wp\/v2\/users\/3472"}],"replies":[{"embeddable":true,"href":"https:\/\/www.spsressources.ch\/wordpress\/index.php?rest_route=%2Fwp%2Fv2%2Fcomments&post=11115"}],"version-history":[{"count":4,"href":"https:\/\/www.spsressources.ch\/wordpress\/index.php?rest_route=\/wp\/v2\/pages\/11115\/revisions"}],"predecessor-version":[{"id":11120,"href":"https:\/\/www.spsressources.ch\/wordpress\/index.php?rest_route=\/wp\/v2\/pages\/11115\/revisions\/11120"}],"up":[{"embeddable":true,"href":"https:\/\/www.spsressources.ch\/wordpress\/index.php?rest_route=\/wp\/v2\/pages\/11295"}],"wp:attachment":[{"href":"https:\/\/www.spsressources.ch\/wordpress\/index.php?rest_route=%2Fwp%2Fv2%2Fmedia&parent=11115"}],"curies":[{"name":"wp","href":"https:\/\/api.w.org\/{rel}","templated":true}]}}