{"id":10727,"date":"2014-03-26T09:06:00","date_gmt":"2014-03-26T09:06:00","guid":{"rendered":"http:\/\/www.spsressources.ch\/wordpress\/?page_id=10727"},"modified":"2015-04-16T14:14:53","modified_gmt":"2015-04-16T14:14:53","slug":"canal-autisme-formation-sur-internet","status":"publish","type":"page","link":"https:\/\/www.spsressources.ch\/wordpress\/?page_id=10727","title":{"rendered":"Formations en ligne, canal autisme, CNED"},"content":{"rendered":"<p><span style=\"text-decoration: underline;\"><span style=\"color: #800080;\"><a href=\"http:\/\/canalautisme.weebly.com\/\"><span style=\"color: #800080; text-decoration: underline;\">Cliquez ici pour se rendre sur le site de canal autisme\u00a0<\/span><\/a><\/span><\/span><\/p>\n<h2><span class=\"Apple-style-span\" style=\"color: #444444; line-height: 24px; font-size: medium;\">Acc\u00e9der \u00e0 des formation en ligne : Ce sont des modules vid\u00e9o courts, \u00e0 la carte, disponibles\u00a0 24h\/7j, pour tous qui sont propos\u00e9e sur le site de<span style=\"text-decoration: underline;\"><span style=\"color: #993366;\"><a href=\"http:\/\/canalautisme.weebly.com\/\"><span style=\"color: #993366; text-decoration: underline;\">\u00a0Canal Autisme<\/span><\/a><\/span><\/span>, un dispositif du \u00a0<span style=\"text-decoration: underline;\"><span style=\"color: #993366;\"><a href=\"http:\/\/www.cned.fr\/\"><span style=\"color: #993366; text-decoration: underline;\">CNED<\/span><\/a><\/span><\/span><\/span><span class=\"Apple-style-span\" style=\"color: #444444; line-height: 24px; font-size: medium;\"><a href=\"http:\/\/canalautisme.weebly.com\/\"><img loading=\"lazy\" decoding=\"async\" class=\"alignnone size-full wp-image-10731\" title=\"Image 20\" src=\"http:\/\/www.spsressources.ch\/wordpress\/wp-content\/uploads\/2014\/03\/Image-20.png\" alt=\"\" width=\"804\" height=\"171\" srcset=\"https:\/\/www.spsressources.ch\/wordpress\/wp-content\/uploads\/2014\/03\/Image-20.png 804w, https:\/\/www.spsressources.ch\/wordpress\/wp-content\/uploads\/2014\/03\/Image-20-300x63.png 300w\" sizes=\"auto, (max-width: 804px) 100vw, 804px\" \/><\/a><\/span><\/h2>\n<p><a href=\"http:\/\/www.cned.fr\/\"><img loading=\"lazy\" decoding=\"async\" class=\"alignnone size-full wp-image-10737\" title=\"Image 22\" src=\"http:\/\/www.spsressources.ch\/wordpress\/wp-content\/uploads\/2014\/03\/Image-22.png\" alt=\"\" width=\"210\" height=\"110\" \/><\/a><\/p>\n<p>&nbsp;<\/p>\n<p>&nbsp;<\/p>\n","protected":false},"excerpt":{"rendered":"<p>Cliquez ici pour se rendre sur le site de canal autisme\u00a0 Acc\u00e9der \u00e0 des formation en ligne : Ce sont des modules vid\u00e9o courts, \u00e0 la carte, disponibles\u00a0 24h\/7j, pour tous qui sont propos\u00e9e sur le site de\u00a0Canal Autisme, un &hellip; <a href=\"https:\/\/www.spsressources.ch\/wordpress\/?page_id=10727\">Continuer la lecture <span class=\"meta-nav\">&rarr;<\/span><\/a><\/p>\n","protected":false},"author":3472,"featured_media":0,"parent":10723,"menu_order":0,"comment_status":"open","ping_status":"closed","template":"","meta":{"footnotes":""},"class_list":["post-10727","page","type-page","status-publish","hentry"],"_links":{"self":[{"href":"https:\/\/www.spsressources.ch\/wordpress\/index.php?rest_route=\/wp\/v2\/pages\/10727","targetHints":{"allow":["GET"]}}],"collection":[{"href":"https:\/\/www.spsressources.ch\/wordpress\/index.php?rest_route=\/wp\/v2\/pages"}],"about":[{"href":"https:\/\/www.spsressources.ch\/wordpress\/index.php?rest_route=\/wp\/v2\/types\/page"}],"author":[{"embeddable":true,"href":"https:\/\/www.spsressources.ch\/wordpress\/index.php?rest_route=\/wp\/v2\/users\/3472"}],"replies":[{"embeddable":true,"href":"https:\/\/www.spsressources.ch\/wordpress\/index.php?rest_route=%2Fwp%2Fv2%2Fcomments&post=10727"}],"version-history":[{"count":15,"href":"https:\/\/www.spsressources.ch\/wordpress\/index.php?rest_route=\/wp\/v2\/pages\/10727\/revisions"}],"predecessor-version":[{"id":20344,"href":"https:\/\/www.spsressources.ch\/wordpress\/index.php?rest_route=\/wp\/v2\/pages\/10727\/revisions\/20344"}],"up":[{"embeddable":true,"href":"https:\/\/www.spsressources.ch\/wordpress\/index.php?rest_route=\/wp\/v2\/pages\/10723"}],"wp:attachment":[{"href":"https:\/\/www.spsressources.ch\/wordpress\/index.php?rest_route=%2Fwp%2Fv2%2Fmedia&parent=10727"}],"curies":[{"name":"wp","href":"https:\/\/api.w.org\/{rel}","templated":true}]}}