{"id":10661,"date":"2014-03-19T13:50:54","date_gmt":"2014-03-19T13:50:54","guid":{"rendered":"http:\/\/www.spsressources.ch\/wordpress\/?page_id=10661"},"modified":"2014-03-19T13:59:51","modified_gmt":"2014-03-19T13:59:51","slug":"regle-antiderapante-30-cm","status":"publish","type":"page","link":"https:\/\/www.spsressources.ch\/wordpress\/?page_id=10661","title":{"rendered":"R\u00e8gle antid\u00e9rapante 30 cm"},"content":{"rendered":"<p>Cette r\u00e8gle \u00e0 prise ergonomique de la marque WESTCOTT se trouve en papeterie \u00a0! Elle a une bonne tenue, elle ne glisse pas. \u00a0Tr\u00e8s utile pour aider les \u00e9l\u00e8ves qui ont des difficult\u00e9s motrices.<\/p>\n<p>Il en existe de toutes les couleurs !<\/p>\n<p><a href=\"http:\/\/www.spsressources.ch\/wordpress\/wp-content\/uploads\/2014\/03\/Photo-437.jpg\"><img loading=\"lazy\" decoding=\"async\" class=\"size-full wp-image-10665 aligncenter\" title=\"Photo 437\" src=\"http:\/\/www.spsressources.ch\/wordpress\/wp-content\/uploads\/2014\/03\/Photo-437.jpg\" alt=\"\" width=\"384\" height=\"288\" srcset=\"https:\/\/www.spsressources.ch\/wordpress\/wp-content\/uploads\/2014\/03\/Photo-437.jpg 640w, https:\/\/www.spsressources.ch\/wordpress\/wp-content\/uploads\/2014\/03\/Photo-437-300x225.jpg 300w\" sizes=\"auto, (max-width: 384px) 100vw, 384px\" \/><\/a><a href=\"http:\/\/www.spsressources.ch\/wordpress\/wp-content\/uploads\/2014\/03\/Photo-3351.jpg\"><img loading=\"lazy\" decoding=\"async\" class=\"size-full wp-image-10666 aligncenter\" title=\"Photo 335\" src=\"http:\/\/www.spsressources.ch\/wordpress\/wp-content\/uploads\/2014\/03\/Photo-3351.jpg\" alt=\"\" width=\"310\" height=\"182\" srcset=\"https:\/\/www.spsressources.ch\/wordpress\/wp-content\/uploads\/2014\/03\/Photo-3351.jpg 516w, https:\/\/www.spsressources.ch\/wordpress\/wp-content\/uploads\/2014\/03\/Photo-3351-300x176.jpg 300w\" sizes=\"auto, (max-width: 310px) 100vw, 310px\" \/><\/a><\/p>\n","protected":false},"excerpt":{"rendered":"<p>Cette r\u00e8gle \u00e0 prise ergonomique de la marque WESTCOTT se trouve en papeterie \u00a0! Elle a une bonne tenue, elle ne glisse pas. \u00a0Tr\u00e8s utile pour aider les \u00e9l\u00e8ves qui ont des difficult\u00e9s motrices. Il en existe de toutes les &hellip; <a href=\"https:\/\/www.spsressources.ch\/wordpress\/?page_id=10661\">Continuer la lecture <span class=\"meta-nav\">&rarr;<\/span><\/a><\/p>\n","protected":false},"author":3472,"featured_media":0,"parent":630,"menu_order":0,"comment_status":"open","ping_status":"closed","template":"","meta":{"footnotes":""},"class_list":["post-10661","page","type-page","status-publish","hentry"],"_links":{"self":[{"href":"https:\/\/www.spsressources.ch\/wordpress\/index.php?rest_route=\/wp\/v2\/pages\/10661","targetHints":{"allow":["GET"]}}],"collection":[{"href":"https:\/\/www.spsressources.ch\/wordpress\/index.php?rest_route=\/wp\/v2\/pages"}],"about":[{"href":"https:\/\/www.spsressources.ch\/wordpress\/index.php?rest_route=\/wp\/v2\/types\/page"}],"author":[{"embeddable":true,"href":"https:\/\/www.spsressources.ch\/wordpress\/index.php?rest_route=\/wp\/v2\/users\/3472"}],"replies":[{"embeddable":true,"href":"https:\/\/www.spsressources.ch\/wordpress\/index.php?rest_route=%2Fwp%2Fv2%2Fcomments&post=10661"}],"version-history":[{"count":5,"href":"https:\/\/www.spsressources.ch\/wordpress\/index.php?rest_route=\/wp\/v2\/pages\/10661\/revisions"}],"predecessor-version":[{"id":10664,"href":"https:\/\/www.spsressources.ch\/wordpress\/index.php?rest_route=\/wp\/v2\/pages\/10661\/revisions\/10664"}],"up":[{"embeddable":true,"href":"https:\/\/www.spsressources.ch\/wordpress\/index.php?rest_route=\/wp\/v2\/pages\/630"}],"wp:attachment":[{"href":"https:\/\/www.spsressources.ch\/wordpress\/index.php?rest_route=%2Fwp%2Fv2%2Fmedia&parent=10661"}],"curies":[{"name":"wp","href":"https:\/\/api.w.org\/{rel}","templated":true}]}}