{"id":7646,"date":"2013-05-28T09:19:20","date_gmt":"2013-05-28T09:19:20","guid":{"rendered":"http:\/\/www.spsressources.ch\/wordpress\/?page_id=7646"},"modified":"2014-04-23T17:59:13","modified_gmt":"2014-04-23T17:59:13","slug":"geometrie","status":"publish","type":"page","link":"http:\/\/www.spsressources.ch\/wordpress\/?page_id=7646","title":{"rendered":"G\u00e9om\u00e9trie"},"content":{"rendered":"<ul>\n<li><span style=\"text-decoration: underline;\"><span style=\"color: #800080; text-decoration: underline;\"><a href=\"http:\/\/www.spsressources.ch\/wordpress\/?page_id=7539\"><span style=\"color: #800080; text-decoration: underline;\">Les propri\u00e9t\u00e9s des quadrilat\u00e8res<\/span><\/a><\/span><\/span><\/li>\n<li><span style=\"text-decoration: underline;\"><span style=\"color: #800080; text-decoration: underline;\"><a href=\"http:\/\/www.spsressources.ch\/wordpress\/?page_id=7590\"><span style=\"color: #800080; text-decoration: underline;\">les propri\u00e9t\u00e9s des triangles remarquables<\/span><\/a><\/span><\/span><\/li>\n<li><span style=\"text-decoration: underline;\"><span style=\"color: #800080; text-decoration: underline;\"><span style=\"color: #800080; text-decoration: underline;\"><a href=\"http:\/\/www.spsressources.ch\/wordpress\/?page_id=7617\">la bissectrice<\/a><\/span><\/span><\/span><\/li>\n<li><a href=\"http:\/\/www.spsressources.ch\/wordpress\/?page_id=11417\">La parall\u00e8le, la perpendiculaire, la translation et la sym\u00e9trie axiale\u00a0<\/a><\/li>\n<\/ul>\n<p>&nbsp;<\/p>\n<p>&nbsp;<\/p>\n<p>&nbsp;<\/p>\n<p>&nbsp;<\/p>\n","protected":false},"excerpt":{"rendered":"<p>Les propri\u00e9t\u00e9s des quadrilat\u00e8res les propri\u00e9t\u00e9s des triangles remarquables la bissectrice La parall\u00e8le, la perpendiculaire, la translation et la sym\u00e9trie axiale\u00a0 &nbsp; &nbsp; &nbsp; &nbsp;<\/p>\n","protected":false},"author":3472,"featured_media":0,"parent":581,"menu_order":0,"comment_status":"open","ping_status":"closed","template":"","meta":{"footnotes":""},"class_list":["post-7646","page","type-page","status-publish","hentry"],"_links":{"self":[{"href":"http:\/\/www.spsressources.ch\/wordpress\/index.php?rest_route=\/wp\/v2\/pages\/7646","targetHints":{"allow":["GET"]}}],"collection":[{"href":"http:\/\/www.spsressources.ch\/wordpress\/index.php?rest_route=\/wp\/v2\/pages"}],"about":[{"href":"http:\/\/www.spsressources.ch\/wordpress\/index.php?rest_route=\/wp\/v2\/types\/page"}],"author":[{"embeddable":true,"href":"http:\/\/www.spsressources.ch\/wordpress\/index.php?rest_route=\/wp\/v2\/users\/3472"}],"replies":[{"embeddable":true,"href":"http:\/\/www.spsressources.ch\/wordpress\/index.php?rest_route=%2Fwp%2Fv2%2Fcomments&post=7646"}],"version-history":[{"count":17,"href":"http:\/\/www.spsressources.ch\/wordpress\/index.php?rest_route=\/wp\/v2\/pages\/7646\/revisions"}],"predecessor-version":[{"id":7648,"href":"http:\/\/www.spsressources.ch\/wordpress\/index.php?rest_route=\/wp\/v2\/pages\/7646\/revisions\/7648"}],"up":[{"embeddable":true,"href":"http:\/\/www.spsressources.ch\/wordpress\/index.php?rest_route=\/wp\/v2\/pages\/581"}],"wp:attachment":[{"href":"http:\/\/www.spsressources.ch\/wordpress\/index.php?rest_route=%2Fwp%2Fv2%2Fmedia&parent=7646"}],"curies":[{"name":"wp","href":"https:\/\/api.w.org\/{rel}","templated":true}]}}