{"id":74,"date":"2011-10-22T09:31:30","date_gmt":"2011-10-22T09:31:30","guid":{"rendered":"http:\/\/www.vallelian.net\/sps\/wordpress\/?page_id=74"},"modified":"2014-01-10T14:21:55","modified_gmt":"2014-01-10T14:21:55","slug":"la-triade-autistique","status":"publish","type":"page","link":"http:\/\/www.spsressources.ch\/wordpress\/?page_id=74","title":{"rendered":"guide p\u00e9dagogique, aspergeraide, France 2007"},"content":{"rendered":"<p><strong>Les objectifs de ce guide p\u00e9dagogique sont :<\/strong><\/p>\n<p>\u2022 <strong>De favoriser une meilleure connaissance sur le Syndrome d\u2019Asperger et l\u2019Autisme de Haut Niveau <\/strong>afin de permettre aux intervenants en milieu scolaire de mieux comprendre les comportements et la fa\u00e7on de r\u00e9agir des enfants qui en sont atteints et de changer ainsi le regard sur l\u2019Autisme.<\/p>\n<p>\u2022 <strong>D\u2019aider les enseignants et les Auxiliaires de Vie Scolaire <\/strong>en leur proposant des strat\u00e9gies p\u00e9dagogiques \u00e0 utiliser en classe pour accompagner les \u00e9l\u00e8ves Asperger.<\/p>\n<p style=\"text-align: center;\"><span style=\"text-decoration: underline;\"><span style=\"color: #800080;\"><a href=\"http:\/\/www.spsressources.ch\/wordpress\/wp-content\/uploads\/2011\/10\/guidepedagogique09b22.pdf\"><span style=\"color: #800080; text-decoration: underline;\">Cliquez ici pour t\u00e9l\u00e9charger le guide p\u00e9dagogique<\/span><\/a><\/span><\/span><\/p>\n<p style=\"text-align: center;\"><a href=\"http:\/\/www.spsressources.ch\/wordpress\/wp-content\/uploads\/2011\/10\/guidepedagogique09b22.pdf\"><img loading=\"lazy\" decoding=\"async\" class=\"aligncenter size-full wp-image-785\" title=\"Capture d\u2019\u00e9cran 2011-10-27 \u00e0 09.25.03\" src=\"http:\/\/www.vallelian.net\/sps\/wordpress\/wp-content\/uploads\/2011\/10\/Capture-d\u2019\u00e9cran-2011-10-27-\u00e0-09.25.03.png\" alt=\"\" width=\"310\" height=\"228\" srcset=\"http:\/\/www.spsressources.ch\/wordpress\/wp-content\/uploads\/2011\/10\/Capture-d\u2019\u00e9cran-2011-10-27-\u00e0-09.25.03.png 860w, http:\/\/www.spsressources.ch\/wordpress\/wp-content\/uploads\/2011\/10\/Capture-d\u2019\u00e9cran-2011-10-27-\u00e0-09.25.03-300x221.png 300w\" sizes=\"auto, (max-width: 310px) 100vw, 310px\" \/><\/a><\/p>\n<p>&nbsp;<\/p>\n<p>&nbsp;<\/p>\n<p>&nbsp;<\/p>\n<p>&nbsp;<\/p>\n<p>&nbsp;<\/p>\n","protected":false},"excerpt":{"rendered":"<p>Les objectifs de ce guide p\u00e9dagogique sont : \u2022 De favoriser une meilleure connaissance sur le Syndrome d\u2019Asperger et l\u2019Autisme de Haut Niveau afin de permettre aux intervenants en milieu scolaire de mieux comprendre les comportements et la fa\u00e7on de &hellip; <a href=\"http:\/\/www.spsressources.ch\/wordpress\/?page_id=74\">Continuer la lecture <span class=\"meta-nav\">&rarr;<\/span><\/a><\/p>\n","protected":false},"author":3472,"featured_media":0,"parent":72,"menu_order":0,"comment_status":"open","ping_status":"closed","template":"","meta":{"footnotes":""},"class_list":["post-74","page","type-page","status-publish","hentry"],"_links":{"self":[{"href":"http:\/\/www.spsressources.ch\/wordpress\/index.php?rest_route=\/wp\/v2\/pages\/74","targetHints":{"allow":["GET"]}}],"collection":[{"href":"http:\/\/www.spsressources.ch\/wordpress\/index.php?rest_route=\/wp\/v2\/pages"}],"about":[{"href":"http:\/\/www.spsressources.ch\/wordpress\/index.php?rest_route=\/wp\/v2\/types\/page"}],"author":[{"embeddable":true,"href":"http:\/\/www.spsressources.ch\/wordpress\/index.php?rest_route=\/wp\/v2\/users\/3472"}],"replies":[{"embeddable":true,"href":"http:\/\/www.spsressources.ch\/wordpress\/index.php?rest_route=%2Fwp%2Fv2%2Fcomments&post=74"}],"version-history":[{"count":28,"href":"http:\/\/www.spsressources.ch\/wordpress\/index.php?rest_route=\/wp\/v2\/pages\/74\/revisions"}],"predecessor-version":[{"id":95,"href":"http:\/\/www.spsressources.ch\/wordpress\/index.php?rest_route=\/wp\/v2\/pages\/74\/revisions\/95"}],"up":[{"embeddable":true,"href":"http:\/\/www.spsressources.ch\/wordpress\/index.php?rest_route=\/wp\/v2\/pages\/72"}],"wp:attachment":[{"href":"http:\/\/www.spsressources.ch\/wordpress\/index.php?rest_route=%2Fwp%2Fv2%2Fmedia&parent=74"}],"curies":[{"name":"wp","href":"https:\/\/api.w.org\/{rel}","templated":true}]}}