{"id":7377,"date":"2013-04-17T09:16:31","date_gmt":"2013-04-17T09:16:31","guid":{"rendered":"http:\/\/www.spsressources.ch\/wordpress\/?page_id=7377"},"modified":"2014-04-04T12:43:27","modified_gmt":"2014-04-04T12:43:27","slug":"les-homophones","status":"publish","type":"page","link":"http:\/\/www.spsressources.ch\/wordpress\/?page_id=7377","title":{"rendered":"Les homophones"},"content":{"rendered":"<p><a href=\"http:\/\/www.spsressources.ch\/wordpress\/wp-content\/uploads\/2013\/04\/Image-32.png\"><img loading=\"lazy\" decoding=\"async\" class=\"aligncenter\" title=\"Image 32\" src=\"http:\/\/www.spsressources.ch\/wordpress\/wp-content\/uploads\/2013\/04\/Image-32-300x204.png\" alt=\"\" width=\"300\" height=\"204\" \/><\/a><\/p>\n<p>&nbsp;<\/p>\n<p>Jeu constitu\u00e9 des cartes pouvant \u00eatre utilis\u00e9es comme un memory servant \u00e0 exercer les homophones suivants\u00a0 <strong>:<\/strong><\/p>\n<p>&nbsp;<\/p>\n<p style=\"text-align: center;\"><strong>a\/\u00e0<\/strong><\/p>\n<p><a href=\"http:\/\/www.spsressources.ch\/wordpress\/wp-content\/uploads\/2013\/04\/Image-61.png\"><img loading=\"lazy\" decoding=\"async\" title=\"Image 61\" src=\"http:\/\/www.spsressources.ch\/wordpress\/wp-content\/uploads\/2013\/04\/Image-61-300x155.png\" alt=\"\" width=\"300\" height=\"155\" \/><\/a><a href=\"http:\/\/www.spsressources.ch\/wordpress\/wp-content\/uploads\/2013\/04\/Image-63.png\"><img loading=\"lazy\" decoding=\"async\" title=\"Image 63\" src=\"http:\/\/www.spsressources.ch\/wordpress\/wp-content\/uploads\/2013\/04\/Image-63-300x204.png\" alt=\"\" width=\"270\" height=\"184\" \/><\/a><a href=\"http:\/\/www.spsressources.ch\/wordpress\/wp-content\/uploads\/2013\/04\/Image-59.png\"><img loading=\"lazy\" decoding=\"async\" title=\"Image 59\" src=\"http:\/\/www.spsressources.ch\/wordpress\/wp-content\/uploads\/2013\/04\/Image-59-300x195.png\" alt=\"\" width=\"300\" height=\"195\" \/><\/a><a href=\"http:\/\/www.spsressources.ch\/wordpress\/wp-content\/uploads\/2013\/04\/Image-62.png\"><img loading=\"lazy\" decoding=\"async\" title=\"Image 62\" src=\"http:\/\/www.spsressources.ch\/wordpress\/wp-content\/uploads\/2013\/04\/Image-62-300x195.png\" alt=\"\" width=\"300\" height=\"195\" \/><\/a><\/p>\n<p>&nbsp;<\/p>\n<p>&nbsp;<\/p>\n<p>&nbsp;<\/p>\n<p style=\"text-align: center;\"><strong>ou\/o\u00f9<\/strong><\/p>\n<p><a href=\"http:\/\/www.spsressources.ch\/wordpress\/wp-content\/uploads\/2013\/04\/Image-42.png\"><img loading=\"lazy\" decoding=\"async\" title=\"Image 42\" src=\"http:\/\/www.spsressources.ch\/wordpress\/wp-content\/uploads\/2013\/04\/Image-42-300x191.png\" alt=\"\" width=\"300\" height=\"191\" \/><\/a><a href=\"http:\/\/www.spsressources.ch\/wordpress\/wp-content\/uploads\/2013\/04\/Image-43.png\"><img loading=\"lazy\" decoding=\"async\" class=\"alignnone size-medium wp-image-7387\" title=\"Image 43\" src=\"http:\/\/www.spsressources.ch\/wordpress\/wp-content\/uploads\/2013\/04\/Image-43-300x207.png\" alt=\"\" width=\"300\" height=\"207\" srcset=\"http:\/\/www.spsressources.ch\/wordpress\/wp-content\/uploads\/2013\/04\/Image-43-300x207.png 300w, http:\/\/www.spsressources.ch\/wordpress\/wp-content\/uploads\/2013\/04\/Image-43-1024x709.png 1024w, http:\/\/www.spsressources.ch\/wordpress\/wp-content\/uploads\/2013\/04\/Image-43.png 1032w\" sizes=\"auto, (max-width: 300px) 100vw, 300px\" \/><\/a><a href=\"http:\/\/www.spsressources.ch\/wordpress\/wp-content\/uploads\/2013\/04\/Image-44.png\"><img loading=\"lazy\" decoding=\"async\" title=\"Image 44\" src=\"http:\/\/www.spsressources.ch\/wordpress\/wp-content\/uploads\/2013\/04\/Image-44-300x191.png\" alt=\"\" width=\"300\" height=\"191\" \/><\/a><a href=\"http:\/\/www.spsressources.ch\/wordpress\/wp-content\/uploads\/2013\/04\/Image-45.png\"><img loading=\"lazy\" decoding=\"async\" title=\"Image 45\" src=\"http:\/\/www.spsressources.ch\/wordpress\/wp-content\/uploads\/2013\/04\/Image-45-300x193.png\" alt=\"\" width=\"300\" height=\"193\" \/><\/a><\/p>\n<p>&nbsp;<\/p>\n<p style=\"text-align: center;\"><strong>ses\/ces<\/strong><\/p>\n<p><a href=\"http:\/\/www.spsressources.ch\/wordpress\/wp-content\/uploads\/2013\/04\/Image-38.png\"><img loading=\"lazy\" decoding=\"async\" class=\"alignnone size-medium wp-image-7382\" title=\"Image 38\" src=\"http:\/\/www.spsressources.ch\/wordpress\/wp-content\/uploads\/2013\/04\/Image-38-300x203.png\" alt=\"\" width=\"300\" height=\"203\" srcset=\"http:\/\/www.spsressources.ch\/wordpress\/wp-content\/uploads\/2013\/04\/Image-38-300x203.png 300w, http:\/\/www.spsressources.ch\/wordpress\/wp-content\/uploads\/2013\/04\/Image-38-1024x695.png 1024w, http:\/\/www.spsressources.ch\/wordpress\/wp-content\/uploads\/2013\/04\/Image-38.png 1068w\" sizes=\"auto, (max-width: 300px) 100vw, 300px\" \/><\/a><a href=\"http:\/\/www.spsressources.ch\/wordpress\/wp-content\/uploads\/2013\/04\/Image-39.png\"><img loading=\"lazy\" decoding=\"async\" class=\"alignnone size-medium wp-image-7383\" title=\"Image 39\" src=\"http:\/\/www.spsressources.ch\/wordpress\/wp-content\/uploads\/2013\/04\/Image-39-300x200.png\" alt=\"\" width=\"300\" height=\"200\" srcset=\"http:\/\/www.spsressources.ch\/wordpress\/wp-content\/uploads\/2013\/04\/Image-39-300x200.png 300w, http:\/\/www.spsressources.ch\/wordpress\/wp-content\/uploads\/2013\/04\/Image-39-1024x683.png 1024w, http:\/\/www.spsressources.ch\/wordpress\/wp-content\/uploads\/2013\/04\/Image-39.png 1038w\" sizes=\"auto, (max-width: 300px) 100vw, 300px\" \/><\/a><\/p>\n<p><a href=\"http:\/\/www.spsressources.ch\/wordpress\/wp-content\/uploads\/2013\/04\/Image-48.png\"><img loading=\"lazy\" decoding=\"async\" class=\"alignnone size-medium wp-image-7406\" title=\"Image 48\" src=\"http:\/\/www.spsressources.ch\/wordpress\/wp-content\/uploads\/2013\/04\/Image-48-300x221.png\" alt=\"\" width=\"300\" height=\"221\" srcset=\"http:\/\/www.spsressources.ch\/wordpress\/wp-content\/uploads\/2013\/04\/Image-48-300x221.png 300w, http:\/\/www.spsressources.ch\/wordpress\/wp-content\/uploads\/2013\/04\/Image-48.png 1013w\" sizes=\"auto, (max-width: 300px) 100vw, 300px\" \/><\/a><a href=\"http:\/\/www.spsressources.ch\/wordpress\/wp-content\/uploads\/2013\/04\/Image-49.png\"><img loading=\"lazy\" decoding=\"async\" class=\"alignnone size-medium wp-image-7405\" title=\"Image 49\" src=\"http:\/\/www.spsressources.ch\/wordpress\/wp-content\/uploads\/2013\/04\/Image-49-300x201.png\" alt=\"\" width=\"300\" height=\"201\" srcset=\"http:\/\/www.spsressources.ch\/wordpress\/wp-content\/uploads\/2013\/04\/Image-49-300x201.png 300w, http:\/\/www.spsressources.ch\/wordpress\/wp-content\/uploads\/2013\/04\/Image-49-1024x689.png 1024w, http:\/\/www.spsressources.ch\/wordpress\/wp-content\/uploads\/2013\/04\/Image-49.png 1040w\" sizes=\"auto, (max-width: 300px) 100vw, 300px\" \/><\/a><\/p>\n<p style=\"text-align: center;\"><strong>ce\/se<\/strong><\/p>\n<p style=\"text-align: center;\"><a href=\"http:\/\/www.spsressources.ch\/wordpress\/wp-content\/uploads\/2013\/04\/Image-36.png\"><img loading=\"lazy\" decoding=\"async\" class=\"alignnone size-medium wp-image-7380\" title=\"Image 36\" src=\"http:\/\/www.spsressources.ch\/wordpress\/wp-content\/uploads\/2013\/04\/Image-36-300x193.png\" alt=\"\" width=\"300\" height=\"193\" srcset=\"http:\/\/www.spsressources.ch\/wordpress\/wp-content\/uploads\/2013\/04\/Image-36-300x193.png 300w, http:\/\/www.spsressources.ch\/wordpress\/wp-content\/uploads\/2013\/04\/Image-36-1024x659.png 1024w, http:\/\/www.spsressources.ch\/wordpress\/wp-content\/uploads\/2013\/04\/Image-36.png 1112w\" sizes=\"auto, (max-width: 300px) 100vw, 300px\" \/><\/a><a href=\"http:\/\/www.spsressources.ch\/wordpress\/wp-content\/uploads\/2013\/04\/Image-37.png\"><img loading=\"lazy\" decoding=\"async\" class=\"alignnone size-medium wp-image-7381\" title=\"Image 37\" src=\"http:\/\/www.spsressources.ch\/wordpress\/wp-content\/uploads\/2013\/04\/Image-37-300x203.png\" alt=\"\" width=\"300\" height=\"203\" srcset=\"http:\/\/www.spsressources.ch\/wordpress\/wp-content\/uploads\/2013\/04\/Image-37-300x203.png 300w, http:\/\/www.spsressources.ch\/wordpress\/wp-content\/uploads\/2013\/04\/Image-37-1024x693.png 1024w, http:\/\/www.spsressources.ch\/wordpress\/wp-content\/uploads\/2013\/04\/Image-37.png 1046w\" sizes=\"auto, (max-width: 300px) 100vw, 300px\" \/><\/a><\/p>\n<p><a href=\"http:\/\/www.spsressources.ch\/wordpress\/wp-content\/uploads\/2013\/04\/Image-511.png\"><img loading=\"lazy\" decoding=\"async\" class=\"alignnone size-medium wp-image-7403\" title=\"Image 51\" src=\"http:\/\/www.spsressources.ch\/wordpress\/wp-content\/uploads\/2013\/04\/Image-511-300x203.png\" alt=\"\" width=\"300\" height=\"203\" srcset=\"http:\/\/www.spsressources.ch\/wordpress\/wp-content\/uploads\/2013\/04\/Image-511-300x203.png 300w, http:\/\/www.spsressources.ch\/wordpress\/wp-content\/uploads\/2013\/04\/Image-511-1024x692.png 1024w, http:\/\/www.spsressources.ch\/wordpress\/wp-content\/uploads\/2013\/04\/Image-511.png 1092w\" sizes=\"auto, (max-width: 300px) 100vw, 300px\" \/><\/a><a href=\"http:\/\/www.spsressources.ch\/wordpress\/wp-content\/uploads\/2013\/04\/Image-52.png\"><img loading=\"lazy\" decoding=\"async\" class=\"alignnone size-medium wp-image-7404\" title=\"Image 52\" src=\"http:\/\/www.spsressources.ch\/wordpress\/wp-content\/uploads\/2013\/04\/Image-52-300x246.png\" alt=\"\" width=\"300\" height=\"246\" srcset=\"http:\/\/www.spsressources.ch\/wordpress\/wp-content\/uploads\/2013\/04\/Image-52-300x246.png 300w, http:\/\/www.spsressources.ch\/wordpress\/wp-content\/uploads\/2013\/04\/Image-52.png 897w\" sizes=\"auto, (max-width: 300px) 100vw, 300px\" \/><\/a><\/p>\n<p style=\"text-align: center;\"><strong>C&rsquo;est\/s&rsquo;est\/sait<\/strong><\/p>\n<p><a href=\"http:\/\/www.spsressources.ch\/wordpress\/wp-content\/uploads\/2013\/04\/Image-57.png\"><img loading=\"lazy\" decoding=\"async\" class=\"alignnone size-medium wp-image-7394\" title=\"Image 57\" src=\"http:\/\/www.spsressources.ch\/wordpress\/wp-content\/uploads\/2013\/04\/Image-57-300x192.png\" alt=\"\" width=\"300\" height=\"192\" srcset=\"http:\/\/www.spsressources.ch\/wordpress\/wp-content\/uploads\/2013\/04\/Image-57-300x192.png 300w, http:\/\/www.spsressources.ch\/wordpress\/wp-content\/uploads\/2013\/04\/Image-57-1024x655.png 1024w, http:\/\/www.spsressources.ch\/wordpress\/wp-content\/uploads\/2013\/04\/Image-57.png 1026w\" sizes=\"auto, (max-width: 300px) 100vw, 300px\" \/><\/a><a href=\"http:\/\/www.spsressources.ch\/wordpress\/wp-content\/uploads\/2013\/04\/Image-58.png\"><img loading=\"lazy\" decoding=\"async\" title=\"Image 58\" src=\"http:\/\/www.spsressources.ch\/wordpress\/wp-content\/uploads\/2013\/04\/Image-58-300x183.png\" alt=\"\" width=\"300\" height=\"183\" \/><\/a><\/p>\n<p><a href=\"http:\/\/www.spsressources.ch\/wordpress\/wp-content\/uploads\/2013\/04\/Image-53.png\"><img loading=\"lazy\" decoding=\"async\" title=\"Image 53\" src=\"http:\/\/www.spsressources.ch\/wordpress\/wp-content\/uploads\/2013\/04\/Image-53-300x204.png\" alt=\"\" width=\"300\" height=\"204\" \/><\/a><a href=\"http:\/\/www.spsressources.ch\/wordpress\/wp-content\/uploads\/2013\/04\/Image-54.png\"><img loading=\"lazy\" decoding=\"async\" title=\"Image 54\" src=\"http:\/\/www.spsressources.ch\/wordpress\/wp-content\/uploads\/2013\/04\/Image-54-300x204.png\" alt=\"\" width=\"300\" height=\"204\" \/><\/a><\/p>\n<p><a href=\"http:\/\/www.spsressources.ch\/wordpress\/wp-content\/uploads\/2013\/04\/Image-55.png\"><img loading=\"lazy\" decoding=\"async\" title=\"Image 55\" src=\"http:\/\/www.spsressources.ch\/wordpress\/wp-content\/uploads\/2013\/04\/Image-55-300x221.png\" alt=\"\" width=\"300\" height=\"221\" \/><\/a><a href=\"http:\/\/www.spsressources.ch\/wordpress\/wp-content\/uploads\/2013\/04\/Image-56.png\"><img loading=\"lazy\" decoding=\"async\" title=\"Image 56\" src=\"http:\/\/www.spsressources.ch\/wordpress\/wp-content\/uploads\/2013\/04\/Image-56-300x235.png\" alt=\"\" width=\"300\" height=\"235\" \/><\/a><\/p>\n","protected":false},"excerpt":{"rendered":"<p>&nbsp; Jeu constitu\u00e9 des cartes pouvant \u00eatre utilis\u00e9es comme un memory servant \u00e0 exercer les homophones suivants\u00a0 : &nbsp; a\/\u00e0 &nbsp; &nbsp; &nbsp; ou\/o\u00f9 &nbsp; ses\/ces ce\/se C&rsquo;est\/s&rsquo;est\/sait<\/p>\n","protected":false},"author":3472,"featured_media":0,"parent":11182,"menu_order":0,"comment_status":"open","ping_status":"closed","template":"","meta":{"footnotes":""},"class_list":["post-7377","page","type-page","status-publish","hentry"],"_links":{"self":[{"href":"http:\/\/www.spsressources.ch\/wordpress\/index.php?rest_route=\/wp\/v2\/pages\/7377","targetHints":{"allow":["GET"]}}],"collection":[{"href":"http:\/\/www.spsressources.ch\/wordpress\/index.php?rest_route=\/wp\/v2\/pages"}],"about":[{"href":"http:\/\/www.spsressources.ch\/wordpress\/index.php?rest_route=\/wp\/v2\/types\/page"}],"author":[{"embeddable":true,"href":"http:\/\/www.spsressources.ch\/wordpress\/index.php?rest_route=\/wp\/v2\/users\/3472"}],"replies":[{"embeddable":true,"href":"http:\/\/www.spsressources.ch\/wordpress\/index.php?rest_route=%2Fwp%2Fv2%2Fcomments&post=7377"}],"version-history":[{"count":13,"href":"http:\/\/www.spsressources.ch\/wordpress\/index.php?rest_route=\/wp\/v2\/pages\/7377\/revisions"}],"predecessor-version":[{"id":7392,"href":"http:\/\/www.spsressources.ch\/wordpress\/index.php?rest_route=\/wp\/v2\/pages\/7377\/revisions\/7392"}],"up":[{"embeddable":true,"href":"http:\/\/www.spsressources.ch\/wordpress\/index.php?rest_route=\/wp\/v2\/pages\/11182"}],"wp:attachment":[{"href":"http:\/\/www.spsressources.ch\/wordpress\/index.php?rest_route=%2Fwp%2Fv2%2Fmedia&parent=7377"}],"curies":[{"name":"wp","href":"https:\/\/api.w.org\/{rel}","templated":true}]}}