{"id":7295,"date":"2013-04-15T12:14:12","date_gmt":"2013-04-15T12:14:12","guid":{"rendered":"http:\/\/www.spsressources.ch\/wordpress\/?page_id=7295"},"modified":"2014-04-04T12:24:40","modified_gmt":"2014-04-04T12:24:40","slug":"a-la-poursuite-des-alphas-et-sauve-qui-peut","status":"publish","type":"page","link":"http:\/\/www.spsressources.ch\/wordpress\/?page_id=7295","title":{"rendered":"A la poursuite des alphas et Sauve qui peut !"},"content":{"rendered":"<p>Ces deux petits livres expliquent d&rsquo;une mani\u00e8re amusante la transformation des lettres alphas en lettres script et en lettres majuscules et li\u00e9es ! Tr\u00e8s sympa !<\/p>\n<p>&nbsp;<\/p>\n<p>A emprunter aupr\u00e8s de Jo\u00eblle<\/p>\n<p><a href=\"http:\/\/www.spsressources.ch\/wordpress\/wp-content\/uploads\/2013\/04\/Image-6.png\"><img loading=\"lazy\" decoding=\"async\" class=\"alignnone size-full wp-image-7296\" title=\"Image 6\" src=\"http:\/\/www.spsressources.ch\/wordpress\/wp-content\/uploads\/2013\/04\/Image-6.png\" alt=\"\" width=\"508\" height=\"340\" srcset=\"http:\/\/www.spsressources.ch\/wordpress\/wp-content\/uploads\/2013\/04\/Image-6.png 508w, http:\/\/www.spsressources.ch\/wordpress\/wp-content\/uploads\/2013\/04\/Image-6-300x200.png 300w\" sizes=\"auto, (max-width: 508px) 100vw, 508px\" \/><\/a><\/p>\n<p>&nbsp;<\/p>\n","protected":false},"excerpt":{"rendered":"<p>Ces deux petits livres expliquent d&rsquo;une mani\u00e8re amusante la transformation des lettres alphas en lettres script et en lettres majuscules et li\u00e9es ! Tr\u00e8s sympa ! &nbsp; A emprunter aupr\u00e8s de Jo\u00eblle &nbsp;<\/p>\n","protected":false},"author":3472,"featured_media":0,"parent":11176,"menu_order":0,"comment_status":"open","ping_status":"closed","template":"","meta":{"footnotes":""},"class_list":["post-7295","page","type-page","status-publish","hentry"],"_links":{"self":[{"href":"http:\/\/www.spsressources.ch\/wordpress\/index.php?rest_route=\/wp\/v2\/pages\/7295","targetHints":{"allow":["GET"]}}],"collection":[{"href":"http:\/\/www.spsressources.ch\/wordpress\/index.php?rest_route=\/wp\/v2\/pages"}],"about":[{"href":"http:\/\/www.spsressources.ch\/wordpress\/index.php?rest_route=\/wp\/v2\/types\/page"}],"author":[{"embeddable":true,"href":"http:\/\/www.spsressources.ch\/wordpress\/index.php?rest_route=\/wp\/v2\/users\/3472"}],"replies":[{"embeddable":true,"href":"http:\/\/www.spsressources.ch\/wordpress\/index.php?rest_route=%2Fwp%2Fv2%2Fcomments&post=7295"}],"version-history":[{"count":7,"href":"http:\/\/www.spsressources.ch\/wordpress\/index.php?rest_route=\/wp\/v2\/pages\/7295\/revisions"}],"predecessor-version":[{"id":7300,"href":"http:\/\/www.spsressources.ch\/wordpress\/index.php?rest_route=\/wp\/v2\/pages\/7295\/revisions\/7300"}],"up":[{"embeddable":true,"href":"http:\/\/www.spsressources.ch\/wordpress\/index.php?rest_route=\/wp\/v2\/pages\/11176"}],"wp:attachment":[{"href":"http:\/\/www.spsressources.ch\/wordpress\/index.php?rest_route=%2Fwp%2Fv2%2Fmedia&parent=7295"}],"curies":[{"name":"wp","href":"https:\/\/api.w.org\/{rel}","templated":true}]}}