{"id":6609,"date":"2012-11-29T14:23:04","date_gmt":"2012-11-29T14:23:04","guid":{"rendered":"http:\/\/www.spsressources.ch\/wordpress\/?page_id=6609"},"modified":"2015-09-16T07:38:10","modified_gmt":"2015-09-16T07:38:10","slug":"larc-de-cercle","status":"publish","type":"page","link":"http:\/\/www.spsressources.ch\/wordpress\/?page_id=6609","title":{"rendered":"L&rsquo;arc de cercle"},"content":{"rendered":"<p>Les cartes supports pour r\u00e9aliser le\u00a0<strong>\u00a0calcul du p\u00e9rim\u00e8tre et de l&rsquo;aire de l&rsquo;arc de cercle<\/strong><\/p>\n<p>&nbsp;<\/p>\n<p>Ces cartes-supports de format A5 \u00a0accompagnent l\u2019enfant dans la\u00a0<strong>r\u00e9alisation de diff\u00e9rents probl\u00e8mes li\u00e9s aux calculs du p\u00e9rim\u00e8tres et de l&rsquo;aire de l&rsquo;arc de cercle\u00a0<\/strong>. Leur repr\u00e9sentation visuelle apporte \u00e0 une meilleure compr\u00e9hension. Elles ont \u00e9t\u00e9 cr\u00e9es pour accompagner un enfant souffrant de dyscalculie.\u00a0L&rsquo;enfant est guid\u00e9 dans la d\u00e9marche. Il \u00a0inscrit \u00a0les diff\u00e9rentes mesures \u00a0et r\u00e9alise les calculs plus facilement.<\/p>\n<p><span class=\"Apple-style-span\" style=\"color: #000000; font-family: Georgia, 'Times New Roman', 'Bitstream Charter', Times, serif; font-size: 12px; line-height: 18px;\"><img loading=\"lazy\" decoding=\"async\" class=\"alignnone size-medium wp-image-6610\" title=\"Image 32\" src=\"http:\/\/www.spsressources.ch\/wordpress\/wp-content\/uploads\/2012\/11\/Image-321-300x186.png\" alt=\"\" width=\"300\" height=\"186\" srcset=\"http:\/\/www.spsressources.ch\/wordpress\/wp-content\/uploads\/2012\/11\/Image-321-300x186.png 300w, http:\/\/www.spsressources.ch\/wordpress\/wp-content\/uploads\/2012\/11\/Image-321.png 935w\" sizes=\"auto, (max-width: 300px) 100vw, 300px\" \/><img loading=\"lazy\" decoding=\"async\" class=\"alignnone size-medium wp-image-6611\" title=\"Image 31\" src=\"http:\/\/www.spsressources.ch\/wordpress\/wp-content\/uploads\/2012\/11\/Image-311-300x160.png\" alt=\"\" width=\"300\" height=\"160\" srcset=\"http:\/\/www.spsressources.ch\/wordpress\/wp-content\/uploads\/2012\/11\/Image-311-300x160.png 300w, http:\/\/www.spsressources.ch\/wordpress\/wp-content\/uploads\/2012\/11\/Image-311-1024x547.png 1024w, http:\/\/www.spsressources.ch\/wordpress\/wp-content\/uploads\/2012\/11\/Image-311.png 1102w\" sizes=\"auto, (max-width: 300px) 100vw, 300px\" \/><\/span><\/p>\n<p>&nbsp;<\/p>\n<p>Ces cartes sont plastifi\u00e9es et permettent \u00e0 l\u2019enfant de s\u2019exercer en utilisant un stylo effa\u00e7able.<\/p>\n<p><a href=\"http:\/\/www.spsressources.ch\/wordpress\/wp-content\/uploads\/2012\/11\/calcul-de-langle-et-de-larc-de-cercle.pdf\">calcul du p\u00e9rim\u00e8tre et de l&rsquo;aire de l&rsquo;arc de cercle<\/a><\/p>\n<p><img loading=\"lazy\" decoding=\"async\" class=\"alignnone size-medium wp-image-6614\" title=\"Image 33\" src=\"http:\/\/www.spsressources.ch\/wordpress\/wp-content\/uploads\/2012\/11\/Image-331-210x300.png\" alt=\"\" width=\"210\" height=\"300\" srcset=\"http:\/\/www.spsressources.ch\/wordpress\/wp-content\/uploads\/2012\/11\/Image-331-210x300.png 210w, http:\/\/www.spsressources.ch\/wordpress\/wp-content\/uploads\/2012\/11\/Image-331.png 371w\" sizes=\"auto, (max-width: 210px) 100vw, 210px\" \/><\/p>\n<p><a href=\"http:\/\/pointecole.free.fr\/polices.html\">Cliquez ici pour t\u00e9l\u00e9charger les polices de carat\u00e8res Monsieur-Madame<\/a>\u00a0utiles \u00e0 l&rsquo;impression du document ci-dessus !<\/p>\n","protected":false},"excerpt":{"rendered":"<p>Les cartes supports pour r\u00e9aliser le\u00a0\u00a0calcul du p\u00e9rim\u00e8tre et de l&rsquo;aire de l&rsquo;arc de cercle &nbsp; Ces cartes-supports de format A5 \u00a0accompagnent l\u2019enfant dans la\u00a0r\u00e9alisation de diff\u00e9rents probl\u00e8mes li\u00e9s aux calculs du p\u00e9rim\u00e8tres et de l&rsquo;aire de l&rsquo;arc de cercle\u00a0. &hellip; <a href=\"http:\/\/www.spsressources.ch\/wordpress\/?page_id=6609\">Continuer la lecture <span class=\"meta-nav\">&rarr;<\/span><\/a><\/p>\n","protected":false},"author":3472,"featured_media":0,"parent":12844,"menu_order":0,"comment_status":"open","ping_status":"closed","template":"","meta":{"footnotes":""},"class_list":["post-6609","page","type-page","status-publish","hentry"],"_links":{"self":[{"href":"http:\/\/www.spsressources.ch\/wordpress\/index.php?rest_route=\/wp\/v2\/pages\/6609","targetHints":{"allow":["GET"]}}],"collection":[{"href":"http:\/\/www.spsressources.ch\/wordpress\/index.php?rest_route=\/wp\/v2\/pages"}],"about":[{"href":"http:\/\/www.spsressources.ch\/wordpress\/index.php?rest_route=\/wp\/v2\/types\/page"}],"author":[{"embeddable":true,"href":"http:\/\/www.spsressources.ch\/wordpress\/index.php?rest_route=\/wp\/v2\/users\/3472"}],"replies":[{"embeddable":true,"href":"http:\/\/www.spsressources.ch\/wordpress\/index.php?rest_route=%2Fwp%2Fv2%2Fcomments&post=6609"}],"version-history":[{"count":8,"href":"http:\/\/www.spsressources.ch\/wordpress\/index.php?rest_route=\/wp\/v2\/pages\/6609\/revisions"}],"predecessor-version":[{"id":6619,"href":"http:\/\/www.spsressources.ch\/wordpress\/index.php?rest_route=\/wp\/v2\/pages\/6609\/revisions\/6619"}],"up":[{"embeddable":true,"href":"http:\/\/www.spsressources.ch\/wordpress\/index.php?rest_route=\/wp\/v2\/pages\/12844"}],"wp:attachment":[{"href":"http:\/\/www.spsressources.ch\/wordpress\/index.php?rest_route=%2Fwp%2Fv2%2Fmedia&parent=6609"}],"curies":[{"name":"wp","href":"https:\/\/api.w.org\/{rel}","templated":true}]}}