{"id":657,"date":"2011-10-26T06:14:47","date_gmt":"2011-10-26T06:14:47","guid":{"rendered":"http:\/\/www.vallelian.net\/sps\/wordpress\/?page_id=657"},"modified":"2015-09-19T15:58:32","modified_gmt":"2015-09-19T15:58:32","slug":"motricite-fine-et-ecriture-2","status":"publish","type":"page","link":"http:\/\/www.spsressources.ch\/wordpress\/?page_id=657","title":{"rendered":"Motricit\u00e9 fine et \u00e9criture"},"content":{"rendered":"<p>Veuillez utiliser la navigation dans le menu afin de s\u00e9lectionner une page !<\/p>\n<p><span style=\"text-decoration: underline;\"><span style=\"color: #800080; text-decoration: underline;\"><a href=\"http:\/\/www.spsressources.ch\/wordpress\/?page_id=632\"><span style=\"color: #800080; text-decoration: underline;\">Le sous-main anti-d\u00e9rapant<\/span><\/a><\/span><\/span><\/p>\n<p><span style=\"text-decoration: underline;\"><span style=\"color: #800080; text-decoration: underline;\"><a href=\"http:\/\/www.spsressources.ch\/wordpress\/?page_id=695\"><span style=\"color: #800080; text-decoration: underline;\">Aide \u00e0 la tenue du crayon<\/span><\/a><\/span><\/span><\/p>\n<p><span style=\"text-decoration: underline;\"><span style=\"color: #800080; text-decoration: underline;\"><a href=\"http:\/\/www.spsressources.ch\/wordpress\/?page_id=9379\"><span style=\"color: #800080; text-decoration: underline;\">le crayon facilitant la tenue<\/span><\/a><\/span><\/span><\/p>\n<p><span style=\"text-decoration: underline;\"><span style=\"color: #800080; text-decoration: underline;\"><a href=\"http:\/\/www.spsressources.ch\/wordpress\/?page_id=1079\"><span style=\"color: #800080; text-decoration: underline;\">le cahier d&rsquo;\u00e9criture en script<\/span><\/a><\/span><\/span><\/p>\n<p>&nbsp;<\/p>\n<p>&nbsp;<\/p>\n","protected":false},"excerpt":{"rendered":"<p>Veuillez utiliser la navigation dans le menu afin de s\u00e9lectionner une page ! Le sous-main anti-d\u00e9rapant Aide \u00e0 la tenue du crayon le crayon facilitant la tenue le cahier d&rsquo;\u00e9criture en script &nbsp; &nbsp;<\/p>\n","protected":false},"author":3472,"featured_media":0,"parent":630,"menu_order":0,"comment_status":"open","ping_status":"closed","template":"","meta":{"footnotes":""},"class_list":["post-657","page","type-page","status-publish","hentry"],"_links":{"self":[{"href":"http:\/\/www.spsressources.ch\/wordpress\/index.php?rest_route=\/wp\/v2\/pages\/657","targetHints":{"allow":["GET"]}}],"collection":[{"href":"http:\/\/www.spsressources.ch\/wordpress\/index.php?rest_route=\/wp\/v2\/pages"}],"about":[{"href":"http:\/\/www.spsressources.ch\/wordpress\/index.php?rest_route=\/wp\/v2\/types\/page"}],"author":[{"embeddable":true,"href":"http:\/\/www.spsressources.ch\/wordpress\/index.php?rest_route=\/wp\/v2\/users\/3472"}],"replies":[{"embeddable":true,"href":"http:\/\/www.spsressources.ch\/wordpress\/index.php?rest_route=%2Fwp%2Fv2%2Fcomments&post=657"}],"version-history":[{"count":21,"href":"http:\/\/www.spsressources.ch\/wordpress\/index.php?rest_route=\/wp\/v2\/pages\/657\/revisions"}],"predecessor-version":[{"id":659,"href":"http:\/\/www.spsressources.ch\/wordpress\/index.php?rest_route=\/wp\/v2\/pages\/657\/revisions\/659"}],"up":[{"embeddable":true,"href":"http:\/\/www.spsressources.ch\/wordpress\/index.php?rest_route=\/wp\/v2\/pages\/630"}],"wp:attachment":[{"href":"http:\/\/www.spsressources.ch\/wordpress\/index.php?rest_route=%2Fwp%2Fv2%2Fmedia&parent=657"}],"curies":[{"name":"wp","href":"https:\/\/api.w.org\/{rel}","templated":true}]}}